{"id":829,"date":"2015-12-08T00:00:00","date_gmt":"2015-12-07T23:00:00","guid":{"rendered":"https:\/\/larose-beauty.at\/shop\/produkt\/bio-natural-cream-face-body-mit-olivenoel-und-vitamin-e-250-ml\/"},"modified":"2025-04-13T17:59:37","modified_gmt":"2025-04-13T15:59:37","slug":"bio-natural-cream-face-body-mit-olivenoel-und-vitamin-e-250-ml","status":"publish","type":"product","link":"https:\/\/larose-beauty.at\/shop\/produkt\/bio-natural-cream-face-body-mit-olivenoel-und-vitamin-e-250-ml\/","title":{"rendered":"BIO-NATURAL CREAM FACE &amp; BODY mit Oliven\u00f6l und Vitamin E-250 ml"},"content":{"rendered":"<p><audio class=\"audio-for-speech\"><\/audio><\/p>\n<div class=\"translate-tooltip-mtz translator-hidden\">\n<div class=\"header\">\n<div class=\"header-controls\">Translator<\/div>\n<div class=\"header-controls\"><\/div>\n<\/div>\n<div class=\"translated-text\">\n<div class=\"words\"><\/div>\n<div class=\"sentences\"><\/div>\n<\/div>\n<\/div>\n<p>&nbsp;<\/p>\n<p>Oliven\u00f6l wird aus der entferntesten Antike verwendet und beugt Schlaffheit der Haut vor, w\u00e4hrend es sie n\u00e4hrt und mit Feuchtigkeit versorgt. Es hat auch eine Anti-Aging-Wirkung. Vitamin E blockiert die Bildung freier Radikale. Es ist ein starkes Antioxidans, das zellul\u00e4re Oxidationsprozesse verhindert und Trockenheit und Schlaffheit beseitigt. Die Haut wird glatt, weich und elastisch.<br \/>\n250 ml<\/p>\n","protected":false},"excerpt":{"rendered":"<p><audio class=\"audio-for-speech\"><\/audio><\/p>\n<div class=\"translate-tooltip-mtz translator-hidden\">\n<div class=\"header\">\n<div class=\"header-controls\">Translator<\/div>\n<div class=\"header-controls\"><\/div>\n<\/div>\n<div class=\"translated-text\">\n<div class=\"words\"><\/div>\n<div class=\"sentences\"><\/div>\n<\/div>\n<\/div>\n<p>&nbsp;<\/p>\n<p>Hergestellt aus Oliven\u00f6l und Vitamin E. Es beugt Schlaffheit vor, pflegt und spendet intensiv Feuchtigkeit. Es hat antioxidative Eigenschaften.250 ml<\/p>\n","protected":false},"featured_media":3091,"comment_status":"open","ping_status":"closed","template":"","meta":{"_monsterinsights_skip_tracking":false,"_monsterinsights_sitenote_active":false,"_monsterinsights_sitenote_note":"","_monsterinsights_sitenote_category":0,"_uf_show_specific_survey":0,"_uf_disable_surveys":false},"pwb-brand":[234],"product_brand":[],"product_cat":[45,144,145],"product_tag":[],"class_list":{"0":"post-829","1":"product","2":"type-product","3":"status-publish","4":"has-post-thumbnail","6":"pwb-brand-biofresh","7":"product_cat-angebote-sailausverkaufmuttertaggeschenke","8":"product_cat-gesicht","9":"product_cat-koerper","10":"product_shipping_class-standard","12":"first","13":"instock","14":"sale","15":"taxable","16":"shipping-taxable","17":"purchasable","18":"product-type-simple"},"aioseo_notices":[],"jetpack_sharing_enabled":true,"brands":[{"id":234,"name":"Biofresh","slug":"biofresh"}],"_links":{"self":[{"href":"https:\/\/larose-beauty.at\/shop\/wp-json\/wp\/v2\/product\/829","targetHints":{"allow":["GET"]}}],"collection":[{"href":"https:\/\/larose-beauty.at\/shop\/wp-json\/wp\/v2\/product"}],"about":[{"href":"https:\/\/larose-beauty.at\/shop\/wp-json\/wp\/v2\/types\/product"}],"replies":[{"embeddable":true,"href":"https:\/\/larose-beauty.at\/shop\/wp-json\/wp\/v2\/comments?post=829"}],"wp:featuredmedia":[{"embeddable":true,"href":"https:\/\/larose-beauty.at\/shop\/wp-json\/wp\/v2\/media\/3091"}],"wp:attachment":[{"href":"https:\/\/larose-beauty.at\/shop\/wp-json\/wp\/v2\/media?parent=829"}],"wp:term":[{"taxonomy":"pwb-brand","embeddable":true,"href":"https:\/\/larose-beauty.at\/shop\/wp-json\/wp\/v2\/pwb-brand?post=829"},{"taxonomy":"product_brand","embeddable":true,"href":"https:\/\/larose-beauty.at\/shop\/wp-json\/wp\/v2\/product_brand?post=829"},{"taxonomy":"product_cat","embeddable":true,"href":"https:\/\/larose-beauty.at\/shop\/wp-json\/wp\/v2\/product_cat?post=829"},{"taxonomy":"product_tag","embeddable":true,"href":"https:\/\/larose-beauty.at\/shop\/wp-json\/wp\/v2\/product_tag?post=829"}],"curies":[{"name":"wp","href":"https:\/\/api.w.org\/{rel}","templated":true}]}}