{"id":828,"date":"2015-12-08T00:00:00","date_gmt":"2015-12-07T23:00:00","guid":{"rendered":"https:\/\/larose-beauty.at\/shop\/produkt\/bio-natural-cream-face-body-mit-mandeloel-und-q10-250-ml\/"},"modified":"2026-01-23T10:42:05","modified_gmt":"2026-01-23T09:42:05","slug":"bio-natural-cream-face-body-mit-mandeloel-und-q10-250-ml","status":"publish","type":"product","link":"https:\/\/larose-beauty.at\/shop\/produkt\/bio-natural-cream-face-body-mit-mandeloel-und-q10-250-ml\/","title":{"rendered":"BIO-NATURAL CREAM FACE &amp; BODY mit Mandel\u00f6l und Q10-250 ml"},"content":{"rendered":"<p><audio class=\"audio-for-speech\"><\/audio><\/p>\n<div class=\"translate-tooltip-mtz translator-hidden\">\n<div class=\"header\">\n<div class=\"header-controls\">Translator<\/div>\n<div class=\"header-controls\"><\/div>\n<\/div>\n<div class=\"translated-text\">\n<div class=\"words\"><\/div>\n<div class=\"sentences\"><\/div>\n<\/div>\n<\/div>\n<p>&nbsp;<\/p>\n<p class=\"MsoNormal\" style=\"margin: 0cm 0cm 10pt;\"><span style=\"font-family: Times New Roman;\"><span class=\"hps\">BIO NATURAL CREAM FACE &amp; BODY mit Mandel\u00f6l und Q10 250 ml- f\u00fcr Gesicht und K\u00f6rper<br \/>\nCoenzym Q10<\/span> <span class=\"hps\">stimuliert die lebenswichtigen Funktionen<\/span> <span class=\"hps\">der Hautzellen<\/span>. <span class=\"hps\">Coenzym<\/span> Q<span class=\"hps\">10 verbessert die<\/span> <span class=\"hps\">Hautelastizit\u00e4t<\/span>, <span class=\"hps\">reduziert sichtbar<\/span> <span class=\"hps\">tiefe Falten,<\/span> <span class=\"hps\">sch\u00fctzt die Haut vor<\/span> <span class=\"hps\">sch\u00e4dlichen Umwelteinfl\u00fcssen<\/span> und beugt von <span class=\"hps\">vorzeitiger Hautalterung<\/span>. <span style=\"mso-bidi-font-family: 'Times New Roman';\">Mandel\u00f6l ist ein nat\u00fcrlicher Wirkstoff\u00a0 in der Naturkosmetik. Eignet sich f\u00fcr alle Hauttypen, auch empfindliche und wirkt entz\u00fcndungshemmend. Eine wirksame Waffe und zudem sch\u00fctzt und repariert es die Haut. Die Haut wird glatt und elastisch.<\/span><\/span><\/p>\n","protected":false},"excerpt":{"rendered":"<p><audio class=\"audio-for-speech\"><\/audio><\/p>\n<div class=\"translate-tooltip-mtz translator-hidden\">\n<div class=\"header\">\n<div class=\"header-controls\">Translator<\/div>\n<div class=\"header-controls\"><\/div>\n<\/div>\n<div class=\"translated-text\">\n<div class=\"words\"><\/div>\n<div class=\"sentences\"><\/div>\n<\/div>\n<\/div>\n<p>&nbsp;<\/p>\n<p>Coenzym Q10 <span class=\"hps\">stimuliert die lebenswichtigen Funktionen<\/span> <span class=\"hps\">der Hautzellen<\/span>. <span class=\"hps\">Coenzym<\/span> Q<span class=\"hps\">10 verbessert die<\/span> <span class=\"hps\">Hautelastizit\u00e4t<\/span>, <span class=\"hps\">reduziert sichtbar<\/span> <span class=\"hps\">tiefe Falten,<\/span> <span class=\"hps\">sch\u00fctzt die Haut vor<\/span> <span class=\"hps\">sch\u00e4dlichen Umwelteinfl\u00fcssen<\/span> und beugt von <span class=\"hps\">vorzeitiger Hautalterung<\/span>. Mandel\u00f6l ist ein nat\u00fcrlicher Wirkstoff\u00a0 in der Naturkosmetik. Eignet sich f\u00fcr alle Hauttypen, auch empfindliche und wirkt entz\u00fcndungshemmend. Eine wirksame Waffe und zudem sch\u00fctzt und repariert es die Haut. Die Haut wird glatt und elastisch.<\/p>\n","protected":false},"featured_media":3090,"comment_status":"open","ping_status":"closed","template":"","meta":{"_monsterinsights_skip_tracking":false,"_monsterinsights_sitenote_active":false,"_monsterinsights_sitenote_note":"","_monsterinsights_sitenote_category":0,"_uf_show_specific_survey":0,"_uf_disable_surveys":false},"pwb-brand":[234],"product_brand":[],"product_cat":[45,144,145],"product_tag":[],"class_list":{"0":"post-828","1":"product","2":"type-product","3":"status-publish","4":"has-post-thumbnail","6":"pwb-brand-biofresh","7":"product_cat-angebote-sailausverkaufmuttertaggeschenke","8":"product_cat-gesicht","9":"product_cat-koerper","10":"product_shipping_class-standard","12":"first","13":"instock","14":"sale","15":"taxable","16":"shipping-taxable","17":"purchasable","18":"product-type-simple"},"aioseo_notices":[],"jetpack_sharing_enabled":true,"brands":[{"id":234,"name":"Biofresh","slug":"biofresh"}],"_links":{"self":[{"href":"https:\/\/larose-beauty.at\/shop\/wp-json\/wp\/v2\/product\/828","targetHints":{"allow":["GET"]}}],"collection":[{"href":"https:\/\/larose-beauty.at\/shop\/wp-json\/wp\/v2\/product"}],"about":[{"href":"https:\/\/larose-beauty.at\/shop\/wp-json\/wp\/v2\/types\/product"}],"replies":[{"embeddable":true,"href":"https:\/\/larose-beauty.at\/shop\/wp-json\/wp\/v2\/comments?post=828"}],"wp:featuredmedia":[{"embeddable":true,"href":"https:\/\/larose-beauty.at\/shop\/wp-json\/wp\/v2\/media\/3090"}],"wp:attachment":[{"href":"https:\/\/larose-beauty.at\/shop\/wp-json\/wp\/v2\/media?parent=828"}],"wp:term":[{"taxonomy":"pwb-brand","embeddable":true,"href":"https:\/\/larose-beauty.at\/shop\/wp-json\/wp\/v2\/pwb-brand?post=828"},{"taxonomy":"product_brand","embeddable":true,"href":"https:\/\/larose-beauty.at\/shop\/wp-json\/wp\/v2\/product_brand?post=828"},{"taxonomy":"product_cat","embeddable":true,"href":"https:\/\/larose-beauty.at\/shop\/wp-json\/wp\/v2\/product_cat?post=828"},{"taxonomy":"product_tag","embeddable":true,"href":"https:\/\/larose-beauty.at\/shop\/wp-json\/wp\/v2\/product_tag?post=828"}],"curies":[{"name":"wp","href":"https:\/\/api.w.org\/{rel}","templated":true}]}}