{"id":787,"date":"2015-11-21T00:00:00","date_gmt":"2015-11-20T23:00:00","guid":{"rendered":"https:\/\/larose-beauty.at\/shop\/produkt\/anti-age-nachtcreme-retinolq10vitamin-c\/"},"modified":"2026-01-13T23:49:52","modified_gmt":"2026-01-13T22:49:52","slug":"anti-age-nachtcreme-retinolq10vitamin-c","status":"publish","type":"product","link":"https:\/\/larose-beauty.at\/shop\/produkt\/anti-age-nachtcreme-retinolq10vitamin-c\/","title":{"rendered":"ANTI-AGE Nachtcreme RETINOL+Q10+VITAMIN C"},"content":{"rendered":"<p>Die <strong data-end=\"305\" data-start=\"265\">Natural Rose Night Cream Retinol Q10<\/strong> ist eine hochwirksame Nachtpflege, die sich auf die Hautregeneration konzentriert und Anzeichen von Hautalterung sowie M\u00fcdigkeit bek\u00e4mpft. Die Kombination aus effektiven Inhaltsstoffen verleiht der Formel gl\u00e4ttende und reparierende Eigenschaften. N\u00e4hrend und tiefenwirksam hydratisiert, ist deine Haut bereit f\u00fcr die Herausforderungen des n\u00e4chsten Tages.<\/p>\n<h3 style=\"margin-top: 16px; margin-bottom: 16px;\" data-end=\"692\" data-start=\"662\"><span style=\"font-size: large;\">\ud83c\udf3f Inhaltsstoffe &amp; Wirkung<\/span><\/h3>\n<ul>\n<li><span style=\"font-size: 12pt;\"><span style=\"color: #000000;\"><span style=\"font-family: 'Times New Roman','serif';\"><span style=\"font-style: normal;\"><span style=\"font-weight: normal;\"><span style=\"tab-stops: list 36.0pt;\"><strong data-end=\"726\" data-start=\"696\">Rosenwasser &amp; Rosenextrakt<\/strong>: Reich an Bioflavonoiden und \u00e4therischen \u00d6len, wirken sie antiseptisch, entz\u00fcndungshemmend und beruhigend auf die Haut.<\/span><\/span><\/span><\/span><\/span><\/span><\/li>\n<li><span style=\"font-size: 12pt;\"><span style=\"color: #000000;\"><span style=\"font-family: 'Times New Roman','serif';\"><span style=\"font-style: normal;\"><span style=\"font-weight: normal;\"><span style=\"tab-stops: list 36.0pt;\"><strong data-end=\"872\" data-start=\"849\">Retinol (Vitamin A)<\/strong>: Beschleunigt die Kollagensynthese und bek\u00e4mpft nahezu alle Hautunregelm\u00e4\u00dfigkeiten.<\/span><\/span><\/span><\/span><\/span><\/span><\/li>\n<li><span style=\"font-size: 12pt;\"><span style=\"color: #000000;\"><span style=\"font-family: 'Times New Roman','serif';\"><span style=\"font-style: normal;\"><span style=\"font-weight: normal;\"><span style=\"tab-stops: list 36.0pt;\"><strong data-end=\"974\" data-start=\"959\">Coenzym Q10<\/strong>: Ein nat\u00fcrlicher Energiespender f\u00fcr die Hautzellen, der freie Radikale bek\u00e4mpft.<\/span><\/span><\/span><\/span><\/span><\/span><\/li>\n<li><span style=\"font-size: 12pt;\"><span style=\"color: #000000;\"><span style=\"font-family: 'Times New Roman','serif';\"><span style=\"font-style: normal;\"><span style=\"font-weight: normal;\"><span style=\"tab-stops: list 36.0pt;\"><strong data-end=\"1071\" data-start=\"1058\">Vitamin C<\/strong>: Bekannt f\u00fcr seine straffende, aufhellende und gl\u00e4ttende Wirkung sowie seine F\u00e4higkeit, die Mikrozirkulation zu stimulieren und Probleme wie Schwellungen und dunkle Ringe zu minimieren.<\/span><\/span><\/span><\/span><\/span><\/span><\/li>\n<li><span style=\"font-size: 12pt;\"><span style=\"color: #000000;\"><span style=\"font-family: 'Times New Roman','serif';\"><span style=\"font-style: normal;\"><span style=\"font-weight: normal;\"><span style=\"tab-stops: list 36.0pt;\"><strong data-end=\"1275\" data-start=\"1260\">Aprikosen\u00f6l<\/strong>: Eine reichhaltige Quelle von Omega-6- und Omega-9-Fetts\u00e4uren.<\/span><\/span><\/span><\/span><\/span><\/span><\/li>\n<\/ul>\n<h3 style=\"margin-top: 16px; margin-bottom: 16px;\" data-end=\"1354\" data-start=\"1340\"><span style=\"font-size: large;\">\u2728 Vorteile<\/span><\/h3>\n<ul>\n<li><span style=\"font-size: 12pt;\"><span style=\"color: #000000;\"><span style=\"font-family: 'Times New Roman','serif';\"><span style=\"font-style: normal;\"><span style=\"font-weight: normal;\"><span style=\"tab-stops: list 36.0pt;\">Reduziert sichtbar Falten und feine Linien.<\/span><\/span><\/span><\/span><\/span><\/span><\/li>\n<li><span style=\"font-size: 12pt;\"><span style=\"color: #000000;\"><span style=\"font-family: 'Times New Roman','serif';\"><span style=\"font-style: normal;\"><span style=\"font-weight: normal;\"><span style=\"tab-stops: list 36.0pt;\">Verbessert die Hautelastizit\u00e4t und -dichte.<\/span><\/span><\/span><\/span><\/span><\/span><\/li>\n<li><span style=\"font-size: 12pt;\"><span style=\"color: #000000;\"><span style=\"font-family: 'Times New Roman','serif';\"><span style=\"font-style: normal;\"><span style=\"font-weight: normal;\"><span style=\"tab-stops: list 36.0pt;\">Spendet intensive Feuchtigkeit und sch\u00fctzt vor \u00e4u\u00dferen Einfl\u00fcssen.<\/span><\/span><\/span><\/span><\/span><\/span><\/li>\n<li><span style=\"font-size: 12pt;\"><span style=\"color: #000000;\"><span style=\"font-family: 'Times New Roman','serif';\"><span style=\"font-style: normal;\"><span style=\"font-weight: normal;\"><span style=\"tab-stops: list 36.0pt;\">Verleiht der Haut ein frisches, jugendliches Aussehen.<\/span><\/span><\/span><\/span><\/span><\/span><\/li>\n<li><span style=\"font-size: 12pt;\"><span style=\"color: #000000;\"><span style=\"font-family: 'Times New Roman','serif';\"><span style=\"font-style: normal;\"><span style=\"font-weight: normal;\"><span style=\"tab-stops: list 36.0pt;\">Ideal als Make-up-Unterlage geeignet.<\/span><\/span><\/span><\/span><\/span><\/span><\/li>\n<\/ul>\n<h3 style=\"margin-top: 16px; margin-bottom: 16px;\" data-end=\"1631\" data-start=\"1615\"><span style=\"font-size: large;\">\u00a0Anwendung<\/span><\/h3>\n<p data-end=\"1818\" data-start=\"1633\">Trage die Creme abends auf die gereinigte Haut von Gesicht, Hals und Dekollet\u00e9 auf. Sanft einmassieren, bis sie vollst\u00e4ndig eingezogen ist. F\u00fcr optimale Ergebnisse regelm\u00e4\u00dfig verwenden.<\/p>\n","protected":false},"excerpt":{"rendered":"<p style=\"margin: 0cm 0cm 10pt;\"><span style=\"line-height: 115%; font-size: 12pt;\">Reichhaltige Nachtcreme, die Falten reduziert, die Haut regeneriert und intensiv mit Feuchtigkeit versorgt. Mit Retinol, Coenzym Q10, Vitamin C, Rosenwasser und Aprikosen\u00f6l f\u00fcr ein glattes, straffes Hautbild.<\/span><\/p>\n","protected":false},"featured_media":3486,"comment_status":"open","ping_status":"closed","template":"","meta":{"_monsterinsights_skip_tracking":false,"_monsterinsights_sitenote_active":false,"_monsterinsights_sitenote_note":"","_monsterinsights_sitenote_category":0,"_uf_show_specific_survey":0,"_uf_disable_surveys":false},"pwb-brand":[236],"product_brand":[],"product_cat":[225,152,430],"product_tag":[],"class_list":{"0":"post-787","1":"product","2":"type-product","3":"status-publish","4":"has-post-thumbnail","6":"pwb-brand-arsy-cosmetics","7":"product_cat-rosencremerosenkosmetikbio-rosenkosmetikrosenoel-kosmetiknaturkosmetiknachtcremeanti-age-creme","8":"product_cat-natural-rose-retinolq10-c","9":"product_cat-natural-rose-retinolq10-c-2","10":"product_shipping_class-standard","12":"first","13":"instock","14":"taxable","15":"shipping-taxable","16":"purchasable","17":"product-type-simple"},"aioseo_notices":[],"jetpack_sharing_enabled":true,"brands":[{"id":236,"name":"ARSY Cosmetics","slug":"arsy-cosmetics"}],"_links":{"self":[{"href":"https:\/\/larose-beauty.at\/shop\/wp-json\/wp\/v2\/product\/787","targetHints":{"allow":["GET"]}}],"collection":[{"href":"https:\/\/larose-beauty.at\/shop\/wp-json\/wp\/v2\/product"}],"about":[{"href":"https:\/\/larose-beauty.at\/shop\/wp-json\/wp\/v2\/types\/product"}],"replies":[{"embeddable":true,"href":"https:\/\/larose-beauty.at\/shop\/wp-json\/wp\/v2\/comments?post=787"}],"wp:featuredmedia":[{"embeddable":true,"href":"https:\/\/larose-beauty.at\/shop\/wp-json\/wp\/v2\/media\/3486"}],"wp:attachment":[{"href":"https:\/\/larose-beauty.at\/shop\/wp-json\/wp\/v2\/media?parent=787"}],"wp:term":[{"taxonomy":"pwb-brand","embeddable":true,"href":"https:\/\/larose-beauty.at\/shop\/wp-json\/wp\/v2\/pwb-brand?post=787"},{"taxonomy":"product_brand","embeddable":true,"href":"https:\/\/larose-beauty.at\/shop\/wp-json\/wp\/v2\/product_brand?post=787"},{"taxonomy":"product_cat","embeddable":true,"href":"https:\/\/larose-beauty.at\/shop\/wp-json\/wp\/v2\/product_cat?post=787"},{"taxonomy":"product_tag","embeddable":true,"href":"https:\/\/larose-beauty.at\/shop\/wp-json\/wp\/v2\/product_tag?post=787"}],"curies":[{"name":"wp","href":"https:\/\/api.w.org\/{rel}","templated":true}]}}