{"id":656,"date":"2014-05-21T00:00:00","date_gmt":"2014-05-20T22:00:00","guid":{"rendered":"https:\/\/larose-beauty.at\/shop\/produkt\/lifting-night-care-rosenoel-bio-arganoel-50-ml\/"},"modified":"2026-01-14T00:08:57","modified_gmt":"2026-01-13T23:08:57","slug":"lifting-night-care-rosenoel-bio-arganoel-50-ml","status":"publish","type":"product","link":"https:\/\/larose-beauty.at\/shop\/produkt\/lifting-night-care-rosenoel-bio-arganoel-50-ml\/","title":{"rendered":"Lifting Night Care Rosen\u00f6l &amp; Bio Argan\u00f6l 50 ml"},"content":{"rendered":"<p class=\"MsoNormal\" style=\"margin: 0cm 0cm 10pt;\"><b style=\"mso-bidi-font-weight: normal;\"><span style=\"font-size: 12pt; font-family: 'Times New Roman','serif'; line-height: 115%;\">Natural ROSE <\/span><\/b><b style=\"mso-bidi-font-weight: normal;\"><span lang=\"DE\" style=\"font-size: 12pt; font-family: 'Times New Roman','serif'; line-height: 115%; mso-ansi-language: DE;\">LIFTING Nachtcreme ROSEN\u00d6L &amp; BIO ARGAN\u00d6L<!--?xml:namespace prefix=\"o\" ns=\"urn:schemas-microsoft-com:office:office\" ?--><\/span><\/b><\/p>\n<p class=\"MsoNormal\" style=\"margin: 0cm 0cm 10pt;\"><span lang=\"DE\" style=\"font-size: 12pt; font-family: 'Times New Roman','serif'; line-height: 115%; mso-ansi-language: DE;\">Die regenerierende<span style=\"mso-spacerun: yes;\">\u00a0 <\/span>Lifting-Therapie, adaptier zur n\u00e4chtlichen Aktivit\u00e4t der Haut. Nachts nimmt die Haut die Pflege am besten auf. Aktiver Konzentrat aus echtem nat\u00fcrliche Rosen\u00f6l (<i style=\"mso-bidi-font-style: normal;\">Rosa Damascena Oil<\/i>) und <i style=\"mso-bidi-font-style: normal;\">Bio Argan\u00f6l<\/i> (ECOSERT), die in idealem Synchron die Merkmale der Hautalterung ank\u00e4mpfen, indem sie Nacht f\u00fcr Nacht die Haut hydratieren und pflegen. Beim Aufwachen wird Ihre kr\u00e4ftig und aktiv regenerierte Haut geschmeidig, glatt und weich die Vitalit\u00e4t und Glanz neu entdecken!<\/span><\/p>\n<p class=\"MsoNormal\" style=\"margin: 0cm 0cm 10pt;\"><b style=\"mso-bidi-font-weight: normal;\"><span lang=\"DE\" style=\"font-size: 12pt; font-family: 'Times New Roman','serif'; line-height: 115%; mso-ansi-language: DE;\">Anwendung:<\/span><\/b><span lang=\"DE\" style=\"font-size: 12pt; font-family: 'Times New Roman','serif'; line-height: 115%; mso-ansi-language: DE;\"> Mit leichten Bewegungen auf die gut gereinigte Haut auftragen und voll einziehen lassen!<\/span><\/p>\n<p class=\"MsoNormal\" style=\"margin: 0cm 0cm 10pt;\"><i style=\"mso-bidi-font-style: normal;\"><span lang=\"DE\" style=\"font-size: 12pt; font-family: 'Times New Roman','serif'; line-height: 115%; mso-ansi-language: DE;\">ohne Konservierungsstoffe, <\/span><\/i><\/p>\n<p class=\"MsoNormal\" style=\"margin: 0cm 0cm 10pt;\"><i style=\"mso-bidi-font-style: normal;\"><span lang=\"DE\" style=\"font-size: 12pt; font-family: 'Times New Roman','serif'; line-height: 115%; mso-ansi-language: DE;\">ohne Parabene<\/span><\/i><\/p>\n<p class=\"MsoNormal\" style=\"margin: 0cm 0cm 10pt;\"><b style=\"mso-bidi-font-weight: normal;\"><span style=\"font-size: 12pt; font-family: 'Times New Roman','serif'; line-height: 115%;\">INCI:<\/span><\/b><span style=\"font-size: 12pt; font-family: 'Times New Roman','serif'; line-height: 115%;\"> AQUA,PARAFINUM LIQUIDUM,CETEARYL ALCOHOL, GLYCERYL STEARATE, CETEARETH-20, CETEARETH-12, CETYL PALMITATE, ISOPROPYL MIRISTAT, CAPRYLIC\/CAPRIC TRIGLYCERIDE, GLYCERIN, ISOPROPYL MIRISTAT, PEG 30 LANOLIN,DIMETHICONE, ARGANIA SPINOSA KERNEL OIL, ROSA DAMASCENA FLOWER EXTRACT,BUTYROSPERUM PARKII BUTTER, PRUNUS ARMENIACA KERNEL OIL,ISODECYL NEOPENTANOATE,PHENETHYL ALCOHOL, CAPRYLYL GLYCOL, TRIDECETH-8,PARFUM, TRIETHANOLAMINE,ACRYLATES\/C10-30 ALKYL ACRYLATE CROSSPLYMER, ROSA DAMASCENA FLOWER OIL, RETINYL PALMITATE, TETRASODIUM EDTA, BHT, HYDROXYCITRONELLAL, BENZYL SALICYLATE, COUMARIN,GERANIOL,HYDROXYISOHEXYL 3-CYCLOHEXENE CARBOXALDEHYDE,LINALOOL,HEXYL CINNAMAL, ALPHA-ISOMETHYL IONONE<\/span><\/p>\n","protected":false},"excerpt":{"rendered":"<p class=\"MsoNormal\" style=\"margin: 0cm 0cm 10pt;\"><span lang=\"DE\" style=\"font-size: 12pt; font-family: 'Times New Roman','serif'; line-height: 115%;\">Die regenerierende\u00a0 Lifting-Therapie, adaptier zur n\u00e4chtlichen Aktivit\u00e4t der Haut. Nachts nimmt die Haut die Pflege am besten auf. Aktiver Konzentrat aus echtem nat\u00fcrliche Rosen\u00f6l (<i>Rosa Damascena Oil<\/i>) und <i>Bio Argan\u00f6l<\/i> (ECOSERT), die in idealem Synchron die Merkmale der Hautalterung ank\u00e4mpfen, indem sie Nacht f\u00fcr Nacht die Haut hydratieren und pflegen. Beim Aufwachen wird Ihre kr\u00e4ftig und aktiv regenerierte Haut geschmeidig, glatt und weich die Vitalit\u00e4t und Glanz neu entdecken! <\/span><i><span lang=\"DE\" style=\"font-size: 12pt; font-family: 'Times New Roman','serif'; line-height: 115%;\">ohne Konservierungsstoffe, <\/span><\/i><i><span lang=\"DE\" style=\"font-size: 12pt; font-family: 'Times New Roman','serif'; line-height: 115%;\">ohne Parabene<\/span><\/i><\/p>\n","protected":false},"featured_media":3360,"comment_status":"open","ping_status":"closed","template":"","meta":{"_monsterinsights_skip_tracking":false,"_monsterinsights_sitenote_active":false,"_monsterinsights_sitenote_note":"","_monsterinsights_sitenote_category":0,"_uf_show_specific_survey":0,"_uf_disable_surveys":false},"pwb-brand":[236],"product_brand":[],"product_cat":[225,77,429],"product_tag":[],"class_list":{"0":"post-656","1":"product","2":"type-product","3":"status-publish","4":"has-post-thumbnail","6":"pwb-brand-arsy-cosmetics","7":"product_cat-rosencremerosenkosmetikbio-rosenkosmetikrosenoel-kosmetiknaturkosmetiknachtcremeanti-age-creme","8":"product_cat-rosenoel-bio-arganoel-pflege-mit-rosenoel","9":"product_cat-rosenoel-bio-arganoel","10":"product_shipping_class-standard","12":"first","13":"instock","14":"taxable","15":"shipping-taxable","16":"purchasable","17":"product-type-simple"},"aioseo_notices":[],"jetpack_sharing_enabled":true,"brands":[{"id":236,"name":"ARSY Cosmetics","slug":"arsy-cosmetics"}],"_links":{"self":[{"href":"https:\/\/larose-beauty.at\/shop\/wp-json\/wp\/v2\/product\/656","targetHints":{"allow":["GET"]}}],"collection":[{"href":"https:\/\/larose-beauty.at\/shop\/wp-json\/wp\/v2\/product"}],"about":[{"href":"https:\/\/larose-beauty.at\/shop\/wp-json\/wp\/v2\/types\/product"}],"replies":[{"embeddable":true,"href":"https:\/\/larose-beauty.at\/shop\/wp-json\/wp\/v2\/comments?post=656"}],"wp:featuredmedia":[{"embeddable":true,"href":"https:\/\/larose-beauty.at\/shop\/wp-json\/wp\/v2\/media\/3360"}],"wp:attachment":[{"href":"https:\/\/larose-beauty.at\/shop\/wp-json\/wp\/v2\/media?parent=656"}],"wp:term":[{"taxonomy":"pwb-brand","embeddable":true,"href":"https:\/\/larose-beauty.at\/shop\/wp-json\/wp\/v2\/pwb-brand?post=656"},{"taxonomy":"product_brand","embeddable":true,"href":"https:\/\/larose-beauty.at\/shop\/wp-json\/wp\/v2\/product_brand?post=656"},{"taxonomy":"product_cat","embeddable":true,"href":"https:\/\/larose-beauty.at\/shop\/wp-json\/wp\/v2\/product_cat?post=656"},{"taxonomy":"product_tag","embeddable":true,"href":"https:\/\/larose-beauty.at\/shop\/wp-json\/wp\/v2\/product_tag?post=656"}],"curies":[{"name":"wp","href":"https:\/\/api.w.org\/{rel}","templated":true}]}}