{"id":653,"date":"2014-05-21T00:00:00","date_gmt":"2014-05-20T22:00:00","guid":{"rendered":"https:\/\/larose-beauty.at\/shop\/produkt\/anti-age-oel-complex-6-bio-arganoel-15-ml\/"},"modified":"2026-01-13T23:57:21","modified_gmt":"2026-01-13T22:57:21","slug":"anti-age-oel-complex-6-bio-arganoel-15-ml","status":"publish","type":"product","link":"https:\/\/larose-beauty.at\/shop\/produkt\/anti-age-oel-complex-6-bio-arganoel-15-ml\/","title":{"rendered":"Anti-Age \u00d6L COMPLEX 6  Bio Argan\u00f6l 15 ml"},"content":{"rendered":"<p class=\"MsoNormal\" style=\"margin: 0cm 0cm 10pt;\"><b style=\"mso-bidi-font-weight: normal;\"><span style=\"line-height: 115%; font-family: 'Times New Roman','serif'; font-size: 12pt;\">Natural ROSE <\/span><\/b><b style=\"mso-bidi-font-weight: normal;\"><span lang=\"DE\" style=\"line-height: 115%; font-family: 'Times New Roman','serif'; font-size: 12pt; mso-ansi-language: DE;\">ANTI-AGE \u00d6l Complex\u00a06 mit BIO ARGAN\u00d6L<\/span><\/b><\/p>\n<p><span lang=\"DE\" style=\"line-height: 115%; font-family: 'Times New Roman','serif'; font-size: 12pt; mso-ansi-language: DE;\">Das extra reichhaltige Elixier aus f\u00fcnf kostbaren 100 % <span style=\"mso-spacerun: yes;\">\u00a0<\/span>reinen und kontrolliert biologischen Pflanzen\u00f6len \/ Bio Argan-\u00d6l, Traubenkern\u00f6l, Haselnuss\u00f6l, s\u00fc\u00df Mandel\u00f6l und Aprikosen\u00f6l\/ <!--?xml:namespace prefix=\"o\" ns=\"urn:schemas-microsoft-com:office:office\" \/--><\/span><\/p>\n<p class=\"MsoNormal\" style=\"margin: 0cm 0cm 10pt;\"><span lang=\"DE\" style=\"line-height: 115%; font-family: 'Times New Roman','serif'; font-size: 12pt; mso-ansi-language: DE;\">ANTI-AGE \u00d6l Komplex\u00a06 pflegt intensiv, erh\u00f6ht die nat\u00fcrliche Elastizit\u00e4t und Geschmeidigkeit der Haut und f\u00f6rdert die hauteigene Kollagenproduktion. Versorgt besonders trockene, sensible und Reife Haut mit einer Extraportion vitalstoffreicher, N\u00e4hrstoffe und Antioxidantien und hinterl\u00e4sst sie sp\u00fcrbar gesch\u00fctzt und gegl\u00e4ttet. <\/span><\/p>\n<p class=\"MsoNormal\" style=\"margin: 0cm 0cm 10pt;\"><span lang=\"DE\" style=\"line-height: 115%; font-family: 'Times New Roman','serif'; font-size: 12pt; mso-ansi-language: DE;\"><span style=\"mso-spacerun: yes;\">\u00a0<\/span>\u00d6le aus s\u00fc\u00dfen Mandeln und Haselnuss bieten Weichheit und Geschmeidigkeit der Haut, Bio Argan -\u00d6l pflegt, belebt und regeneriert die Haut, Traubenkern\u00f6l hat Anti-oxidative, weichmachende und sch\u00fctzende Wirkung. Aprikosen\u00f6l f\u00fchlt die Falten auf. <span style=\"mso-spacerun: yes;\">\u00a0<\/span><\/span><\/p>\n<p class=\"MsoNormal\" style=\"margin: 0cm 0cm 10pt;\"><span lang=\"DE\" style=\"line-height: 115%; font-family: 'Times New Roman','serif'; font-size: 12pt; mso-ansi-language: DE;\">Das zugef\u00fcgte Rosen\u00f6l -Extrakt verleiht Ihnen purer und einzigartiger Luxus!<\/span><\/p>\n<p><b style=\"mso-bidi-font-weight: normal;\">Anwendung:<\/b> Anti-Age \u00d6l Komplex\u00a06 pur oder tropfenweise auf das noch feuchte Gesichtshaut, sanft einmassieren. F\u00fcr die besten Ergebnisse t\u00e4glich in Kombination mit der Tag-und Nacht Pflege Rosa Damascena Oil &amp; Bio -Argan\u00f6l !<\/p>\n<p class=\"MsoNormal\" style=\"margin: 0cm 0cm 10pt;\"><span lang=\"DE\" style=\"line-height: 115%; font-family: 'Times New Roman','serif'; font-size: 12pt; mso-ansi-language: DE;\">15ml<\/span><\/p>\n<p class=\"MsoNormal\" style=\"margin: 0cm 0cm 10pt;\"><b style=\"mso-bidi-font-weight: normal;\"><span lang=\"DE\" style=\"line-height: 115%; font-family: 'Times New Roman','serif'; font-size: 12pt; mso-ansi-language: DE;\">INCI:<\/span><\/b><span lang=\"DE\" style=\"line-height: 115%; font-family: 'Times New Roman','serif'; font-size: 12pt; mso-ansi-language: DE;\"> ARGANIA SPINOSA KERNEL OIL, PRUNUS ARMENIACA KERNEL OIL,VITIS VINIFERA SEED OIL,PRUNUS AMYGDALUS DULCIS OIL,CORYLUS AVELLANA SEED OIL,ROSA DAMASCENA FLOWER EXTRACT,ISOPRPYL MYRISTATE, BHT<\/span><\/p>\n","protected":false},"excerpt":{"rendered":"<p class=\"MsoNormal\" style=\"margin: 0cm 0cm 10pt;\"><span lang=\"DE\" style=\"line-height: 115%; font-size: 12pt;\">ANTI-AGE \u00d6l Komplex\u00a06 pflegt intensiv, erh\u00f6ht die nat\u00fcrliche Elastizit\u00e4t und Geschmeidigkeit der Haut und f\u00f6rdert die hauteigene Kollagenproduktion. Versorgt besonders trockene, sensible und Reife Haut mit einer Extraportion vitalstoffreicher, N\u00e4hrstoffe und Antioxidantien und hinterl\u00e4sst sie sp\u00fcrbar gesch\u00fctzt und gegl\u00e4ttet. <\/span><br \/>\n<span lang=\"DE\" style=\"line-height: 115%; font-size: 12pt;\">Oil &amp; Bio -Argan\u00f6l ! <\/span><\/p>\n<p class=\"MsoNormal\" style=\"margin: 0cm 0cm 10pt;\">\n","protected":false},"featured_media":3022,"comment_status":"open","ping_status":"closed","template":"","meta":{"_monsterinsights_skip_tracking":false,"_monsterinsights_sitenote_active":false,"_monsterinsights_sitenote_note":"","_monsterinsights_sitenote_category":0,"_uf_show_specific_survey":0,"_uf_disable_surveys":false},"pwb-brand":[236],"product_brand":[],"product_cat":[225,224,77,429,223],"product_tag":[],"class_list":{"0":"post-653","1":"product","2":"type-product","3":"status-publish","4":"has-post-thumbnail","6":"pwb-brand-arsy-cosmetics","7":"product_cat-rosencremerosenkosmetikbio-rosenkosmetikrosenoel-kosmetiknaturkosmetiknachtcremeanti-age-creme","8":"product_cat-rosencremerosenkosmetikbio-rosenkosmetikrosenoel-kosmetiknaturkosmetiktagescremeanti-age-creme","9":"product_cat-rosenoel-bio-arganoel-pflege-mit-rosenoel","10":"product_cat-rosenoel-bio-arganoel","11":"product_cat-rosenkosmetikrosenoel-kosmetiknaturkosmetikgesichtsmaskerosenoel-maskeanti-pigment-creme","12":"product_shipping_class-standard","14":"first","15":"instock","16":"taxable","17":"shipping-taxable","18":"purchasable","19":"product-type-simple"},"aioseo_notices":[],"jetpack_sharing_enabled":true,"brands":[{"id":236,"name":"ARSY Cosmetics","slug":"arsy-cosmetics"}],"_links":{"self":[{"href":"https:\/\/larose-beauty.at\/shop\/wp-json\/wp\/v2\/product\/653","targetHints":{"allow":["GET"]}}],"collection":[{"href":"https:\/\/larose-beauty.at\/shop\/wp-json\/wp\/v2\/product"}],"about":[{"href":"https:\/\/larose-beauty.at\/shop\/wp-json\/wp\/v2\/types\/product"}],"replies":[{"embeddable":true,"href":"https:\/\/larose-beauty.at\/shop\/wp-json\/wp\/v2\/comments?post=653"}],"wp:featuredmedia":[{"embeddable":true,"href":"https:\/\/larose-beauty.at\/shop\/wp-json\/wp\/v2\/media\/3022"}],"wp:attachment":[{"href":"https:\/\/larose-beauty.at\/shop\/wp-json\/wp\/v2\/media?parent=653"}],"wp:term":[{"taxonomy":"pwb-brand","embeddable":true,"href":"https:\/\/larose-beauty.at\/shop\/wp-json\/wp\/v2\/pwb-brand?post=653"},{"taxonomy":"product_brand","embeddable":true,"href":"https:\/\/larose-beauty.at\/shop\/wp-json\/wp\/v2\/product_brand?post=653"},{"taxonomy":"product_cat","embeddable":true,"href":"https:\/\/larose-beauty.at\/shop\/wp-json\/wp\/v2\/product_cat?post=653"},{"taxonomy":"product_tag","embeddable":true,"href":"https:\/\/larose-beauty.at\/shop\/wp-json\/wp\/v2\/product_tag?post=653"}],"curies":[{"name":"wp","href":"https:\/\/api.w.org\/{rel}","templated":true}]}}