{"id":5127,"date":"2026-01-27T15:03:31","date_gmt":"2026-01-27T14:03:31","guid":{"rendered":"https:\/\/larose-beauty.at\/shop\/produkt\/hair-shampoo-keratin-silk-protein-quinine-500-ml\/"},"modified":"2026-01-28T13:02:00","modified_gmt":"2026-01-28T12:02:00","slug":"hair-shampoo-keratin-silk-protein-quinine-500-ml","status":"publish","type":"product","link":"https:\/\/larose-beauty.at\/shop\/produkt\/hair-shampoo-keratin-silk-protein-quinine-500-ml\/","title":{"rendered":"HAIR SHAMPOO KERATIN SILK PROTEIN QUININE 500 ml"},"content":{"rendered":"<p><audio class=\"audio-for-speech\"><\/audio><\/p>\n<div class=\"translate-tooltip-mtz translator-hidden\">\n<div class=\"header\">\n<div class=\"header-controls\">Translator<\/div>\n<div class=\"header-controls\"><\/div>\n<\/div>\n<div class=\"translated-text\">\n<div class=\"words\"><\/div>\n<div class=\"sentences\"><\/div>\n<\/div>\n<\/div>\n<p>&nbsp;<\/p>\n<p style=\"margin-bottom: 13px;\"><span style=\"line-height: normal;\"><b><span style=\"font-size: 18pt;\"><span style=\"font-family: 'Cambria','serif';\">\ud83e\uddf4<\/span><\/span><\/b><b><span style=\"font-size: 18pt;\"><span style=\"font-family: 'Times New Roman','serif';\"> Shampoo Chinin &amp; Keratin<\/span><\/span><\/b><\/span><\/p>\n<p style=\"margin-bottom: 13px;\"><span style=\"line-height: normal;\"><b><span style=\"font-size: 13.5pt;\"><span style=\"font-family: 'Times New Roman','serif';\">\u2728 St\u00e4rkende Pflege gegen Haarverlust<\/span><\/span><\/b><\/span><\/p>\n<p style=\"margin-bottom: 13px;\"><span style=\"line-height: normal;\"><span style=\"font-size: 12pt;\"><span style=\"font-family: 'Times New Roman','serif';\">Das <b>Shampoo Chinin &amp; Keratin<\/b> kr\u00e4ftigt Haar und Kopfhaut auf nat\u00fcrliche Weise. Die Kombination aus <b>Chinin-Extrakt und Keratin<\/b> st\u00e4rkt die Haarwurzeln, repariert gesch\u00e4digte Haarstruktur und sorgt f\u00fcr gesund aussehendes, kr\u00e4ftiges Haar.<\/span><\/span><\/span><\/p>\n<p style=\"margin-bottom: 13px;\"><span style=\"line-height: normal;\"><b><span style=\"font-size: 12pt;\"><span style=\"font-family: 'Times New Roman','serif';\">Chinin<\/span><\/span><\/b><span style=\"font-size: 12pt;\"><span style=\"font-family: 'Times New Roman','serif';\"> regt die Durchblutung der Kopfhaut an und unterst\u00fctzt die Haarfaser von der Wurzel bis in die Spitzen. <b>Keratin<\/b> f\u00fcllt besch\u00e4digte Stellen in der Haarstruktur auf, gl\u00e4ttet das Haar und verleiht Widerstandskraft. <b>Seidenprotein<\/b> sorgt f\u00fcr geschmeidige, gl\u00e4nzende Haare, w\u00e4hrend <b>Glycerin<\/b> intensive Feuchtigkeit spendet, ohne zu beschweren.<\/span><\/span><\/span><\/p>\n<p style=\"margin-bottom: 13px;\"><span style=\"line-height: normal;\"><span style=\"font-size: 12pt;\"><span style=\"font-family: 'Times New Roman','serif';\">Regelm\u00e4\u00dfige Anwendung f\u00f6rdert kr\u00e4ftiges, geschmeidiges Haar und eine gesunde Kopfhaut.<\/span><\/span><\/span><\/p>\n<p><span style=\"font-size: 12pt;\"><span style=\"line-height: 115%;\"><span style=\"font-family: 'Times New Roman','serif';\">\u2728 <b>Ergebnis:<\/b> widerstandsf\u00e4higes, gl\u00e4nzendes Haar mit sp\u00fcrbar gest\u00e4rkten Haarwurzeln.<\/span><\/span><\/span><\/p>\n<p style=\"margin-bottom: 13px;\"><span style=\"line-height: normal;\"><b><span style=\"font-size: 18pt;\"><span style=\"font-family: 'Times New Roman','serif';\">\ud83e\uddf4 Anwendung<\/span><\/span><\/b><\/span><\/p>\n<p style=\"margin-bottom: 13px;\"><span style=\"line-height: normal;\"><span style=\"font-size: 12pt;\"><span style=\"font-family: 'Times New Roman','serif';\">Auf nasses Haar auftragen, sanft einmassieren, bis Schaum entsteht, und gr\u00fcndlich aussp\u00fclen. Bei Bedarf wiederholen. F\u00fcr optimale Ergebnisse regelm\u00e4\u00dfig anwenden.<\/span><\/span><\/span><\/p>\n<div style=\"text-align: center;\" align=\"center\">\n<hr align=\"center\" size=\"2\" width=\"100%\" \/>\n<\/div>\n<p style=\"margin-bottom: 13px;\"><span style=\"line-height: normal;\"><b><span style=\"font-size: 18pt;\"><span style=\"font-family: 'Times New Roman','serif';\">\ud83d\udc8e Vorteile auf einen Blick<\/span><\/span><\/b><\/span><\/p>\n<ul>\n<li style=\"margin-bottom: 13px; margin-left: 48px;\"><span style=\"font-size: 12pt;\"><span style=\"color: #000000;\"><span style=\"line-height: normal;\"><span style=\"font-family: 'Times New Roman','serif';\"><span style=\"font-style: normal;\"><span style=\"font-weight: normal;\"><span style=\"tab-stops: list 36.0pt;\"><span style=\"font-size: 12pt;\"><span style=\"font-family: 'Times New Roman','serif';\">St\u00e4rkt Haarwurzeln und reduziert Haarbruch<\/span><\/span><\/span><\/span><\/span><\/span><\/span><\/span><\/span><\/li>\n<li style=\"margin-bottom: 13px; margin-left: 48px;\"><span style=\"font-size: 12pt;\"><span style=\"color: #000000;\"><span style=\"line-height: normal;\"><span style=\"font-family: 'Times New Roman','serif';\"><span style=\"font-style: normal;\"><span style=\"font-weight: normal;\"><span style=\"tab-stops: list 36.0pt;\"><span style=\"font-size: 12pt;\"><span style=\"font-family: 'Times New Roman','serif';\">Keratin repariert und gl\u00e4ttet die Haarstruktur<\/span><\/span><\/span><\/span><\/span><\/span><\/span><\/span><\/span><\/li>\n<li style=\"margin-bottom: 13px; margin-left: 48px;\"><span style=\"font-size: 12pt;\"><span style=\"color: #000000;\"><span style=\"line-height: normal;\"><span style=\"font-family: 'Times New Roman','serif';\"><span style=\"font-style: normal;\"><span style=\"font-weight: normal;\"><span style=\"tab-stops: list 36.0pt;\"><span style=\"font-size: 12pt;\"><span style=\"font-family: 'Times New Roman','serif';\">Seidenprotein f\u00fcr Geschmeidigkeit und nat\u00fcrlichen Glanz<\/span><\/span><\/span><\/span><\/span><\/span><\/span><\/span><\/span><\/li>\n<li style=\"margin-bottom: 13px; margin-left: 48px;\"><span style=\"font-size: 12pt;\"><span style=\"color: #000000;\"><span style=\"line-height: normal;\"><span style=\"font-family: 'Times New Roman','serif';\"><span style=\"font-style: normal;\"><span style=\"font-weight: normal;\"><span style=\"tab-stops: list 36.0pt;\"><span style=\"font-size: 12pt;\"><span style=\"font-family: 'Times New Roman','serif';\">Spendet intensive Feuchtigkeit<\/span><\/span><\/span><\/span><\/span><\/span><\/span><\/span><\/span><\/li>\n<li style=\"margin-bottom: 13px; margin-left: 48px;\"><span style=\"font-size: 12pt;\"><span style=\"color: #000000;\"><span style=\"line-height: normal;\"><span style=\"font-family: 'Times New Roman','serif';\"><span style=\"font-style: normal;\"><span style=\"font-weight: normal;\"><span style=\"tab-stops: list 36.0pt;\"><span style=\"font-size: 12pt;\"><span style=\"font-family: 'Times New Roman','serif';\">Sanfte, nicht beschwerende Formel<\/span><\/span><\/span><\/span><\/span><\/span><\/span><\/span><\/span><\/li>\n<li style=\"margin-bottom: 13px; margin-left: 48px;\"><span style=\"font-size: 12pt;\"><span style=\"color: #000000;\"><span style=\"line-height: normal;\"><span style=\"font-family: 'Times New Roman','serif';\"><span style=\"font-style: normal;\"><span style=\"font-weight: normal;\"><span style=\"tab-stops: list 36.0pt;\"><span style=\"font-size: 12pt;\"><span style=\"font-family: 'Times New Roman','serif';\">F\u00fcr t\u00e4gliche Haarpflege geeignet<\/span><\/span><\/span><\/span><\/span><\/span><\/span><\/span><\/span><\/li>\n<\/ul>\n","protected":false},"excerpt":{"rendered":"<p><audio class=\"audio-for-speech\"><\/audio><\/p>\n<div class=\"translate-tooltip-mtz translator-hidden\">\n<div class=\"header\">\n<div class=\"header-controls\">Translator<\/div>\n<div class=\"header-controls\"><\/div>\n<\/div>\n<div class=\"translated-text\">\n<div class=\"words\"><\/div>\n<div class=\"sentences\"><\/div>\n<\/div>\n<\/div>\n<p>&nbsp;<\/p>\n<p style=\"margin-bottom: 13px;\"><span style=\"line-height: normal;\"><span style=\"font-size: 12pt;\">Kr\u00e4ftigendes Shampoo mit Chinin &amp; Keratin \u2013 st\u00e4rkt Haar und Kopfhaut, reduziert Haarbruch und sorgt f\u00fcr gesund aussehendes, geschmeidiges Haar.<\/span><\/span><\/p>\n","protected":false},"featured_media":5141,"comment_status":"closed","ping_status":"closed","template":"","meta":{"_monsterinsights_skip_tracking":false,"_monsterinsights_sitenote_active":false,"_monsterinsights_sitenote_note":"","_monsterinsights_sitenote_category":0,"_uf_show_specific_survey":0,"_uf_disable_surveys":false},"pwb-brand":[236],"product_brand":[],"product_cat":[561,560,243],"product_tag":[],"class_list":{"0":"post-5127","1":"product","2":"type-product","3":"status-publish","4":"has-post-thumbnail","6":"pwb-brand-arsy-cosmetics","7":"product_cat-haare","8":"product_cat-narsya-beauty","9":"product_cat-shampoo-haarpflege","10":"product_shipping_class-standard","12":"first","13":"instock","14":"taxable","15":"shipping-taxable","16":"purchasable","17":"product-type-simple"},"aioseo_notices":[],"jetpack_sharing_enabled":true,"brands":[{"id":236,"name":"ARSY Cosmetics","slug":"arsy-cosmetics"}],"_links":{"self":[{"href":"https:\/\/larose-beauty.at\/shop\/wp-json\/wp\/v2\/product\/5127","targetHints":{"allow":["GET"]}}],"collection":[{"href":"https:\/\/larose-beauty.at\/shop\/wp-json\/wp\/v2\/product"}],"about":[{"href":"https:\/\/larose-beauty.at\/shop\/wp-json\/wp\/v2\/types\/product"}],"replies":[{"embeddable":true,"href":"https:\/\/larose-beauty.at\/shop\/wp-json\/wp\/v2\/comments?post=5127"}],"wp:featuredmedia":[{"embeddable":true,"href":"https:\/\/larose-beauty.at\/shop\/wp-json\/wp\/v2\/media\/5141"}],"wp:attachment":[{"href":"https:\/\/larose-beauty.at\/shop\/wp-json\/wp\/v2\/media?parent=5127"}],"wp:term":[{"taxonomy":"pwb-brand","embeddable":true,"href":"https:\/\/larose-beauty.at\/shop\/wp-json\/wp\/v2\/pwb-brand?post=5127"},{"taxonomy":"product_brand","embeddable":true,"href":"https:\/\/larose-beauty.at\/shop\/wp-json\/wp\/v2\/product_brand?post=5127"},{"taxonomy":"product_cat","embeddable":true,"href":"https:\/\/larose-beauty.at\/shop\/wp-json\/wp\/v2\/product_cat?post=5127"},{"taxonomy":"product_tag","embeddable":true,"href":"https:\/\/larose-beauty.at\/shop\/wp-json\/wp\/v2\/product_tag?post=5127"}],"curies":[{"name":"wp","href":"https:\/\/api.w.org\/{rel}","templated":true}]}}