{"id":5126,"date":"2026-01-27T15:00:34","date_gmt":"2026-01-27T14:00:34","guid":{"rendered":"https:\/\/larose-beauty.at\/shop\/produkt\/hair-shampoo-keratin-silk-protein-garlic-500-ml\/"},"modified":"2026-03-02T18:02:15","modified_gmt":"2026-03-02T17:02:15","slug":"hair-shampoo-keratin-silk-protein-garlic-500-ml","status":"publish","type":"product","link":"https:\/\/larose-beauty.at\/shop\/produkt\/hair-shampoo-keratin-silk-protein-garlic-500-ml\/","title":{"rendered":"HAIR SHAMPOO KERATIN SILK PROTEIN GARLIC 500 ml"},"content":{"rendered":"<p><audio class=\"audio-for-speech\"><\/audio><\/p>\n<div class=\"translate-tooltip-mtz translator-hidden\">\n<div class=\"header\">\n<div class=\"header-controls\">Translator<\/div>\n<div class=\"header-controls\"><\/div>\n<\/div>\n<div class=\"translated-text\">\n<div class=\"words\"><\/div>\n<div class=\"sentences\"><\/div>\n<\/div>\n<\/div>\n<p>&nbsp;<\/p>\n<p style=\"margin-bottom: 13px;\"><span style=\"line-height: normal;\"><b><span style=\"font-size: 18pt;\"><span style=\"font-family: 'Cambria','serif';\">\ud83e\uddf4<\/span><\/span><\/b><b><span style=\"font-size: 18pt;\"><span style=\"font-family: 'Times New Roman','serif';\"> Shampoo Knoblauch &amp; Keratin<\/span><\/span><\/b><\/span><\/p>\n<p style=\"margin-bottom: 13px;\"><span style=\"line-height: normal;\"><b><span style=\"font-size: 13.5pt;\"><span style=\"font-family: 'Times New Roman','serif';\">\u2728 St\u00e4rkende Pflege f\u00fcr gesundes Haar<\/span><\/span><\/b><\/span><\/p>\n<p style=\"margin-bottom: 13px;\"><span style=\"line-height: normal;\"><span style=\"font-size: 12pt;\"><span style=\"font-family: 'Times New Roman','serif';\">Unser <b>Shampoo Knoblauch &amp; Keratin<\/b> pflegt Haar und Kopfhaut intensiv. Die Kombination aus <b>Knoblauchextrakt, Keratin und Seidenprotein<\/b> sorgt daf\u00fcr, dass das Haar von der Wurzel bis in die Spitzen gen\u00e4hrt, gest\u00e4rkt und geschmeidig wird.<\/span><\/span><\/span><\/p>\n<p style=\"margin-bottom: 13px;\"><span style=\"line-height: normal;\"><b><span style=\"font-size: 12pt;\"><span style=\"font-family: 'Times New Roman','serif';\">Knoblauch<\/span><\/span><\/b><span style=\"font-size: 12pt;\"><span style=\"font-family: 'Times New Roman','serif';\"> liefert wertvolle Mineralien und unterst\u00fctzt die Haarstruktur, w\u00e4hrend <b>Keratin<\/b> die Haarfaser repariert und st\u00e4rkt. <b>Seidenprotein<\/b> verleiht Glanz und Geschmeidigkeit, und <b>Glycerin<\/b> spendet tiefenwirksame Feuchtigkeit \u2013 ohne das Haar zu beschweren. Das Shampoo reinigt sanft, unterst\u00fctzt gesundes Haarwachstum und hinterl\u00e4sst kein unangenehmes Knoblaucharoma.<\/span><\/span><\/span><\/p>\n<p style=\"margin-bottom: 13px;\"><span style=\"line-height: normal;\"><span style=\"font-size: 12pt;\"><span style=\"font-family: 'Times New Roman','serif';\">\u2728 <b>Ergebnis:<\/b> kr\u00e4ftiges, gl\u00e4nzendes und geschmeidiges Haar mit gesunder Kopfhaut.<\/span><\/span><\/span><\/p>\n<p style=\"margin-bottom: 13px;\"><span style=\"line-height: normal;\"><b><span style=\"font-size: 18pt;\"><span style=\"font-family: 'Times New Roman','serif';\">\ud83e\uddf4 Anwendung<\/span><\/span><\/b><\/span><\/p>\n<p style=\"margin-bottom: 13px;\"><span style=\"font-size: 12pt;\"><span style=\"line-height: 115%;\"><span style=\"font-family: 'Times New Roman','serif';\">Auf nasses Haar auftragen, sanft einmassieren, bis Schaum entsteht, und gr\u00fcndlich aussp\u00fclen. Bei Bedarf wiederholen. F\u00fcr optimale Ergebnisse regelm\u00e4\u00dfig anwenden.<\/span><\/span><\/span><\/p>\n<p style=\"margin-bottom: 13px;\"><span style=\"line-height: normal;\"><b><span style=\"font-size: 18pt;\"><span style=\"font-family: 'Times New Roman','serif';\">\ud83d\udc8e Vorteile auf einen Blick<\/span><\/span><\/b><\/span><\/p>\n<ul>\n<li style=\"margin-bottom: 13px; margin-left: 48px;\"><span style=\"font-size: 12pt;\"><span style=\"color: #000000;\"><span style=\"line-height: normal;\"><span style=\"font-family: 'Times New Roman','serif';\"><span style=\"font-style: normal;\"><span style=\"font-weight: normal;\"><span style=\"tab-stops: list 36.0pt;\"><span style=\"font-size: 12pt;\"><span style=\"font-family: 'Times New Roman','serif';\">St\u00e4rkt Haar von der Wurzel bis in die Spitzen<\/span><\/span><\/span><\/span><\/span><\/span><\/span><\/span><\/span><\/li>\n<li style=\"margin-bottom: 13px; margin-left: 48px;\"><span style=\"font-size: 12pt;\"><span style=\"color: #000000;\"><span style=\"line-height: normal;\"><span style=\"font-family: 'Times New Roman','serif';\"><span style=\"font-style: normal;\"><span style=\"font-weight: normal;\"><span style=\"tab-stops: list 36.0pt;\"><span style=\"font-size: 12pt;\"><span style=\"font-family: 'Times New Roman','serif';\">Unterst\u00fctzt gesunde Kopfhaut<\/span><\/span><\/span><\/span><\/span><\/span><\/span><\/span><\/span><\/li>\n<li style=\"margin-bottom: 13px; margin-left: 48px;\"><span style=\"font-size: 12pt;\"><span style=\"color: #000000;\"><span style=\"line-height: normal;\"><span style=\"font-family: 'Times New Roman','serif';\"><span style=\"font-style: normal;\"><span style=\"font-weight: normal;\"><span style=\"tab-stops: list 36.0pt;\"><span style=\"font-size: 12pt;\"><span style=\"font-family: 'Times New Roman','serif';\">Keratin repariert und gl\u00e4ttet die Haarstruktur<\/span><\/span><\/span><\/span><\/span><\/span><\/span><\/span><\/span><\/li>\n<li style=\"margin-bottom: 13px; margin-left: 48px;\"><span style=\"font-size: 12pt;\"><span style=\"color: #000000;\"><span style=\"line-height: normal;\"><span style=\"font-family: 'Times New Roman','serif';\"><span style=\"font-style: normal;\"><span style=\"font-weight: normal;\"><span style=\"tab-stops: list 36.0pt;\"><span style=\"font-size: 12pt;\"><span style=\"font-family: 'Times New Roman','serif';\">Seidenprotein f\u00fcr Glanz und Geschmeidigkeit<\/span><\/span><\/span><\/span><\/span><\/span><\/span><\/span><\/span><\/li>\n<li style=\"margin-bottom: 13px; margin-left: 48px;\"><span style=\"font-size: 12pt;\"><span style=\"color: #000000;\"><span style=\"line-height: normal;\"><span style=\"font-family: 'Times New Roman','serif';\"><span style=\"font-style: normal;\"><span style=\"font-weight: normal;\"><span style=\"tab-stops: list 36.0pt;\"><span style=\"font-size: 12pt;\"><span style=\"font-family: 'Times New Roman','serif';\">Spendet intensive Feuchtigkeit<\/span><\/span><\/span><\/span><\/span><\/span><\/span><\/span><\/span><\/li>\n<li style=\"margin-bottom: 13px; margin-left: 48px;\"><span style=\"font-size: 12pt;\"><span style=\"color: #000000;\"><span style=\"line-height: normal;\"><span style=\"font-family: 'Times New Roman','serif';\"><span style=\"font-style: normal;\"><span style=\"font-weight: normal;\"><span style=\"tab-stops: list 36.0pt;\"><span style=\"font-size: 12pt;\"><span style=\"font-family: 'Times New Roman','serif';\">Sanfte, nicht beschwerende Formel<\/span><\/span><\/span><\/span><\/span><\/span><\/span><\/span><\/span><\/li>\n<li style=\"margin-bottom: 13px; margin-left: 48px;\"><span style=\"font-size: 12pt;\"><span style=\"color: #000000;\"><span style=\"line-height: normal;\"><span style=\"font-family: 'Times New Roman','serif';\"><span style=\"font-style: normal;\"><span style=\"font-weight: normal;\"><span style=\"tab-stops: list 36.0pt;\"><span style=\"font-size: 12pt;\"><span style=\"font-family: 'Times New Roman','serif';\">Kein unangenehmer Knoblauchgeruch<\/span><\/span><\/span><\/span><\/span><\/span><\/span><\/span><\/span><\/li>\n<\/ul>\n","protected":false},"excerpt":{"rendered":"<p><audio class=\"audio-for-speech\"><\/audio><\/p>\n<div class=\"translate-tooltip-mtz translator-hidden\">\n<div class=\"header\">\n<div class=\"header-controls\">Translator<\/div>\n<div class=\"header-controls\"><\/div>\n<\/div>\n<div class=\"translated-text\">\n<div class=\"words\"><\/div>\n<div class=\"sentences\"><\/div>\n<\/div>\n<\/div>\n<p>&nbsp;<\/p>\n<p style=\"margin-bottom: 13px;\"><span style=\"line-height: normal;\"><span style=\"font-size: 12pt;\">Pflegendes Shampoo mit Knoblauch &amp; Keratin \u2013 kr\u00e4ftigt das Haar, spendet Feuchtigkeit und macht es geschmeidig.<\/span><\/span><\/p>\n","protected":false},"featured_media":5140,"comment_status":"closed","ping_status":"closed","template":"","meta":{"_monsterinsights_skip_tracking":false,"_monsterinsights_sitenote_active":false,"_monsterinsights_sitenote_note":"","_monsterinsights_sitenote_category":0,"_uf_show_specific_survey":0,"_uf_disable_surveys":false},"pwb-brand":[236],"product_brand":[],"product_cat":[561,560,243],"product_tag":[],"class_list":{"0":"post-5126","1":"product","2":"type-product","3":"status-publish","4":"has-post-thumbnail","6":"pwb-brand-arsy-cosmetics","7":"product_cat-haare","8":"product_cat-narsya-beauty","9":"product_cat-shampoo-haarpflege","10":"product_shipping_class-standard","12":"first","13":"instock","14":"taxable","15":"shipping-taxable","16":"purchasable","17":"product-type-simple"},"aioseo_notices":[],"jetpack_sharing_enabled":true,"brands":[{"id":236,"name":"ARSY Cosmetics","slug":"arsy-cosmetics"}],"_links":{"self":[{"href":"https:\/\/larose-beauty.at\/shop\/wp-json\/wp\/v2\/product\/5126","targetHints":{"allow":["GET"]}}],"collection":[{"href":"https:\/\/larose-beauty.at\/shop\/wp-json\/wp\/v2\/product"}],"about":[{"href":"https:\/\/larose-beauty.at\/shop\/wp-json\/wp\/v2\/types\/product"}],"replies":[{"embeddable":true,"href":"https:\/\/larose-beauty.at\/shop\/wp-json\/wp\/v2\/comments?post=5126"}],"wp:featuredmedia":[{"embeddable":true,"href":"https:\/\/larose-beauty.at\/shop\/wp-json\/wp\/v2\/media\/5140"}],"wp:attachment":[{"href":"https:\/\/larose-beauty.at\/shop\/wp-json\/wp\/v2\/media?parent=5126"}],"wp:term":[{"taxonomy":"pwb-brand","embeddable":true,"href":"https:\/\/larose-beauty.at\/shop\/wp-json\/wp\/v2\/pwb-brand?post=5126"},{"taxonomy":"product_brand","embeddable":true,"href":"https:\/\/larose-beauty.at\/shop\/wp-json\/wp\/v2\/product_brand?post=5126"},{"taxonomy":"product_cat","embeddable":true,"href":"https:\/\/larose-beauty.at\/shop\/wp-json\/wp\/v2\/product_cat?post=5126"},{"taxonomy":"product_tag","embeddable":true,"href":"https:\/\/larose-beauty.at\/shop\/wp-json\/wp\/v2\/product_tag?post=5126"}],"curies":[{"name":"wp","href":"https:\/\/api.w.org\/{rel}","templated":true}]}}