{"id":5125,"date":"2026-01-27T14:39:29","date_gmt":"2026-01-27T13:39:29","guid":{"rendered":"https:\/\/larose-beauty.at\/shop\/produkt\/dexclusive-body-butter-grape-350-ml\/"},"modified":"2026-01-28T13:07:33","modified_gmt":"2026-01-28T12:07:33","slug":"dexclusive-body-butter-grape-350-ml","status":"publish","type":"product","link":"https:\/\/larose-beauty.at\/shop\/produkt\/dexclusive-body-butter-grape-350-ml\/","title":{"rendered":"D&#8217;EXCLUSIVE BODY BUTTER GRAPE 350 ml"},"content":{"rendered":"<p><audio class=\"audio-for-speech\"><\/audio><\/p>\n<div class=\"translate-tooltip-mtz translator-hidden\">\n<div class=\"header\">\n<div class=\"header-controls\">Translator<\/div>\n<div class=\"header-controls\"><\/div>\n<\/div>\n<div class=\"translated-text\">\n<div class=\"words\"><\/div>\n<div class=\"sentences\"><\/div>\n<\/div>\n<\/div>\n<p>&nbsp;<\/p>\n<p style=\"margin-bottom: 13px;\"><span style=\"line-height: normal;\"><b><span style=\"font-size: 18pt;\"><span style=\"font-family: 'Cambria','serif';\">\ud83e\uddf4<\/span><\/span><\/b><b><span style=\"font-size: 18pt;\"><span style=\"font-family: 'Times New Roman','serif';\"> K\u00f6rperbutter Grapes <\/span><\/span><\/b><b><span style=\"font-size: 18pt;\"><span style=\"font-family: 'Cambria','serif';\">\ud83c\udf47<\/span><\/span><\/b><\/span><\/p>\n<p style=\"margin-bottom: 13px;\"><span style=\"line-height: normal;\"><b><span style=\"font-size: 13.5pt;\"><span style=\"font-family: 'Times New Roman','serif';\">\ud83c\udf47 Reichhaltige Pflege &amp; fruchtiger Duft<\/span><\/span><\/b><\/span><\/p>\n<p style=\"margin-bottom: 13px;\"><span style=\"line-height: normal;\"><span style=\"font-size: 12pt;\"><span style=\"font-family: 'Times New Roman','serif';\">Unsere <b>K\u00f6rperbutter Grapes<\/b> verw\u00f6hnt die Haut mit intensiver Feuchtigkeit und einem frischen, fruchtigen Duft nach saftigen Weintrauben. Die cremig-buttrige Textur schmilzt sanft auf der Haut, pflegt tiefenwirksam und macht selbst trockene oder anspruchsvolle Haut sp\u00fcrbar weich und geschmeidig.<\/span><\/span><\/span><\/p>\n<p style=\"margin-bottom: 13px;\"><span style=\"line-height: normal;\"><span style=\"font-size: 12pt;\"><span style=\"font-family: 'Times New Roman','serif';\">Die K\u00f6rperbutter unterst\u00fctzt die nat\u00fcrliche Hautschutzbarriere, n\u00e4hrt die Haut nachhaltig und hinterl\u00e4sst ein glattes, gepflegtes Hautgef\u00fchl \u2013 ohne zu fetten. Ideal f\u00fcr die t\u00e4gliche Anwendung nach dem Duschen oder Baden.<\/span><\/span><\/span><\/p>\n<p style=\"margin-bottom: 13px;\"><span style=\"line-height: normal;\"><span style=\"font-size: 12pt;\"><span style=\"font-family: 'Times New Roman','serif';\">\u2728 <b>Ergebnis:<\/b> samtweiche, gepflegte Haut mit fruchtigem Duft.<\/span><\/span><\/span><\/p>\n<p style=\"margin-bottom: 13px;\"><span style=\"line-height: normal;\"><b><span style=\"font-size: 18pt;\"><span style=\"font-family: 'Times New Roman','serif';\">\ud83c\udf38 Duftbeschreibung<\/span><\/span><\/b><\/span><\/p>\n<p style=\"margin-bottom: 13px;\"><span style=\"line-height: normal;\"><span style=\"font-size: 12pt;\"><span style=\"font-family: 'Times New Roman','serif';\">Frischer, fruchtiger Duft nach saftigen Weintrauben \u2013 leicht, angenehm und belebend.<\/span><\/span><\/span><\/p>\n<p style=\"margin-bottom: 13px;\"><span style=\"line-height: normal;\"><b><span style=\"font-size: 18pt;\"><span style=\"font-family: 'Times New Roman','serif';\">\ud83e\uddf4 Anwendung<\/span><\/span><\/b><\/span><\/p>\n<p style=\"margin-bottom: 13px;\"><span style=\"line-height: normal;\"><span style=\"font-size: 12pt;\"><span style=\"font-family: 'Times New Roman','serif';\">Eine kleine Menge der K\u00f6rperbutter auf die gereinigte Haut auftragen und sanft einmassieren, bis sie vollst\u00e4ndig eingezogen ist. Besonders geeignet f\u00fcr trockene Hautstellen. F\u00fcr die t\u00e4gliche Anwendung geeignet.<\/span><\/span><\/span><\/p>\n<p style=\"margin-bottom: 13px;\"><span style=\"line-height: normal;\"><b><span style=\"font-size: 18pt;\"><span style=\"font-family: 'Times New Roman','serif';\">\ud83d\udc8e Vorteile auf einen Blick<\/span><\/span><\/b><\/span><\/p>\n<ul>\n<li style=\"margin-bottom: 13px; margin-left: 48px;\"><span style=\"font-size: 12pt;\"><span style=\"color: #000000;\"><span style=\"line-height: normal;\"><span style=\"font-family: 'Times New Roman','serif';\"><span style=\"font-style: normal;\"><span style=\"font-weight: normal;\"><span style=\"tab-stops: list 36.0pt;\"><span style=\"font-size: 12pt;\"><span style=\"font-family: 'Times New Roman','serif';\">Intensive Feuchtigkeitspflege<\/span><\/span><\/span><\/span><\/span><\/span><\/span><\/span><\/span><\/li>\n<li style=\"margin-bottom: 13px; margin-left: 48px;\"><span style=\"font-size: 12pt;\"><span style=\"color: #000000;\"><span style=\"line-height: normal;\"><span style=\"font-family: 'Times New Roman','serif';\"><span style=\"font-style: normal;\"><span style=\"font-weight: normal;\"><span style=\"tab-stops: list 36.0pt;\"><span style=\"font-size: 12pt;\"><span style=\"font-family: 'Times New Roman','serif';\">Reichhaltige, cremig-buttrige Textur<\/span><\/span><\/span><\/span><\/span><\/span><\/span><\/span><\/span><\/li>\n<li style=\"margin-bottom: 13px; margin-left: 48px;\"><span style=\"font-size: 12pt;\"><span style=\"color: #000000;\"><span style=\"line-height: normal;\"><span style=\"font-family: 'Times New Roman','serif';\"><span style=\"font-style: normal;\"><span style=\"font-weight: normal;\"><span style=\"tab-stops: list 36.0pt;\"><span style=\"font-size: 12pt;\"><span style=\"font-family: 'Times New Roman','serif';\">Pflegt trockene &amp; anspruchsvolle Haut<\/span><\/span><\/span><\/span><\/span><\/span><\/span><\/span><\/span><\/li>\n<li style=\"margin-bottom: 13px; margin-left: 48px;\"><span style=\"font-size: 12pt;\"><span style=\"color: #000000;\"><span style=\"line-height: normal;\"><span style=\"font-family: 'Times New Roman','serif';\"><span style=\"font-style: normal;\"><span style=\"font-weight: normal;\"><span style=\"tab-stops: list 36.0pt;\"><span style=\"font-size: 12pt;\"><span style=\"font-family: 'Times New Roman','serif';\">Zieht gut ein, ohne zu fetten<\/span><\/span><\/span><\/span><\/span><\/span><\/span><\/span><\/span><\/li>\n<li style=\"margin-bottom: 13px; margin-left: 48px;\"><span style=\"font-size: 12pt;\"><span style=\"color: #000000;\"><span style=\"line-height: normal;\"><span style=\"font-family: 'Times New Roman','serif';\"><span style=\"font-style: normal;\"><span style=\"font-weight: normal;\"><span style=\"tab-stops: list 36.0pt;\"><span style=\"font-size: 12pt;\"><span style=\"font-family: 'Times New Roman','serif';\">Fruchtiger Grapes-Duft<\/span><\/span><\/span><\/span><\/span><\/span><\/span><\/span><\/span><\/li>\n<li style=\"margin-bottom: 13px; margin-left: 48px;\"><span style=\"font-size: 12pt;\"><span style=\"color: #000000;\"><span style=\"line-height: normal;\"><span style=\"font-family: 'Times New Roman','serif';\"><span style=\"font-style: normal;\"><span style=\"font-weight: normal;\"><span style=\"tab-stops: list 36.0pt;\"><span style=\"font-size: 12pt;\"><span style=\"font-family: 'Times New Roman','serif';\">Ideal f\u00fcr die t\u00e4gliche K\u00f6rperpflege<\/span><\/span><\/span><\/span><\/span><\/span><\/span><\/span><\/span><\/li>\n<\/ul>\n","protected":false},"excerpt":{"rendered":"<p><audio class=\"audio-for-speech\"><\/audio><\/p>\n<div class=\"translate-tooltip-mtz translator-hidden\">\n<div class=\"header\">\n<div class=\"header-controls\">Translator<\/div>\n<div class=\"header-controls\"><\/div>\n<\/div>\n<div class=\"translated-text\">\n<div class=\"words\"><\/div>\n<div class=\"sentences\"><\/div>\n<\/div>\n<\/div>\n<p>&nbsp;<\/p>\n<p style=\"margin-bottom: 13px;\"><span style=\"line-height: normal;\"><span style=\"font-size: 12pt;\">Reichhaltige K\u00f6rperbutter mit fruchtigem Grapes-Duft \u2013 intensive Pflege f\u00fcr geschmeidige, weiche Haut.<\/span><\/span><\/p>\n","protected":false},"featured_media":5139,"comment_status":"closed","ping_status":"closed","template":"","meta":{"_monsterinsights_skip_tracking":false,"_monsterinsights_sitenote_active":false,"_monsterinsights_sitenote_note":"","_monsterinsights_sitenote_category":0,"_uf_show_specific_survey":0,"_uf_disable_surveys":false},"pwb-brand":[236],"product_brand":[],"product_cat":[145,127,560],"product_tag":[],"class_list":{"0":"post-5125","1":"product","2":"type-product","3":"status-publish","4":"has-post-thumbnail","6":"pwb-brand-arsy-cosmetics","7":"product_cat-koerper","8":"product_cat-koerper-butter","9":"product_cat-narsya-beauty","10":"product_shipping_class-standard","12":"first","13":"instock","14":"taxable","15":"shipping-taxable","16":"purchasable","17":"product-type-simple"},"aioseo_notices":[],"jetpack_sharing_enabled":true,"brands":[{"id":236,"name":"ARSY Cosmetics","slug":"arsy-cosmetics"}],"_links":{"self":[{"href":"https:\/\/larose-beauty.at\/shop\/wp-json\/wp\/v2\/product\/5125","targetHints":{"allow":["GET"]}}],"collection":[{"href":"https:\/\/larose-beauty.at\/shop\/wp-json\/wp\/v2\/product"}],"about":[{"href":"https:\/\/larose-beauty.at\/shop\/wp-json\/wp\/v2\/types\/product"}],"replies":[{"embeddable":true,"href":"https:\/\/larose-beauty.at\/shop\/wp-json\/wp\/v2\/comments?post=5125"}],"wp:featuredmedia":[{"embeddable":true,"href":"https:\/\/larose-beauty.at\/shop\/wp-json\/wp\/v2\/media\/5139"}],"wp:attachment":[{"href":"https:\/\/larose-beauty.at\/shop\/wp-json\/wp\/v2\/media?parent=5125"}],"wp:term":[{"taxonomy":"pwb-brand","embeddable":true,"href":"https:\/\/larose-beauty.at\/shop\/wp-json\/wp\/v2\/pwb-brand?post=5125"},{"taxonomy":"product_brand","embeddable":true,"href":"https:\/\/larose-beauty.at\/shop\/wp-json\/wp\/v2\/product_brand?post=5125"},{"taxonomy":"product_cat","embeddable":true,"href":"https:\/\/larose-beauty.at\/shop\/wp-json\/wp\/v2\/product_cat?post=5125"},{"taxonomy":"product_tag","embeddable":true,"href":"https:\/\/larose-beauty.at\/shop\/wp-json\/wp\/v2\/product_tag?post=5125"}],"curies":[{"name":"wp","href":"https:\/\/api.w.org\/{rel}","templated":true}]}}