{"id":5107,"date":"2026-01-20T18:08:41","date_gmt":"2026-01-20T17:08:41","guid":{"rendered":"https:\/\/larose-beauty.at\/shop\/produkt\/exclusive-snail-edition-face-wash-200-ml\/"},"modified":"2026-02-12T19:11:53","modified_gmt":"2026-02-12T18:11:53","slug":"exclusive-snail-edition-face-wash-200-ml","status":"publish","type":"product","link":"https:\/\/larose-beauty.at\/shop\/produkt\/exclusive-snail-edition-face-wash-200-ml\/","title":{"rendered":"Exclusive Snail Edition Face Wash 200 ml"},"content":{"rendered":"<p><audio class=\"audio-for-speech\"><\/audio><\/p>\n<div class=\"translate-tooltip-mtz translator-hidden\">\n<div class=\"header\">\n<div class=\"header-controls\">Translator<\/div>\n<div class=\"header-controls\"><\/div>\n<\/div>\n<div class=\"translated-text\">\n<div class=\"words\"><\/div>\n<div class=\"sentences\"><\/div>\n<\/div>\n<\/div>\n<p>&nbsp;<\/p>\n<p style=\"margin-bottom: 13px;\"><span style=\"line-height: normal;\"><b><span style=\"font-size: 18pt;\"><span style=\"font-family: 'Times New Roman','serif';\">Exclusive Snail Edition \u2013 Regenerierender Gesichtswaschschaum<\/span><\/span><\/b><\/span><\/p>\n<p style=\"margin-bottom: 13px;\"><span style=\"line-height: normal;\"><b><span style=\"font-size: 12pt;\"><span style=\"font-family: 'Times New Roman','serif';\">Sanfte Reinigung trifft auf hocheffektives Anti-Aging.<\/span><\/span><\/b><span style=\"font-size: 12pt;\"><span style=\"font-family: 'Times New Roman','serif';\"> Der <b>Exclusive Snail Edition Face Wash<\/b> von Arsy Cosmetics verwandelt Ihre t\u00e4gliche Reinigung in ein regenerierendes Pflegeritual. Dieser luftig-leichte Reinigungsschaum entfernt sanft Make-up, Unreinheiten und \u00fcbersch\u00fcssigen Talg, ohne die Haut auszutrocknen oder ihre nat\u00fcrliche Schutzbarriere anzugreifen.<\/span><\/span><\/span><\/p>\n<p style=\"margin-bottom: 13px;\"><span style=\"line-height: normal;\"><span style=\"font-size: 12pt;\"><span style=\"font-family: 'Times New Roman','serif';\">Das Geheimnis liegt im hochwertigen <b>Schneckenschleim-Filtrat<\/b>, das f\u00fcr seine au\u00dfergew\u00f6hnlichen heilenden und verj\u00fcngenden Eigenschaften bekannt ist. Schon w\u00e4hrend des Waschens wird die Haut beruhigt und die Zellerneuerung angeregt.<\/span><\/span><\/span><\/p>\n<p style=\"margin-bottom: 13px;\"><span style=\"line-height: normal;\"><b><span style=\"font-size: 13.5pt;\"><span style=\"font-family: 'Times New Roman','serif';\">Die Power-Wirkstoffe f\u00fcr Ihre Haut:<\/span><\/span><\/b><\/span><\/p>\n<ul>\n<li style=\"margin-bottom: 13px; margin-left: 48px;\"><span style=\"font-size: 12pt;\"><span style=\"color: #000000;\"><span style=\"line-height: normal;\"><span style=\"font-family: 'Times New Roman','serif';\"><span style=\"font-style: normal;\"><span style=\"font-weight: normal;\"><span style=\"tab-stops: list 36.0pt;\"><b><span style=\"font-size: 12pt;\"><span style=\"font-family: 'Times New Roman','serif';\">Schneckenschleim-Extrakt (Snail Secretion Filtrate):<\/span><\/span><\/b><span style=\"font-size: 12pt;\"><span style=\"font-family: 'Times New Roman','serif';\"> Ein nat\u00fcrliches Wundermittel reich an Allantoin, Glykols\u00e4ure, Kollagen und Elastin. Es repariert die Haut, gl\u00e4ttet die Struktur und hilft bei der Milderung von Unreinheiten und F\u00e4ltchen.<\/span><\/span><\/span><\/span><\/span><\/span><\/span><\/span><\/span><\/li>\n<li style=\"margin-bottom: 13px; margin-left: 48px;\"><span style=\"font-size: 12pt;\"><span style=\"color: #000000;\"><span style=\"line-height: normal;\"><span style=\"font-family: 'Times New Roman','serif';\"><span style=\"font-style: normal;\"><span style=\"font-weight: normal;\"><span style=\"tab-stops: list 36.0pt;\"><b><span style=\"font-size: 12pt;\"><span style=\"font-family: 'Times New Roman','serif';\">Feuchtigkeits-Booster:<\/span><\/span><\/b><span style=\"font-size: 12pt;\"><span style=\"font-family: 'Times New Roman','serif';\"> Bewahrt die Elastizit\u00e4t der Haut und hinterl\u00e4sst ein seidiges, hydratisiertes Gef\u00fchl statt Spannungsgef\u00fchle.<\/span><\/span><\/span><\/span><\/span><\/span><\/span><\/span><\/span><\/li>\n<li style=\"margin-bottom: 13px; margin-left: 48px;\"><span style=\"font-size: 12pt;\"><span style=\"color: #000000;\"><span style=\"line-height: normal;\"><span style=\"font-family: 'Times New Roman','serif';\"><span style=\"font-style: normal;\"><span style=\"font-weight: normal;\"><span style=\"tab-stops: list 36.0pt;\"><b><span style=\"font-size: 12pt;\"><span style=\"font-family: 'Times New Roman','serif';\">Sanfte Tenside:<\/span><\/span><\/b><span style=\"font-size: 12pt;\"><span style=\"font-family: 'Times New Roman','serif';\"> Reinigen porentief und schonend, ideal auch f\u00fcr empfindliche Hauttypen.<\/span><\/span><\/span><\/span><\/span><\/span><\/span><\/span><\/span><\/li>\n<\/ul>\n<p style=\"margin-bottom: 13px;\"><span style=\"line-height: normal;\"><b><span style=\"font-size: 13.5pt;\"><span style=\"font-family: 'Times New Roman','serif';\">Ihre Vorteile:<\/span><\/span><\/b><\/span><\/p>\n<ul>\n<li style=\"margin-bottom: 13px; margin-left: 48px;\"><span style=\"font-size: 12pt;\"><span style=\"color: #000000;\"><span style=\"line-height: normal;\"><span style=\"font-family: 'Times New Roman','serif';\"><span style=\"font-style: normal;\"><span style=\"font-weight: normal;\"><span style=\"tab-stops: list 36.0pt;\"><b><span style=\"font-size: 12pt;\"><span style=\"font-family: 'Times New Roman','serif';\">Tiefenreinigung:<\/span><\/span><\/b><span style=\"font-size: 12pt;\"><span style=\"font-family: 'Times New Roman','serif';\"> Befreit die Poren effektiv von Schadstoffen und R\u00fcckst\u00e4nden.<\/span><\/span><\/span><\/span><\/span><\/span><\/span><\/span><\/span><\/li>\n<li style=\"margin-bottom: 13px; margin-left: 48px;\"><span style=\"font-size: 12pt;\"><span style=\"color: #000000;\"><span style=\"line-height: normal;\"><span style=\"font-family: 'Times New Roman','serif';\"><span style=\"font-style: normal;\"><span style=\"font-weight: normal;\"><span style=\"tab-stops: list 36.0pt;\"><b><span style=\"font-size: 12pt;\"><span style=\"font-family: 'Times New Roman','serif';\">Anti-Aging Effekt:<\/span><\/span><\/b><span style=\"font-size: 12pt;\"><span style=\"font-family: 'Times New Roman','serif';\"> Unterst\u00fctzt die Hautelastizit\u00e4t bereits beim ersten Schritt der Pflegeroutine.<\/span><\/span><\/span><\/span><\/span><\/span><\/span><\/span><\/span><\/li>\n<li style=\"margin-bottom: 13px; margin-left: 48px;\"><span style=\"font-size: 12pt;\"><span style=\"color: #000000;\"><span style=\"line-height: normal;\"><span style=\"font-family: 'Times New Roman','serif';\"><span style=\"font-style: normal;\"><span style=\"font-weight: normal;\"><span style=\"tab-stops: list 36.0pt;\"><b><span style=\"font-size: 12pt;\"><span style=\"font-family: 'Times New Roman','serif';\">Beruhigend:<\/span><\/span><\/b><span style=\"font-size: 12pt;\"><span style=\"font-family: 'Times New Roman','serif';\"> Hilft Irritationen zu lindern und den Teint zu ebnen.<\/span><\/span><\/span><\/span><\/span><\/span><\/span><\/span><\/span><\/li>\n<li style=\"margin-bottom: 13px; margin-left: 48px;\"><span style=\"font-size: 12pt;\"><span style=\"color: #000000;\"><span style=\"line-height: normal;\"><span style=\"font-family: 'Times New Roman','serif';\"><span style=\"font-style: normal;\"><span style=\"font-weight: normal;\"><span style=\"tab-stops: list 36.0pt;\"><b><span style=\"font-size: 12pt;\"><span style=\"font-family: 'Times New Roman','serif';\">Frische-Gef\u00fchl:<\/span><\/span><\/b><span style=\"font-size: 12pt;\"><span style=\"font-family: 'Times New Roman','serif';\"> Die Haut wirkt sofort klarer, weicher und vitalisiert.<\/span><\/span><\/span><\/span><\/span><\/span><\/span><\/span><\/span><\/li>\n<\/ul>\n","protected":false},"excerpt":{"rendered":"<p><audio class=\"audio-for-speech\"><\/audio><\/p>\n<div class=\"translate-tooltip-mtz translator-hidden\">\n<div class=\"header\">\n<div class=\"header-controls\">Translator<\/div>\n<div class=\"header-controls\"><\/div>\n<\/div>\n<div class=\"translated-text\">\n<div class=\"words\"><\/div>\n<div class=\"sentences\"><\/div>\n<\/div>\n<\/div>\n<p>&nbsp;<\/p>\n<p style=\"margin-bottom: 13px;\"><span style=\"line-height: normal;\"><span style=\"font-size: 12pt;\">Regenerierender Reinigungsschaum mit Schneckenschleim-Extrakt. Reinigt sanft und porentief, spendet Feuchtigkeit und unterst\u00fctzt die Zellerneuerung. F\u00fcr eine glatte, reine und sichtbar verj\u00fcngte Haut.<\/span><\/span><\/p>\n","protected":false},"featured_media":5111,"comment_status":"open","ping_status":"closed","template":"","meta":{"_monsterinsights_skip_tracking":false,"_monsterinsights_sitenote_active":false,"_monsterinsights_sitenote_note":"","_monsterinsights_sitenote_category":0,"_uf_show_specific_survey":0,"_uf_disable_surveys":false},"pwb-brand":[236],"product_brand":[],"product_cat":[227,139],"product_tag":[],"class_list":{"0":"post-5107","1":"product","2":"type-product","3":"status-publish","4":"has-post-thumbnail","6":"pwb-brand-arsy-cosmetics","7":"product_cat-reinigung","8":"product_cat-rosa-uniqa-snailhyaluron","9":"product_shipping_class-standard","11":"first","12":"instock","13":"taxable","14":"shipping-taxable","15":"purchasable","16":"product-type-simple"},"aioseo_notices":[],"jetpack_sharing_enabled":true,"brands":[{"id":236,"name":"ARSY Cosmetics","slug":"arsy-cosmetics"}],"_links":{"self":[{"href":"https:\/\/larose-beauty.at\/shop\/wp-json\/wp\/v2\/product\/5107","targetHints":{"allow":["GET"]}}],"collection":[{"href":"https:\/\/larose-beauty.at\/shop\/wp-json\/wp\/v2\/product"}],"about":[{"href":"https:\/\/larose-beauty.at\/shop\/wp-json\/wp\/v2\/types\/product"}],"replies":[{"embeddable":true,"href":"https:\/\/larose-beauty.at\/shop\/wp-json\/wp\/v2\/comments?post=5107"}],"wp:featuredmedia":[{"embeddable":true,"href":"https:\/\/larose-beauty.at\/shop\/wp-json\/wp\/v2\/media\/5111"}],"wp:attachment":[{"href":"https:\/\/larose-beauty.at\/shop\/wp-json\/wp\/v2\/media?parent=5107"}],"wp:term":[{"taxonomy":"pwb-brand","embeddable":true,"href":"https:\/\/larose-beauty.at\/shop\/wp-json\/wp\/v2\/pwb-brand?post=5107"},{"taxonomy":"product_brand","embeddable":true,"href":"https:\/\/larose-beauty.at\/shop\/wp-json\/wp\/v2\/product_brand?post=5107"},{"taxonomy":"product_cat","embeddable":true,"href":"https:\/\/larose-beauty.at\/shop\/wp-json\/wp\/v2\/product_cat?post=5107"},{"taxonomy":"product_tag","embeddable":true,"href":"https:\/\/larose-beauty.at\/shop\/wp-json\/wp\/v2\/product_tag?post=5107"}],"curies":[{"name":"wp","href":"https:\/\/api.w.org\/{rel}","templated":true}]}}