{"id":5106,"date":"2026-01-20T18:02:05","date_gmt":"2026-01-20T17:02:05","guid":{"rendered":"https:\/\/larose-beauty.at\/shop\/produkt\/white-rose-face-mist-toner-100-ml\/"},"modified":"2026-01-20T18:30:45","modified_gmt":"2026-01-20T17:30:45","slug":"white-rose-face-mist-toner-100-ml","status":"publish","type":"product","link":"https:\/\/larose-beauty.at\/shop\/produkt\/white-rose-face-mist-toner-100-ml\/","title":{"rendered":"WHITE ROSE FACE MIST &amp; TONER 100 ml"},"content":{"rendered":"<p><audio class=\"audio-for-speech\"><\/audio><\/p>\n<div class=\"translate-tooltip-mtz translator-hidden\">\n<div class=\"header\">\n<div class=\"header-controls\">Translator<\/div>\n<div class=\"header-controls\"><\/div>\n<\/div>\n<div class=\"translated-text\">\n<div class=\"words\"><\/div>\n<div class=\"sentences\"><\/div>\n<\/div>\n<\/div>\n<p>&nbsp;<\/p>\n<p style=\"margin-bottom: 13px;\"><span style=\"line-height: normal;\"><b><span style=\"font-size: 18pt;\"><span style=\"font-family: 'Times New Roman','serif';\">White Rose &amp; Caviar \u2013 Erfrischendes Gesichts-Mist &amp; Tonic<\/span><\/span><\/b><\/span><\/p>\n<p style=\"margin-bottom: 13px;\"><span style=\"line-height: normal;\"><b><span style=\"font-size: 12pt;\"><span style=\"font-family: 'Times New Roman','serif';\">Luxus-Erfrischung f\u00fcr einen strahlenden Teint.<\/span><\/span><\/b><span style=\"font-size: 12pt;\"><span style=\"font-family: 'Times New Roman','serif';\"> Das <b>White Rose &amp; Caviar Face Mist<\/b> ist mehr als nur ein Gesichtswasser \u2013 es ist ein belebender Feuchtigkeits-Booster f\u00fcr anspruchsvolle Haut. Die exklusive Formel basiert auf organischem Bl\u00fctenwasser der wei\u00dfen Rose (<i>Rosa Alba<\/i>), die f\u00fcr ihre au\u00dfergew\u00f6hnliche Reinheit und ihre sanften Pflegeeigenschaften bekannt ist.<\/span><\/span><\/span><\/p>\n<p style=\"margin-bottom: 13px;\"><span style=\"line-height: normal;\"><span style=\"font-size: 12pt;\"><span style=\"font-family: 'Times New Roman','serif';\">Dieses Spray schenkt Ihrer Haut sofortige Vitalit\u00e4t, spendet wertvolle Feuchtigkeit und hinterl\u00e4sst einen hauchzarten, luxuri\u00f6sen Duft. Ob als tonisierender Abschluss Ihrer Reinigung oder als luxuri\u00f6ser Frischekick zwischendurch \u2013 Ihre Haut wird es lieben.<\/span><\/span><\/span><\/p>\n<p style=\"margin-bottom: 13px;\"><span style=\"line-height: normal;\"><b><span style=\"font-size: 13.5pt;\"><span style=\"font-family: 'Times New Roman','serif';\">Die exklusiven Wirkstoffe:<\/span><\/span><\/b><\/span><\/p>\n<ul>\n<li style=\"margin-bottom: 13px; margin-left: 48px;\"><span style=\"font-size: 12pt;\"><span style=\"color: #000000;\"><span style=\"line-height: normal;\"><span style=\"font-family: 'Times New Roman','serif';\"><span style=\"font-style: normal;\"><span style=\"font-weight: normal;\"><span style=\"tab-stops: list 36.0pt;\"><b><span style=\"font-size: 12pt;\"><span style=\"font-family: 'Times New Roman','serif';\">Organisches Wei\u00dfes Rosenwasser:<\/span><\/span><\/b><span style=\"font-size: 12pt;\"><span style=\"font-family: 'Times New Roman','serif';\"> Gewonnen aus der seltenen wei\u00dfen Rose. Es wirkt beruhigend, kl\u00e4rend und schenkt der Haut ein unvergleichliches Strahlen (Glow-Effekt).<\/span><\/span><\/span><\/span><\/span><\/span><\/span><\/span><\/span><\/li>\n<li style=\"margin-bottom: 13px; margin-left: 48px;\"><span style=\"font-size: 12pt;\"><span style=\"color: #000000;\"><span style=\"line-height: normal;\"><span style=\"font-family: 'Times New Roman','serif';\"><span style=\"font-style: normal;\"><span style=\"font-weight: normal;\"><span style=\"tab-stops: list 36.0pt;\"><b><span style=\"font-size: 12pt;\"><span style=\"font-family: 'Times New Roman','serif';\">Jasmin-Extrakt:<\/span><\/span><\/b><span style=\"font-size: 12pt;\"><span style=\"font-family: 'Times New Roman','serif';\"> Bekannt f\u00fcr seine regenerierenden Eigenschaften. Er beruhigt empfindliche Hautpartien und sorgt f\u00fcr Geschmeidigkeit.<\/span><\/span><\/span><\/span><\/span><\/span><\/span><\/span><\/span><\/li>\n<li style=\"margin-bottom: 13px; margin-left: 48px;\"><span style=\"font-size: 12pt;\"><span style=\"color: #000000;\"><span style=\"line-height: normal;\"><span style=\"font-family: 'Times New Roman','serif';\"><span style=\"font-style: normal;\"><span style=\"font-weight: normal;\"><span style=\"tab-stops: list 36.0pt;\"><b><span style=\"font-size: 12pt;\"><span style=\"font-family: 'Times New Roman','serif';\">Kaviar-Extrakt (Caviar):<\/span><\/span><\/b><span style=\"font-size: 12pt;\"><span style=\"font-family: 'Times New Roman','serif';\"> Reich an Aminos\u00e4uren, Vitaminen und Mineralien. Er unterst\u00fctzt die Hautstruktur und verleiht ein luxuri\u00f6ses, glattes Finish.<\/span><\/span><\/span><\/span><\/span><\/span><\/span><\/span><\/span><\/li>\n<li style=\"margin-bottom: 13px; margin-left: 48px;\"><span style=\"font-size: 12pt;\"><span style=\"color: #000000;\"><span style=\"line-height: normal;\"><span style=\"font-family: 'Times New Roman','serif';\"><span style=\"font-style: normal;\"><span style=\"font-weight: normal;\"><span style=\"tab-stops: list 36.0pt;\"><b><span style=\"font-size: 12pt;\"><span style=\"font-family: 'Times New Roman','serif';\">Hydratations-Komplex:<\/span><\/span><\/b><span style=\"font-size: 12pt;\"><span style=\"font-family: 'Times New Roman','serif';\"> Bewahrt die nat\u00fcrliche Feuchtigkeitsbalance und sch\u00fctzt vor dem Austrocknen durch Heizungsluft oder Sonne.<\/span><\/span><\/span><\/span><\/span><\/span><\/span><\/span><\/span><\/li>\n<\/ul>\n<p style=\"margin-bottom: 13px;\"><span style=\"line-height: normal;\"><b><span style=\"font-size: 13.5pt;\"><span style=\"font-family: 'Times New Roman','serif';\">Anwendungsm\u00f6glichkeiten:<\/span><\/span><\/b><\/span><\/p>\n<ul>\n<li style=\"margin-bottom: 13px; margin-left: 48px;\"><span style=\"font-size: 12pt;\"><span style=\"color: #000000;\"><span style=\"line-height: normal;\"><span style=\"font-family: 'Times New Roman','serif';\"><span style=\"font-style: normal;\"><span style=\"font-weight: normal;\"><span style=\"tab-stops: list 36.0pt;\"><b><span style=\"font-size: 12pt;\"><span style=\"font-family: 'Times New Roman','serif';\">Morgens:<\/span><\/span><\/b><span style=\"font-size: 12pt;\"><span style=\"font-family: 'Times New Roman','serif';\"> Als sanfter Wachmacher und Tonic nach der Reinigung.<\/span><\/span><\/span><\/span><\/span><\/span><\/span><\/span><\/span><\/li>\n<li style=\"margin-bottom: 13px; margin-left: 48px;\"><span style=\"font-size: 12pt;\"><span style=\"color: #000000;\"><span style=\"line-height: normal;\"><span style=\"font-family: 'Times New Roman','serif';\"><span style=\"font-style: normal;\"><span style=\"font-weight: normal;\"><span style=\"tab-stops: list 36.0pt;\"><b><span style=\"font-size: 12pt;\"><span style=\"font-family: 'Times New Roman','serif';\">Unterwegs:<\/span><\/span><\/b><span style=\"font-size: 12pt;\"><span style=\"font-family: 'Times New Roman','serif';\"> Zur sofortigen Erfrischung bei Stress, Hitze oder trockener Luft.<\/span><\/span><\/span><\/span><\/span><\/span><\/span><\/span><\/span><\/li>\n<li style=\"margin-bottom: 13px; margin-left: 48px;\"><span style=\"font-size: 12pt;\"><span style=\"color: #000000;\"><span style=\"line-height: normal;\"><span style=\"font-family: 'Times New Roman','serif';\"><span style=\"font-style: normal;\"><span style=\"font-weight: normal;\"><span style=\"tab-stops: list 36.0pt;\"><b><span style=\"font-size: 12pt;\"><span style=\"font-family: 'Times New Roman','serif';\">Make-up Fix:<\/span><\/span><\/b><span style=\"font-size: 12pt;\"><span style=\"font-family: 'Times New Roman','serif';\"> Einfach \u00fcber das Make-up spr\u00fchen, um Puder-R\u00fcckst\u00e4nde zu verschmelzen und ein nat\u00fcrliches, frisches Finish zu erzielen.<\/span><\/span><\/span><\/span><\/span><\/span><\/span><\/span><\/span><\/li>\n<\/ul>\n","protected":false},"excerpt":{"rendered":"<p><audio class=\"audio-for-speech\"><\/audio><\/p>\n<div class=\"translate-tooltip-mtz translator-hidden\">\n<div class=\"header\">\n<div class=\"header-controls\">Translator<\/div>\n<div class=\"header-controls\"><\/div>\n<\/div>\n<div class=\"translated-text\">\n<div class=\"words\"><\/div>\n<div class=\"sentences\"><\/div>\n<\/div>\n<\/div>\n<p>&nbsp;<\/p>\n<p><span style=\"line-height: 115%; font-size: 12pt;\">Exklusives Gesichtsspray mit organischem Wei\u00dfrosenwasser, Jasmin und Kaviar-Extrakt. Spendet intensive Feuchtigkeit, beruhigt die Haut und verleiht einen strahlenden Glow. Perfekt f\u00fcr die t\u00e4gliche Erfrischung und als luxuri\u00f6ses Finish \u00fcber dem Make-up.<\/span><\/p>\n","protected":false},"featured_media":5110,"comment_status":"open","ping_status":"closed","template":"","meta":{"_monsterinsights_skip_tracking":false,"_monsterinsights_sitenote_active":false,"_monsterinsights_sitenote_note":"","_monsterinsights_sitenote_category":0,"_uf_show_specific_survey":0,"_uf_disable_surveys":false},"pwb-brand":[236],"product_brand":[],"product_cat":[228,227,149],"product_tag":[],"class_list":{"0":"post-5106","1":"product","2":"type-product","3":"status-publish","4":"has-post-thumbnail","6":"pwb-brand-arsy-cosmetics","7":"product_cat-gesichtswasserrosenwasserrosenkosmetikgesichtsreinigungnaturkosmetikbio-rosenwasser","8":"product_cat-reinigung","9":"product_cat-white-rose-caviar-extract","10":"product_shipping_class-standard","12":"first","13":"instock","14":"taxable","15":"shipping-taxable","16":"purchasable","17":"product-type-simple"},"aioseo_notices":[],"jetpack_sharing_enabled":true,"brands":[{"id":236,"name":"ARSY Cosmetics","slug":"arsy-cosmetics"}],"_links":{"self":[{"href":"https:\/\/larose-beauty.at\/shop\/wp-json\/wp\/v2\/product\/5106","targetHints":{"allow":["GET"]}}],"collection":[{"href":"https:\/\/larose-beauty.at\/shop\/wp-json\/wp\/v2\/product"}],"about":[{"href":"https:\/\/larose-beauty.at\/shop\/wp-json\/wp\/v2\/types\/product"}],"replies":[{"embeddable":true,"href":"https:\/\/larose-beauty.at\/shop\/wp-json\/wp\/v2\/comments?post=5106"}],"wp:featuredmedia":[{"embeddable":true,"href":"https:\/\/larose-beauty.at\/shop\/wp-json\/wp\/v2\/media\/5110"}],"wp:attachment":[{"href":"https:\/\/larose-beauty.at\/shop\/wp-json\/wp\/v2\/media?parent=5106"}],"wp:term":[{"taxonomy":"pwb-brand","embeddable":true,"href":"https:\/\/larose-beauty.at\/shop\/wp-json\/wp\/v2\/pwb-brand?post=5106"},{"taxonomy":"product_brand","embeddable":true,"href":"https:\/\/larose-beauty.at\/shop\/wp-json\/wp\/v2\/product_brand?post=5106"},{"taxonomy":"product_cat","embeddable":true,"href":"https:\/\/larose-beauty.at\/shop\/wp-json\/wp\/v2\/product_cat?post=5106"},{"taxonomy":"product_tag","embeddable":true,"href":"https:\/\/larose-beauty.at\/shop\/wp-json\/wp\/v2\/product_tag?post=5106"}],"curies":[{"name":"wp","href":"https:\/\/api.w.org\/{rel}","templated":true}]}}