{"id":5104,"date":"2026-01-20T17:42:59","date_gmt":"2026-01-20T16:42:59","guid":{"rendered":"https:\/\/larose-beauty.at\/shop\/produkt\/rejuvenating-eye-serum-50-ml\/"},"modified":"2026-01-20T18:36:52","modified_gmt":"2026-01-20T17:36:52","slug":"rejuvenating-eye-serum-50-ml","status":"publish","type":"product","link":"https:\/\/larose-beauty.at\/shop\/produkt\/rejuvenating-eye-serum-50-ml\/","title":{"rendered":"REJUVENATING EYE SERUM 50 ml"},"content":{"rendered":"<p><audio class=\"audio-for-speech\"><\/audio><\/p>\n<div class=\"translate-tooltip-mtz translator-hidden\">\n<div class=\"header\">\n<div class=\"header-controls\">Translator<\/div>\n<div class=\"header-controls\"><\/div>\n<\/div>\n<div class=\"translated-text\">\n<div class=\"words\"><\/div>\n<div class=\"sentences\"><\/div>\n<\/div>\n<\/div>\n<p>&nbsp;<\/p>\n<p style=\"margin-bottom: 13px;\"><span style=\"line-height: normal;\"><b><span style=\"font-size: 18pt;\"><span style=\"font-family: 'Times New Roman','serif';\">Natural Rose Verj\u00fcngendes Augenserum \u2013 Die Kraft der bulgarischen Rose<\/span><\/span><\/b><\/span><\/p>\n<p style=\"margin-bottom: 13px;\"><span style=\"line-height: normal;\"><b><span style=\"font-size: 12pt;\"><span style=\"font-family: 'Times New Roman','serif';\">Schenken Sie Ihrem Blick die zeitlose Eleganz der Rose.<\/span><\/span><\/b><span style=\"font-size: 12pt;\"><span style=\"font-family: 'Times New Roman','serif';\"> Das <b>Arsy Cosmetics Natural Rose Eye Serum<\/b> ist eine hocheffektive Pflegekur f\u00fcr die anspruchsvolle Augenpartie. Die Kombination aus naturreinem <b>bulgarischen Rosen\u00f6l<\/b>, Rosenwasser und modernen Anti-Aging-Wirkstoffen macht dieses Serum zu einem unverzichtbaren Helfer gegen die Zeichen der Zeit.<\/span><\/span><\/span><\/p>\n<p style=\"margin-bottom: 13px;\"><span style=\"line-height: normal;\"><span style=\"font-size: 12pt;\"><span style=\"font-family: 'Times New Roman','serif';\">Die zarte Formel dringt tief in die Hautschichten ein, um die Kollagenproduktion zu stimulieren und die Elastizit\u00e4t zu verbessern. Es wirkt gezielt gegen Schwellungen und dunkle Schatten, w\u00e4hrend der bet\u00f6rende Duft der Rose Ihre t\u00e4gliche Pflegeroutine in ein luxuri\u00f6ses Spa-Erlebnis verwandelt.<\/span><\/span><\/span><\/p>\n<h3 style=\"margin: 1em 0cm;\"><span style=\"font-size: 12pt;\">Die Power-Wirkstoffe im Detail:<\/span><\/h3>\n<ul style=\"list-style-type: disc; direction: ltr;\">\n<li style=\"color: #000000; font-family: 'Times New Roman','serif'; font-size: 12pt; font-style: normal; font-weight: normal;\">\n<p style=\"color: #000000; font-family: 'Times New Roman','serif'; font-size: 12pt; font-style: normal; font-weight: normal; tab-stops: list 36.0pt; mso-list: l0 level1 lfo1;\" data-path-to-node=\"6,0,0\"><b data-index-in-node=\"0\" data-path-to-node=\"6,0,0\">Bulgarisches Rosen\u00f6l (Rosa Damascena):<\/b> Das fl\u00fcssige Gold der Natur. Es wirkt stark regenerierend, entz\u00fcndungshemmend und gl\u00e4ttet die Hautoberfl\u00e4che.<\/p>\n<\/li>\n<li style=\"color: #000000; font-family: 'Times New Roman','serif'; font-size: 12pt; font-style: normal; font-weight: normal;\">\n<p style=\"color: #000000; font-family: 'Times New Roman','serif'; font-size: 12pt; font-style: normal; font-weight: normal; tab-stops: list 36.0pt; mso-list: l0 level1 lfo1;\" data-path-to-node=\"6,1,0\"><b data-index-in-node=\"0\" data-path-to-node=\"6,1,0\">Nat\u00fcrliches Rosenwasser:<\/b> Spendet sofortige Feuchtigkeit, wirkt beruhigend bei R\u00f6tungen und tonisiert die Haut f\u00fcr einen frischen Teint.<\/p>\n<\/li>\n<li style=\"color: #000000; font-family: 'Times New Roman','serif'; font-size: 12pt; font-style: normal; font-weight: normal;\">\n<p style=\"color: #000000; font-family: 'Times New Roman','serif'; font-size: 12pt; font-style: normal; font-weight: normal; tab-stops: list 36.0pt; mso-list: l0 level1 lfo1;\" data-path-to-node=\"6,2,0\"><b data-index-in-node=\"0\" data-path-to-node=\"6,2,0\">Argan\u00f6l:<\/b> Reich an Vitamin E und essenziellen Fetts\u00e4uren. Es n\u00e4hrt die Haut tiefenwirksam und sch\u00fctzt sie vor oxidativem Stress (Anti-Pollution-Effekt).<\/p>\n<\/li>\n<li style=\"color: #000000; font-family: 'Times New Roman','serif'; font-size: 12pt; font-style: normal; font-weight: normal;\">\n<p style=\"color: #000000; font-family: 'Times New Roman','serif'; font-size: 12pt; font-style: normal; font-weight: normal; tab-stops: list 36.0pt; mso-list: l0 level1 lfo1;\" data-path-to-node=\"6,3,0\"><b data-index-in-node=\"0\" data-path-to-node=\"6,3,0\">Hyalurons\u00e4ure:<\/b> Bindet Feuchtigkeit in den tieferen Hautschichten und polstert Trockenheitsf\u00e4ltchen von innen heraus auf.<\/p>\n<\/li>\n<li style=\"color: #000000; font-family: 'Times New Roman','serif'; font-size: 12pt; font-style: normal; font-weight: normal;\">\n<p style=\"color: #000000; font-family: 'Times New Roman','serif'; font-size: 12pt; font-style: normal; font-weight: normal; tab-stops: list 36.0pt; mso-list: l0 level1 lfo1;\" data-path-to-node=\"6,4,0\"><b data-index-in-node=\"0\" data-path-to-node=\"6,4,0\">Kollagen &amp; Elastin:<\/b> Diese k\u00f6rpereigenen Proteine sorgen f\u00fcr die n\u00f6tige Spannkraft und verhindern das Absacken der Augenlider.<\/p>\n<\/li>\n<li style=\"color: #000000; font-family: Times New Roman; font-size: 12pt; font-style: normal; font-weight: normal;\">\n<p style=\"color: #000000; font-family: 'Times New Roman','serif'; font-size: 12pt; font-style: normal; font-weight: normal; tab-stops: list 36.0pt; mso-list: l0 level1 lfo1;\" data-path-to-node=\"6,5,0\"><b data-index-in-node=\"0\" data-path-to-node=\"6,5,0\">Traubenkernextrakt:<\/b> Ein starkes Antioxidans, das die Kapillaren st\u00e4rkt und so hilft, dunkle Augenringe zu mildern.<\/p>\n<\/li>\n<\/ul>\n<p style=\"margin-bottom: 13px;\"><span style=\"line-height: normal;\"><b><span style=\"font-size: 13.5pt;\"><span style=\"font-family: 'Times New Roman','serif';\">Warum Sie dieses Serum lieben werden:<\/span><\/span><\/b><\/span><\/p>\n<ul>\n<li style=\"margin-bottom: 13px; margin-left: 48px;\"><span style=\"font-size: 12pt;\"><span style=\"color: #000000;\"><span style=\"line-height: normal;\"><span style=\"font-family: 'Times New Roman','serif';\"><span style=\"font-style: normal;\"><span style=\"font-weight: normal;\"><span style=\"tab-stops: list 36.0pt;\"><b><span style=\"font-size: 12pt;\"><span style=\"font-family: 'Times New Roman','serif';\">Echtes Rosen\u00f6l &amp; Rosenwasser:<\/span><\/span><\/b><span style=\"font-size: 12pt;\"><span style=\"font-family: 'Times New Roman','serif';\"> Bekannt f\u00fcr ihre regenerierenden, entz\u00fcndungshemmenden und feuchtigkeitsspendenden Eigenschaften.<\/span><\/span><\/span><\/span><\/span><\/span><\/span><\/span><\/span><\/li>\n<li style=\"margin-bottom: 13px; margin-left: 48px;\"><span style=\"font-size: 12pt;\"><span style=\"color: #000000;\"><span style=\"line-height: normal;\"><span style=\"font-family: 'Times New Roman','serif';\"><span style=\"font-style: normal;\"><span style=\"font-weight: normal;\"><span style=\"tab-stops: list 36.0pt;\"><b><span style=\"font-size: 12pt;\"><span style=\"font-family: 'Times New Roman','serif';\">Sofort-Lifting-Effekt:<\/span><\/span><\/b><span style=\"font-size: 12pt;\"><span style=\"font-family: 'Times New Roman','serif';\"> Gl\u00e4ttet Mimikfalten und Kr\u00e4henf\u00fc\u00dfe sp\u00fcrbar ab der ersten Anwendung.<\/span><\/span><\/span><\/span><\/span><\/span><\/span><\/span><\/span><\/li>\n<li style=\"margin-bottom: 13px; margin-left: 48px;\"><span style=\"font-size: 12pt;\"><span style=\"color: #000000;\"><span style=\"line-height: normal;\"><span style=\"font-family: 'Times New Roman','serif';\"><span style=\"font-style: normal;\"><span style=\"font-weight: normal;\"><span style=\"tab-stops: list 36.0pt;\"><b><span style=\"font-size: 12pt;\"><span style=\"font-family: 'Times New Roman','serif';\">Vitalisierender Komplex:<\/span><\/span><\/b><span style=\"font-size: 12pt;\"><span style=\"font-family: 'Times New Roman','serif';\"> Reduziert Anzeichen von M\u00fcdigkeit und l\u00e4sst die Augenpartie heller und wacher erscheinen.<\/span><\/span><\/span><\/span><\/span><\/span><\/span><\/span><\/span><\/li>\n<li style=\"margin-bottom: 13px; margin-left: 48px;\"><span style=\"font-size: 12pt;\"><span style=\"color: #000000;\"><span style=\"line-height: normal;\"><span style=\"font-family: 'Times New Roman','serif';\"><span style=\"font-style: normal;\"><span style=\"font-weight: normal;\"><span style=\"tab-stops: list 36.0pt;\"><b><span style=\"font-size: 12pt;\"><span style=\"font-family: 'Times New Roman','serif';\">Reine Naturkraft:<\/span><\/span><\/b><span style=\"font-size: 12pt;\"><span style=\"font-family: 'Times New Roman','serif';\"> Frei von aggressiven Chemikalien, ideal f\u00fcr die sensible Haut rund um die Augen.<\/span><\/span><\/span><\/span><\/span><\/span><\/span><\/span><\/span><\/li>\n<\/ul>\n","protected":false},"excerpt":{"rendered":"<p><audio class=\"audio-for-speech\"><\/audio><\/p>\n<div class=\"translate-tooltip-mtz translator-hidden\">\n<div class=\"header\">\n<div class=\"header-controls\">Translator<\/div>\n<div class=\"header-controls\"><\/div>\n<\/div>\n<div class=\"translated-text\">\n<div class=\"words\"><\/div>\n<div class=\"sentences\"><\/div>\n<\/div>\n<\/div>\n<p>&nbsp;<\/p>\n<p style=\"margin-bottom: 13px;\"><span style=\"line-height: 115%; font-size: 12pt;\">Luxuri\u00f6ses Anti-Aging Augenserum mit echtem bulgarischen Rosen\u00f6l, Hyaluron und Argan\u00f6l. Strafft die Augenkontur, spendet intensive Feuchtigkeit und wirkt aktiv gegen Augenringe und F\u00e4ltchen<\/span><\/p>\n","protected":false},"featured_media":5108,"comment_status":"open","ping_status":"closed","template":"","meta":{"_monsterinsights_skip_tracking":false,"_monsterinsights_sitenote_active":false,"_monsterinsights_sitenote_note":"","_monsterinsights_sitenote_category":0,"_uf_show_specific_survey":0,"_uf_disable_surveys":false},"pwb-brand":[236],"product_brand":[],"product_cat":[226,152,430,223],"product_tag":[],"class_list":{"0":"post-5104","1":"product","2":"type-product","3":"status-publish","4":"has-post-thumbnail","6":"pwb-brand-arsy-cosmetics","7":"product_cat-rosencremerosenkosmetikbio-rosenkosmetikrosenoel-kosmetiknaturkosmetikaugencremeanti-age-creme","8":"product_cat-natural-rose-retinolq10-c","9":"product_cat-natural-rose-retinolq10-c-2","10":"product_cat-rosenkosmetikrosenoel-kosmetiknaturkosmetikgesichtsmaskerosenoel-maskeanti-pigment-creme","11":"product_shipping_class-standard","13":"first","14":"instock","15":"taxable","16":"shipping-taxable","17":"purchasable","18":"product-type-simple"},"aioseo_notices":[],"jetpack_sharing_enabled":true,"brands":[{"id":236,"name":"ARSY Cosmetics","slug":"arsy-cosmetics"}],"_links":{"self":[{"href":"https:\/\/larose-beauty.at\/shop\/wp-json\/wp\/v2\/product\/5104","targetHints":{"allow":["GET"]}}],"collection":[{"href":"https:\/\/larose-beauty.at\/shop\/wp-json\/wp\/v2\/product"}],"about":[{"href":"https:\/\/larose-beauty.at\/shop\/wp-json\/wp\/v2\/types\/product"}],"replies":[{"embeddable":true,"href":"https:\/\/larose-beauty.at\/shop\/wp-json\/wp\/v2\/comments?post=5104"}],"wp:featuredmedia":[{"embeddable":true,"href":"https:\/\/larose-beauty.at\/shop\/wp-json\/wp\/v2\/media\/5108"}],"wp:attachment":[{"href":"https:\/\/larose-beauty.at\/shop\/wp-json\/wp\/v2\/media?parent=5104"}],"wp:term":[{"taxonomy":"pwb-brand","embeddable":true,"href":"https:\/\/larose-beauty.at\/shop\/wp-json\/wp\/v2\/pwb-brand?post=5104"},{"taxonomy":"product_brand","embeddable":true,"href":"https:\/\/larose-beauty.at\/shop\/wp-json\/wp\/v2\/product_brand?post=5104"},{"taxonomy":"product_cat","embeddable":true,"href":"https:\/\/larose-beauty.at\/shop\/wp-json\/wp\/v2\/product_cat?post=5104"},{"taxonomy":"product_tag","embeddable":true,"href":"https:\/\/larose-beauty.at\/shop\/wp-json\/wp\/v2\/product_tag?post=5104"}],"curies":[{"name":"wp","href":"https:\/\/api.w.org\/{rel}","templated":true}]}}