{"id":5101,"date":"2017-07-25T00:00:00","date_gmt":"2017-07-24T22:00:00","guid":{"rendered":"https:\/\/larose-beauty.at\/shop\/produkt\/macadamia-keratin-2-phase-moisture-spray\/"},"modified":"2026-01-20T17:09:38","modified_gmt":"2026-01-20T16:09:38","slug":"macadamia-keratin-2-phase-moisture-spray","status":"publish","type":"product","link":"https:\/\/larose-beauty.at\/shop\/produkt\/macadamia-keratin-2-phase-moisture-spray\/","title":{"rendered":"MACADAMIA &amp; KERATIN 2-phase  Moisture Spray"},"content":{"rendered":"<p><audio class=\"audio-for-speech\"><\/audio><\/p>\n<div class=\"translate-tooltip-mtz translator-hidden\">\n<div class=\"header\">\n<div class=\"header-controls\">Translator<\/div>\n<div class=\"header-controls\"><\/div>\n<\/div>\n<div class=\"translated-text\">\n<div class=\"words\"><\/div>\n<div class=\"sentences\"><\/div>\n<\/div>\n<\/div>\n<p>&nbsp;<\/p>\n<p><span style=\"font-family: Times New Roman;\"><span style=\"font-family: Times New Roman;\"><span class=\"tlid-translation\">MACADAMIA &amp; KERATIN ZWEIPHASENSPRAY Volume Rich Leave-In <\/span><\/span><\/span><\/p>\n<ul class=\"MsoNormal\" style=\"margin: 0cm 0cm 10pt 35.45pt;\">\n<li><span class=\"tlid-translation\">\u00a0\u00a0\u00a0\u00a0Es hebt das Haar von der Wurzel und gibt es dicht<\/span><\/li>\n<li><span class=\"tlid-translation\">\u00a0\u00a0\u00a0\u00a0Das Haar ist sp\u00fcrbar volumin\u00f6ser, weicher und lebendiger<\/span><\/li>\n<li><span class=\"tlid-translation\">\u00a0\u00a0\u00a0\u00a0Bietet sanftes Entwirren und einfaches K\u00e4mmen<\/span><\/li>\n<li><span class=\"tlid-translation\">\u00a0\u00a0\u00a0\u00a0Das Haar bleibt glatt, geschmeidig und voller Glanz<\/span><\/li>\n<li><span class=\"tlid-translation\">\u00a0\u00a0\u00a0\u00a0Sch\u00fctzt das Haar bei der W\u00e4rmebehandlung<\/span><\/li>\n<\/ul>\n<p><span class=\"tlid-translation\">Verwandeln Sie feines und widerspenstiges Haar mit Macadamia &amp; Keratin Volume Rich Leave-In Spray f\u00fcr Volumen, Schutz und Pflege! Es hebt das Haar von der Wurzel und verleiht Dichte, ohne zu verh\u00e4rten und ohne Spuren zu hinterlassen. Das Haar ist sp\u00fcrbar volumin\u00f6ser, weicher und lebendiger. Bietet sanftes Entwirren und einfaches K\u00e4mmen. Nach dem Trocknen bleibt das Haar glatt, geschmeidig und voller Glanz. Sch\u00fctzt das Haar w\u00e4hrend der W\u00e4rmebehandlung oder beim Gl\u00e4tten mit der Presse.<\/span><\/p>\n<p><span class=\"tlid-translation\"><strong>Gebrauchsanweisung:<\/strong> Produkt kr\u00e4ftig sch\u00fctteln, um eine gleichm\u00e4\u00dfige Konsistenz zu erhalten! Spr\u00fchen Sie leicht auf feuchtes Haar zur Pflege und vor dem Styling auf. F\u00fcr au\u00dfergew\u00f6hnlichen Glanz spr\u00fchen Sie auf bereits getrocknetes Haar sehr sparsam wieder auf. Nicht <span style=\"mso-spacerun: yes;\">\u00a0<\/span>auswaschen!<\/span><\/p>\n<p>&nbsp;<\/p>\n","protected":false},"excerpt":{"rendered":"<p><audio class=\"audio-for-speech\"><\/audio><\/p>\n<div class=\"translate-tooltip-mtz translator-hidden\">\n<div class=\"header\">\n<div class=\"header-controls\">Translator<\/div>\n<div class=\"header-controls\"><\/div>\n<\/div>\n<div class=\"translated-text\">\n<div class=\"words\"><\/div>\n<div class=\"sentences\"><\/div>\n<\/div>\n<\/div>\n<p>&nbsp;<\/p>\n<p>MACADAMIA &amp; KERATIN ZWEIPHASENSPRAY Volume Rich Leave-In<\/p>\n<ul>\n<li>Es hebt das Haar von der Wurzel und gibt es dicht<\/li>\n<li>Das Haar ist sp\u00fcrbar volumin\u00f6ser, weicher und lebendiger<\/li>\n<li>Bietet sanftes Entwirren und einfaches K\u00e4mmen<\/li>\n<li>Das Haar bleibt glatt, geschmeidig und voller Glanz<\/li>\n<li>Sch\u00fctzt das Haar bei der W\u00e4rmebehandlung<\/li>\n<\/ul>\n","protected":false},"featured_media":5102,"comment_status":"open","ping_status":"closed","template":"","meta":{"_monsterinsights_skip_tracking":false,"_monsterinsights_sitenote_active":false,"_monsterinsights_sitenote_note":"","_monsterinsights_sitenote_category":0,"_uf_show_specific_survey":0,"_uf_disable_surveys":false},"pwb-brand":[236],"product_brand":[],"product_cat":[134,244,278,59,246,136],"product_tag":[],"class_list":{"0":"post-5101","1":"product","2":"type-product","3":"status-publish","4":"has-post-thumbnail","6":"pwb-brand-arsy-cosmetics","7":"product_cat-haar-balsam-haar-pflegeshampoohaarkurhaarwasser","8":"product_cat-haar-conditioner","9":"product_cat-haarpflege","10":"product_cat-macadamia-keratin","11":"product_cat-styling-haarpflege","12":"product_cat-styling","13":"product_shipping_class-standard","15":"first","16":"instock","17":"taxable","18":"shipping-taxable","19":"purchasable","20":"product-type-simple"},"aioseo_notices":[],"jetpack_sharing_enabled":true,"brands":[{"id":236,"name":"ARSY Cosmetics","slug":"arsy-cosmetics"}],"_links":{"self":[{"href":"https:\/\/larose-beauty.at\/shop\/wp-json\/wp\/v2\/product\/5101","targetHints":{"allow":["GET"]}}],"collection":[{"href":"https:\/\/larose-beauty.at\/shop\/wp-json\/wp\/v2\/product"}],"about":[{"href":"https:\/\/larose-beauty.at\/shop\/wp-json\/wp\/v2\/types\/product"}],"replies":[{"embeddable":true,"href":"https:\/\/larose-beauty.at\/shop\/wp-json\/wp\/v2\/comments?post=5101"}],"wp:featuredmedia":[{"embeddable":true,"href":"https:\/\/larose-beauty.at\/shop\/wp-json\/wp\/v2\/media\/5102"}],"wp:attachment":[{"href":"https:\/\/larose-beauty.at\/shop\/wp-json\/wp\/v2\/media?parent=5101"}],"wp:term":[{"taxonomy":"pwb-brand","embeddable":true,"href":"https:\/\/larose-beauty.at\/shop\/wp-json\/wp\/v2\/pwb-brand?post=5101"},{"taxonomy":"product_brand","embeddable":true,"href":"https:\/\/larose-beauty.at\/shop\/wp-json\/wp\/v2\/product_brand?post=5101"},{"taxonomy":"product_cat","embeddable":true,"href":"https:\/\/larose-beauty.at\/shop\/wp-json\/wp\/v2\/product_cat?post=5101"},{"taxonomy":"product_tag","embeddable":true,"href":"https:\/\/larose-beauty.at\/shop\/wp-json\/wp\/v2\/product_tag?post=5101"}],"curies":[{"name":"wp","href":"https:\/\/api.w.org\/{rel}","templated":true}]}}