{"id":4743,"date":"2025-07-15T14:13:07","date_gmt":"2025-07-15T12:13:07","guid":{"rendered":"https:\/\/larose-beauty.at\/shop\/produkt\/intimgel-mit-kamille-milchsaeure-170-ml-2\/"},"modified":"2026-04-02T16:48:42","modified_gmt":"2026-04-02T14:48:42","slug":"intimgel-mit-kamille-milchsaeure-170-ml-2","status":"publish","type":"product","link":"https:\/\/larose-beauty.at\/shop\/produkt\/intimgel-mit-kamille-milchsaeure-170-ml-2\/","title":{"rendered":"Intimgel mit Kamille &amp; Milchs\u00e4ure 170 ml"},"content":{"rendered":"<p><span style=\"font-family: 'Calibri','sans-serif';\">\ud83c\udf38<\/span> <strong data-end=\"943\" data-start=\"869\">Intimgel mit Kamillenextrakt &amp; Milchs\u00e4ure \u2013 Beruhigt, sch\u00fctzt &amp; pflegt<\/strong><br data-end=\"946\" data-start=\"943\" \/>Dieses sanfte Intimgel enth\u00e4lt <strong data-end=\"1026\" data-start=\"977\">hochwertigen Kamillenextrakt in Glycerinbasis<\/strong>, bekannt f\u00fcr seine entz\u00fcndungshemmende und entspannende Wirkung. In Kombination mit <strong data-end=\"1125\" data-start=\"1111\">Milchs\u00e4ure<\/strong> wird die Haut nicht nur gereinigt, sondern auch gesch\u00fctzt und optimal mit Feuchtigkeit versorgt.<\/p>\n<p data-end=\"1431\" data-start=\"1226\">\u2728 <strong data-end=\"1274\" data-start=\"1228\">Ideal bei sensibler Haut und Irritationen:<\/strong><br data-end=\"1277\" data-start=\"1274\" \/><span style=\"font-family: 'MS Mincho';\">\u2714<\/span> Kamille beruhigt &amp; spendet Feuchtigkeit<br data-end=\"1321\" data-start=\"1318\" \/><span style=\"font-family: 'MS Mincho';\">\u2714<\/span> Milchs\u00e4ure unterst\u00fctzt die Hautbarriere<br data-end=\"1365\" data-start=\"1362\" \/><span style=\"font-family: 'MS Mincho';\">\u2714<\/span> Antibakteriell &amp; pH-hautneutral<br data-end=\"1401\" data-start=\"1398\" \/><span style=\"font-family: 'MS Mincho';\">\u2714<\/span> Sanfte Reinigung \u2013 jeden Tag<\/p>\n<p data-end=\"1520\" data-start=\"1433\">\ud83d\udc97 F\u00fcr nat\u00fcrliche Frische &amp; ein ausgeglichenes Hautgef\u00fchl \u2013 sanft wie die Natur selbst.<\/p>\n<p style=\"margin-bottom: 13px;\"><span style=\"font-size: 12pt;\"><span style=\"line-height: 115%;\"><span style=\"font-family: 'Times New Roman','serif';\">\u00a0Tu dir etwas Gutes \u2013 mit sanfter Intimpflege, der du vertrauen kannst.<\/span><\/span><\/span><\/p>\n<p><strong>Kamillenextrakt<\/strong><br data-end=\"269\" data-start=\"266\" \/>Der Kamillenextrakt wird in reinem Glycerin gewonnen. Kamille ist mit ihren besonders sanften und wohltuenden Eigenschaften unverzichtbar \u2013 sie wirkt <strong data-end=\"441\" data-start=\"419\">entz\u00fcndungshemmend<\/strong> und <strong data-end=\"461\" data-start=\"446\">entspannend<\/strong>. F\u00fcr alle Hauttypen geeignet. Sie beruhigt gereizte Haut und spendet intensive Feuchtigkeit.<\/p>\n<p data-end=\"772\" data-start=\"556\"><strong data-end=\"570\" data-start=\"556\">Milchs\u00e4ure<\/strong><br data-end=\"573\" data-start=\"570\" \/>Milchs\u00e4ure sch\u00fctzt die Intimzone, stellt die nat\u00fcrliche Hautbarriere wieder her und speichert Feuchtigkeit. Sie besitzt <strong data-end=\"724\" data-start=\"693\">antiseptische Eigenschaften<\/strong> und hemmt das Wachstum unerw\u00fcnschter Bakterien.<\/p>\n","protected":false},"excerpt":{"rendered":"<h3 style=\"margin-top: 16px; margin-bottom: 16px;\"><span style=\"font-size: large;\">\ud83c\udf38 Intimgel mit Kamille &amp; Milchs\u00e4ure<\/span><\/h3>\n<p data-end=\"349\" data-start=\"165\">Sanfte, seifenfreie Pflege f\u00fcr den Intimbereich.<br data-end=\"216\" data-start=\"213\" \/>Beruhigt empfindliche Haut &amp; bewahrt den nat\u00fcrlichen pH-Wert.<br data-end=\"280\" data-start=\"277\" \/>Mit nat\u00fcrlichem Kamillenextrakt \u2013 ideal f\u00fcr die t\u00e4gliche Anwendung.<\/p>\n","protected":false},"featured_media":4745,"comment_status":"closed","ping_status":"closed","template":"","meta":{"_monsterinsights_skip_tracking":false,"_monsterinsights_sitenote_active":false,"_monsterinsights_sitenote_note":"","_monsterinsights_sitenote_category":0,"_uf_show_specific_survey":0,"_uf_disable_surveys":false},"pwb-brand":[446],"product_brand":[],"product_cat":[347],"product_tag":[],"class_list":{"0":"post-4743","1":"product","2":"type-product","3":"status-publish","4":"has-post-thumbnail","6":"pwb-brand-nature-of-agiva","7":"product_cat-intimpflege","8":"product_shipping_class-standard","10":"first","11":"instock","12":"taxable","13":"shipping-taxable","14":"purchasable","15":"product-type-simple"},"aioseo_notices":[],"jetpack_sharing_enabled":true,"brands":[{"id":446,"name":"NATURE of AGIVA","slug":"nature-of-agiva"}],"_links":{"self":[{"href":"https:\/\/larose-beauty.at\/shop\/wp-json\/wp\/v2\/product\/4743","targetHints":{"allow":["GET"]}}],"collection":[{"href":"https:\/\/larose-beauty.at\/shop\/wp-json\/wp\/v2\/product"}],"about":[{"href":"https:\/\/larose-beauty.at\/shop\/wp-json\/wp\/v2\/types\/product"}],"replies":[{"embeddable":true,"href":"https:\/\/larose-beauty.at\/shop\/wp-json\/wp\/v2\/comments?post=4743"}],"wp:featuredmedia":[{"embeddable":true,"href":"https:\/\/larose-beauty.at\/shop\/wp-json\/wp\/v2\/media\/4745"}],"wp:attachment":[{"href":"https:\/\/larose-beauty.at\/shop\/wp-json\/wp\/v2\/media?parent=4743"}],"wp:term":[{"taxonomy":"pwb-brand","embeddable":true,"href":"https:\/\/larose-beauty.at\/shop\/wp-json\/wp\/v2\/pwb-brand?post=4743"},{"taxonomy":"product_brand","embeddable":true,"href":"https:\/\/larose-beauty.at\/shop\/wp-json\/wp\/v2\/product_brand?post=4743"},{"taxonomy":"product_cat","embeddable":true,"href":"https:\/\/larose-beauty.at\/shop\/wp-json\/wp\/v2\/product_cat?post=4743"},{"taxonomy":"product_tag","embeddable":true,"href":"https:\/\/larose-beauty.at\/shop\/wp-json\/wp\/v2\/product_tag?post=4743"}],"curies":[{"name":"wp","href":"https:\/\/api.w.org\/{rel}","templated":true}]}}