{"id":4724,"date":"2025-07-05T11:20:15","date_gmt":"2025-07-05T09:20:15","guid":{"rendered":"https:\/\/larose-beauty.at\/shop\/produkt\/miracle-rosy-face-body-cream-150-ml\/"},"modified":"2025-12-20T16:41:23","modified_gmt":"2025-12-20T15:41:23","slug":"miracle-rosy-face-body-cream-150-ml","status":"publish","type":"product","link":"https:\/\/larose-beauty.at\/shop\/produkt\/miracle-rosy-face-body-cream-150-ml\/","title":{"rendered":"MIRACLE ROSY FACE &amp; BODY CREAM 150 ml"},"content":{"rendered":"<p><strong>MIRACLE ROSY \u2013 Feuchtigkeitsspendende Gesichts- &amp; K\u00f6rpercreme mit Rosenwasser<\/strong><br data-end=\"205\" data-start=\"202\" \/><strong data-end=\"215\" data-start=\"205\">150 ml<\/strong><\/p>\n<p data-end=\"493\" data-start=\"217\">Entdecke die au\u00dfergew\u00f6hnliche Pflegekraft von <strong data-end=\"279\" data-start=\"263\">MIRACLE ROSY<\/strong> \u2013 einer vitalisierenden Creme f\u00fcr Gesicht und K\u00f6rper, angereichert mit 100\u202f% nat\u00fcrlichem Rosenwasser aus der bulgarischen \u00d6lrose, bekannt f\u00fcr ihre antioxidativen und intensiv feuchtigkeitsspendenden Eigenschaften.<\/p>\n<p data-end=\"703\" data-start=\"495\">Diese leichte, schnell einziehende Textur sorgt f\u00fcr sofortige und langanhaltende Hydratation. Gleichzeitig festigt sie die Haut, verbessert die Elastizit\u00e4t und verleiht ihr ein gesundes, strahlendes Aussehen.<\/p>\n<p data-end=\"1029\" data-start=\"705\">\u2728 <strong data-end=\"730\" data-start=\"707\">Vielseitige Pflege:<\/strong> Geeignet f\u00fcr alle Hauttypen \u2013 auch empfindliche Haut<br data-end=\"786\" data-start=\"783\" \/>\ud83c\udf3f <strong data-end=\"818\" data-start=\"789\">Nat\u00fcrliche Inhaltsstoffe:<\/strong> Mit 100\u202f% bulgarischem Rosenwasser<br data-end=\"856\" data-start=\"853\" \/>\ud83d\udca7 <strong data-end=\"891\" data-start=\"859\">Tiefenhydration &amp; Straffung:<\/strong> F\u00fcr Gesicht, Hals, Dekollet\u00e9, Brust und Oberschenkel<br data-end=\"947\" data-start=\"944\" \/>\ud83c\udf38 <strong data-end=\"974\" data-start=\"950\">Seidiges Hautgef\u00fchl:<\/strong> Zarte Textur mit einem feinen, nat\u00fcrlichen Rosenduft<\/p>\n<p data-end=\"1158\" data-start=\"1031\">Bei regelm\u00e4\u00dfiger Anwendung gewinnt die Haut ihre nat\u00fcrliche Ausstrahlung, Geschmeidigkeit und ihr angenehmes Hautgef\u00fchl zur\u00fcck.<\/p>\n<p data-end=\"1336\" data-start=\"1160\"><strong data-end=\"1176\" data-start=\"1160\">MIRACLE ROSY<\/strong> \u2013 die perfekte Wahl f\u00fcr alle, die nat\u00fcrliche, wirkungsvolle und duftende Pflege lieben \u2013 inspiriert von der Kraft der Natur und den bulgarischen Roseng\u00e4rten.<\/p>\n","protected":false},"excerpt":{"rendered":"<p><strong>MIRACLE ROSY<\/strong> \u2013 die perfekte Wahl f\u00fcr alle, die nat\u00fcrliche, wirkungsvolle und duftende Pflege lieben \u2013 inspiriert von der Kraft der Natur und den bulgarischen Roseng\u00e4rten.<\/p>\n<p>\u2728 <strong data-end=\"730\" data-start=\"707\">Vielseitige Pflege:<\/strong> Geeignet f\u00fcr alle Hauttypen \u2013 auch empfindliche Haut<br data-end=\"786\" data-start=\"783\" \/>\ud83c\udf3f <strong data-end=\"818\" data-start=\"789\">Nat\u00fcrliche Inhaltsstoffe:<\/strong> Mit 100\u202f% bulgarischem Rosenwasser<br data-end=\"856\" data-start=\"853\" \/>\ud83d\udca7 <strong data-end=\"891\" data-start=\"859\">Tiefenhydration &amp; Straffung:<\/strong> F\u00fcr Gesicht, Hals, Dekollet\u00e9, Brust und Oberschenkel<br data-end=\"947\" data-start=\"944\" \/>\ud83c\udf38 <strong data-end=\"974\" data-start=\"950\">Seidiges Hautgef\u00fchl:<\/strong> Zarte Textur mit einem feinen, nat\u00fcrlichen Rosenduft<\/p>\n","protected":false},"featured_media":4725,"comment_status":"open","ping_status":"closed","template":"","meta":{"_monsterinsights_skip_tracking":false,"_monsterinsights_sitenote_active":false,"_monsterinsights_sitenote_note":"","_monsterinsights_sitenote_category":0,"_uf_show_specific_survey":0,"_uf_disable_surveys":false},"pwb-brand":[446],"product_brand":[],"product_cat":[224,127],"product_tag":[],"class_list":{"0":"post-4724","1":"product","2":"type-product","3":"status-publish","4":"has-post-thumbnail","6":"pwb-brand-nature-of-agiva","7":"product_cat-rosencremerosenkosmetikbio-rosenkosmetikrosenoel-kosmetiknaturkosmetiktagescremeanti-age-creme","8":"product_cat-koerper-butter","9":"product_shipping_class-standard","11":"first","12":"instock","13":"taxable","14":"shipping-taxable","15":"purchasable","16":"product-type-simple"},"aioseo_notices":[],"jetpack_sharing_enabled":true,"brands":[{"id":446,"name":"NATURE of AGIVA","slug":"nature-of-agiva"}],"_links":{"self":[{"href":"https:\/\/larose-beauty.at\/shop\/wp-json\/wp\/v2\/product\/4724","targetHints":{"allow":["GET"]}}],"collection":[{"href":"https:\/\/larose-beauty.at\/shop\/wp-json\/wp\/v2\/product"}],"about":[{"href":"https:\/\/larose-beauty.at\/shop\/wp-json\/wp\/v2\/types\/product"}],"replies":[{"embeddable":true,"href":"https:\/\/larose-beauty.at\/shop\/wp-json\/wp\/v2\/comments?post=4724"}],"wp:featuredmedia":[{"embeddable":true,"href":"https:\/\/larose-beauty.at\/shop\/wp-json\/wp\/v2\/media\/4725"}],"wp:attachment":[{"href":"https:\/\/larose-beauty.at\/shop\/wp-json\/wp\/v2\/media?parent=4724"}],"wp:term":[{"taxonomy":"pwb-brand","embeddable":true,"href":"https:\/\/larose-beauty.at\/shop\/wp-json\/wp\/v2\/pwb-brand?post=4724"},{"taxonomy":"product_brand","embeddable":true,"href":"https:\/\/larose-beauty.at\/shop\/wp-json\/wp\/v2\/product_brand?post=4724"},{"taxonomy":"product_cat","embeddable":true,"href":"https:\/\/larose-beauty.at\/shop\/wp-json\/wp\/v2\/product_cat?post=4724"},{"taxonomy":"product_tag","embeddable":true,"href":"https:\/\/larose-beauty.at\/shop\/wp-json\/wp\/v2\/product_tag?post=4724"}],"curies":[{"name":"wp","href":"https:\/\/api.w.org\/{rel}","templated":true}]}}