{"id":4720,"date":"2025-07-05T11:03:11","date_gmt":"2025-07-05T09:03:11","guid":{"rendered":"https:\/\/larose-beauty.at\/shop\/produkt\/miracle-rosy-handcreme-mit-rosenwasser-vitaminen-ae\/"},"modified":"2025-12-11T00:30:12","modified_gmt":"2025-12-10T23:30:12","slug":"miracle-rosy-handcreme-mit-rosenwasser-vitaminen-ae","status":"publish","type":"product","link":"https:\/\/larose-beauty.at\/shop\/produkt\/miracle-rosy-handcreme-mit-rosenwasser-vitaminen-ae\/","title":{"rendered":"MIRACLE ROSY \u2013 Handcreme mit Rosenwasser &amp; Vitaminen A+E"},"content":{"rendered":"<p><strong>MIRACLE ROSY \u2013 Handcreme mit Rosenwasser &amp; Vitaminen A+E<\/strong><br data-end=\"170\" data-start=\"167\" \/><strong data-end=\"179\" data-start=\"170\">75 ml<\/strong><\/p>\n<p data-end=\"215\" data-start=\"181\">Pflege, die deine H\u00e4nde verdienen!<\/p>\n<p data-end=\"493\" data-start=\"217\">MIRACLE ROSY ist ein regenerierender Handbalsam, entwickelt speziell f\u00fcr trockene bis sehr trockene Haut. Die Formel kombiniert kostbares bulgarisches Rosenwasser, Urea, Glycerin sowie die Vitamine A und E \u2013 f\u00fcr geschmeidige, elastische und sichtbar gepflegte H\u00e4nde und N\u00e4gel.<\/p>\n<p data-end=\"799\" data-start=\"495\">\ud83c\udf39 <strong data-end=\"513\" data-start=\"498\">Rosenwasser<\/strong> aus der echten bulgarischen \u00d6lrose wirkt beruhigend und regenerierend<br data-end=\"586\" data-start=\"583\" \/>\ud83d\udca7 <strong data-end=\"597\" data-start=\"589\">Urea<\/strong> speichert Feuchtigkeit und macht raue Haut wieder weich<br data-end=\"656\" data-start=\"653\" \/>\ud83d\udee1\ufe0f <strong data-end=\"672\" data-start=\"660\">Glycerin<\/strong> sch\u00fctzt vor Umwelteinfl\u00fcssen und t\u00e4glichen Belastungen<br data-end=\"730\" data-start=\"727\" \/>\u2728 <strong data-end=\"750\" data-start=\"732\">Vitamine A + E<\/strong> f\u00f6rdern die Hauterneuerung und st\u00e4rken die N\u00e4gel<\/p>\n<p data-end=\"958\" data-start=\"801\">Die zarte, seidige Textur zieht schnell ein \u2013 ganz ohne fettige R\u00fcckst\u00e4nde \u2013 und verw\u00f6hnt mit einem sanften, blumigen Duft, der Frische und Luxus vermittelt.<\/p>\n<p data-end=\"1093\" data-start=\"960\">Ideal f\u00fcr die t\u00e4gliche Anwendung \u2013 auch bei K\u00e4lte oder sehr trockener Luft.<br data-end=\"1038\" data-start=\"1035\" \/><strong data-end=\"1091\" data-start=\"1038\">MIRACLE ROSY \u2013 der Verw\u00f6hn Moment f\u00fcr deine H\u00e4nde.<\/strong><\/p>\n","protected":false},"excerpt":{"rendered":"<p><span style=\"font-family: Times New Roman,Times,serif;\"><strong><span style=\"line-height: 115%; font-size: 11pt;\">MIRACLE ROSY <\/span><\/strong><\/span>Pflege, die deine H\u00e4nde verdienen!<\/p>\n<p>\ud83c\udf39 <strong data-end=\"513\" data-start=\"498\">Rosenwasser<\/strong> aus der echten bulgarischen \u00d6lrose wirkt beruhigend und regenerierend<br data-end=\"586\" data-start=\"583\" \/>\ud83d\udca7 <strong data-end=\"597\" data-start=\"589\">Urea<\/strong> speichert Feuchtigkeit und macht raue Haut wieder weich<br data-end=\"656\" data-start=\"653\" \/>\ud83d\udee1\ufe0f <strong data-end=\"672\" data-start=\"660\">Glycerin<\/strong> sch\u00fctzt vor Umwelteinfl\u00fcssen und t\u00e4glichen Belastungen<br data-end=\"730\" data-start=\"727\" \/>\u2728 <strong data-end=\"750\" data-start=\"732\">Vitamine A + E<\/strong> f\u00f6rdern die Hauterneuerung und st\u00e4rken die N\u00e4gel<\/p>\n","protected":false},"featured_media":4723,"comment_status":"closed","ping_status":"closed","template":"","meta":{"_monsterinsights_skip_tracking":false,"_monsterinsights_sitenote_active":false,"_monsterinsights_sitenote_note":"","_monsterinsights_sitenote_category":0,"_uf_show_specific_survey":0,"_uf_disable_surveys":false},"pwb-brand":[446],"product_brand":[],"product_cat":[124],"product_tag":[],"class_list":{"0":"post-4720","1":"product","2":"type-product","3":"status-publish","4":"has-post-thumbnail","6":"pwb-brand-nature-of-agiva","7":"product_cat-handpflegehandcremerosenkosmetikrosenoel-handcreme","8":"product_shipping_class-standard","10":"first","11":"instock","12":"taxable","13":"shipping-taxable","14":"purchasable","15":"product-type-simple"},"aioseo_notices":[],"jetpack_sharing_enabled":true,"brands":[{"id":446,"name":"NATURE of AGIVA","slug":"nature-of-agiva"}],"_links":{"self":[{"href":"https:\/\/larose-beauty.at\/shop\/wp-json\/wp\/v2\/product\/4720","targetHints":{"allow":["GET"]}}],"collection":[{"href":"https:\/\/larose-beauty.at\/shop\/wp-json\/wp\/v2\/product"}],"about":[{"href":"https:\/\/larose-beauty.at\/shop\/wp-json\/wp\/v2\/types\/product"}],"replies":[{"embeddable":true,"href":"https:\/\/larose-beauty.at\/shop\/wp-json\/wp\/v2\/comments?post=4720"}],"wp:featuredmedia":[{"embeddable":true,"href":"https:\/\/larose-beauty.at\/shop\/wp-json\/wp\/v2\/media\/4723"}],"wp:attachment":[{"href":"https:\/\/larose-beauty.at\/shop\/wp-json\/wp\/v2\/media?parent=4720"}],"wp:term":[{"taxonomy":"pwb-brand","embeddable":true,"href":"https:\/\/larose-beauty.at\/shop\/wp-json\/wp\/v2\/pwb-brand?post=4720"},{"taxonomy":"product_brand","embeddable":true,"href":"https:\/\/larose-beauty.at\/shop\/wp-json\/wp\/v2\/product_brand?post=4720"},{"taxonomy":"product_cat","embeddable":true,"href":"https:\/\/larose-beauty.at\/shop\/wp-json\/wp\/v2\/product_cat?post=4720"},{"taxonomy":"product_tag","embeddable":true,"href":"https:\/\/larose-beauty.at\/shop\/wp-json\/wp\/v2\/product_tag?post=4720"}],"curies":[{"name":"wp","href":"https:\/\/api.w.org\/{rel}","templated":true}]}}