{"id":4719,"date":"2025-07-05T10:54:11","date_gmt":"2025-07-05T08:54:11","guid":{"rendered":"https:\/\/larose-beauty.at\/shop\/produkt\/miracle-rosy-hyaluronic-face-cream-75-ml\/"},"modified":"2025-12-11T00:35:54","modified_gmt":"2025-12-10T23:35:54","slug":"miracle-rosy-hyaluronic-face-cream-75-ml","status":"publish","type":"product","link":"https:\/\/larose-beauty.at\/shop\/produkt\/miracle-rosy-hyaluronic-face-cream-75-ml\/","title":{"rendered":"MIRACLE ROSY  HYALURONIC FACE CREAM 75 ml"},"content":{"rendered":"<p data-end=\"95\" data-start=\"29\"><strong data-end=\"95\" data-start=\"29\">ROSES HYALURONIC \u2013 Hyaluron-Tagescreme mit Rosenwasser \u2013 75 ml<\/strong><\/p>\n<p data-end=\"514\" data-start=\"97\">Intensiv feuchtigkeitsspendende Tagespflege mit Hyalurons\u00e4ure und nat\u00fcrlichem Rosenwasser. Diese zarte, seidige Creme schenkt der Haut ein frisches, rosiges Strahlen und verbessert sichtbar ihre Elastizit\u00e4t. Sie versorgt die Haut tiefenwirksam mit Feuchtigkeit, gl\u00e4ttet und pflegt sie sanft. Die enthaltenen Vitamine A und E wirken antioxidativ und unterst\u00fctzen die Regeneration der Haut. Geeignet f\u00fcr alle Hauttypen.<\/p>\n<p data-end=\"646\" data-start=\"516\">\ud83c\udf39 Mit nat\u00fcrlichem Rosenwasser<br data-end=\"549\" data-start=\"546\" \/>\ud83d\udca7 Reich an Hyalurons\u00e4ure<br data-end=\"577\" data-start=\"574\" \/>\u2728 F\u00fcr mehr Spannkraft &amp; Strahlkraft<br data-end=\"615\" data-start=\"612\" \/>\ud83c\udf3f F\u00fcr jeden Hauttyp geeignet<\/p>\n<p data-end=\"705\" data-is-last-node=\"\" data-is-only-node=\"\" data-start=\"648\">Jetzt entdecken \u2013 f\u00fcr eine Haut, so frisch wie eine Rose!<\/p>\n<p data-end=\"153\" data-start=\"112\"><strong data-end=\"153\" data-start=\"112\">Spezifikationen \u2013 Allgemeine Merkmale<\/strong><\/p>\n<ul data-end=\"612\" data-start=\"155\">\n<li data-end=\"188\" data-start=\"155\">\n<p data-end=\"188\" data-start=\"157\"><strong data-end=\"172\" data-start=\"157\">Produkttyp:<\/strong> Gesichtscreme<\/p>\n<\/li>\n<li data-end=\"223\" data-start=\"189\">\n<p data-end=\"223\" data-start=\"191\"><strong data-end=\"213\" data-start=\"191\">Anwendungsbereich:<\/strong> Gesicht<\/p>\n<\/li>\n<li data-end=\"241\" data-start=\"224\">\n<p data-end=\"241\" data-start=\"226\"><strong data-end=\"234\" data-start=\"226\">Set:<\/strong> Nein<\/p>\n<\/li>\n<li data-end=\"273\" data-start=\"242\">\n<p data-end=\"273\" data-start=\"244\"><strong data-end=\"259\" data-start=\"244\">Verwendung:<\/strong> Tagespflege<\/p>\n<\/li>\n<li data-end=\"302\" data-start=\"274\">\n<p data-end=\"302\" data-start=\"276\"><strong data-end=\"290\" data-start=\"276\">Kategorie:<\/strong> Klassisch<\/p>\n<\/li>\n<li data-end=\"357\" data-start=\"303\">\n<p data-end=\"357\" data-start=\"305\"><strong data-end=\"328\" data-start=\"305\">Hauptinhaltsstoffe:<\/strong> Hyalurons\u00e4ure, Rosenwasser<\/p>\n<\/li>\n<li data-end=\"398\" data-start=\"358\">\n<p data-end=\"398\" data-start=\"360\"><strong data-end=\"377\" data-start=\"360\">Geeignet f\u00fcr:<\/strong> Alle Altersgruppen<\/p>\n<\/li>\n<li data-end=\"433\" data-start=\"399\">\n<p data-end=\"433\" data-start=\"401\"><strong data-end=\"417\" data-start=\"401\">Pflegeserie:<\/strong> Hyalurons\u00e4ure<\/p>\n<\/li>\n<li data-end=\"464\" data-start=\"434\">\n<p data-end=\"464\" data-start=\"436\"><strong data-end=\"448\" data-start=\"436\">Hauttyp:<\/strong> Trockene Haut<\/p>\n<\/li>\n<li data-end=\"490\" data-start=\"465\">\n<p data-end=\"490\" data-start=\"467\"><strong data-end=\"482\" data-start=\"467\">Konsistenz:<\/strong> Creme<\/p>\n<\/li>\n<li data-end=\"547\" data-start=\"491\">\n<p data-end=\"547\" data-start=\"493\"><strong data-end=\"506\" data-start=\"493\">Vorteile:<\/strong> Spendet Feuchtigkeit, gl\u00e4ttet die Haut<\/p>\n<\/li>\n<li data-end=\"592\" data-start=\"548\">\n<p data-end=\"592\" data-start=\"550\"><strong data-end=\"568\" data-start=\"550\">Eigenschaften:<\/strong> Intensive Hydratation<\/p>\n<\/li>\n<li data-end=\"612\" data-start=\"593\">\n<p data-end=\"612\" data-start=\"595\"><strong data-end=\"606\" data-start=\"595\">Inhalt:<\/strong> 75 ml<\/p>\n<\/li>\n<\/ul>\n","protected":false},"excerpt":{"rendered":"<p>\ud83c\udf39 Mit nat\u00fcrlichem Rosenwasser<br data-end=\"549\" data-start=\"546\" \/>\ud83d\udca7 Reich an Hyalurons\u00e4ure<br data-end=\"577\" data-start=\"574\" \/>\u2728 F\u00fcr mehr Spannkraft &amp; Strahlkraft<br data-end=\"615\" data-start=\"612\" \/>\ud83c\udf3f F\u00fcr jeden Hauttyp geeignet<\/p>\n","protected":false},"featured_media":4721,"comment_status":"open","ping_status":"closed","template":"","meta":{"_monsterinsights_skip_tracking":false,"_monsterinsights_sitenote_active":false,"_monsterinsights_sitenote_note":"","_monsterinsights_sitenote_category":0,"_uf_show_specific_survey":0,"_uf_disable_surveys":false},"pwb-brand":[446],"product_brand":[],"product_cat":[224],"product_tag":[],"class_list":{"0":"post-4719","1":"product","2":"type-product","3":"status-publish","4":"has-post-thumbnail","6":"pwb-brand-nature-of-agiva","7":"product_cat-rosencremerosenkosmetikbio-rosenkosmetikrosenoel-kosmetiknaturkosmetiktagescremeanti-age-creme","8":"product_shipping_class-standard","10":"first","11":"instock","12":"taxable","13":"shipping-taxable","14":"purchasable","15":"product-type-simple"},"aioseo_notices":[],"jetpack_sharing_enabled":true,"brands":[{"id":446,"name":"NATURE of AGIVA","slug":"nature-of-agiva"}],"_links":{"self":[{"href":"https:\/\/larose-beauty.at\/shop\/wp-json\/wp\/v2\/product\/4719","targetHints":{"allow":["GET"]}}],"collection":[{"href":"https:\/\/larose-beauty.at\/shop\/wp-json\/wp\/v2\/product"}],"about":[{"href":"https:\/\/larose-beauty.at\/shop\/wp-json\/wp\/v2\/types\/product"}],"replies":[{"embeddable":true,"href":"https:\/\/larose-beauty.at\/shop\/wp-json\/wp\/v2\/comments?post=4719"}],"wp:featuredmedia":[{"embeddable":true,"href":"https:\/\/larose-beauty.at\/shop\/wp-json\/wp\/v2\/media\/4721"}],"wp:attachment":[{"href":"https:\/\/larose-beauty.at\/shop\/wp-json\/wp\/v2\/media?parent=4719"}],"wp:term":[{"taxonomy":"pwb-brand","embeddable":true,"href":"https:\/\/larose-beauty.at\/shop\/wp-json\/wp\/v2\/pwb-brand?post=4719"},{"taxonomy":"product_brand","embeddable":true,"href":"https:\/\/larose-beauty.at\/shop\/wp-json\/wp\/v2\/product_brand?post=4719"},{"taxonomy":"product_cat","embeddable":true,"href":"https:\/\/larose-beauty.at\/shop\/wp-json\/wp\/v2\/product_cat?post=4719"},{"taxonomy":"product_tag","embeddable":true,"href":"https:\/\/larose-beauty.at\/shop\/wp-json\/wp\/v2\/product_tag?post=4719"}],"curies":[{"name":"wp","href":"https:\/\/api.w.org\/{rel}","templated":true}]}}