{"id":4717,"date":"2025-07-03T20:16:01","date_gmt":"2025-07-03T18:16:01","guid":{"rendered":"https:\/\/larose-beauty.at\/shop\/produkt\/roses-multi-lift-intensiv-anti-aging-gesichtscreme-50-ml\/"},"modified":"2026-04-10T18:15:53","modified_gmt":"2026-04-10T16:15:53","slug":"roses-multi-lift-intensiv-anti-aging-gesichtscreme-50-ml","status":"publish","type":"product","link":"https:\/\/larose-beauty.at\/shop\/produkt\/roses-multi-lift-intensiv-anti-aging-gesichtscreme-50-ml\/","title":{"rendered":"ROSES MULTI LIFT \u2013 Intensiv Anti-Aging Gesichtscreme 50 ml"},"content":{"rendered":"<p><audio class=\"audio-for-speech\"><\/audio><\/p>\n<div class=\"translate-tooltip-mtz translator-hidden\">\n<div class=\"header\">\n<div class=\"header-controls\">Translator<\/div>\n<div class=\"header-controls\"><\/div>\n<\/div>\n<div class=\"translated-text\">\n<div class=\"words\"><\/div>\n<div class=\"sentences\"><\/div>\n<\/div>\n<\/div>\n<p>&nbsp;<\/p>\n<h3 style=\"margin-top: 16px; margin-bottom: 16px;\"><strong><span style=\"font-size: large;\">ROSES MULTI LIFT \u2013 Intensiv Anti-Aging Gesichtscreme<\/span><\/strong><\/h3>\n<p data-end=\"275\" data-start=\"231\"><strong data-end=\"273\" data-start=\"231\">Speziell f\u00fcr Frauen nach der Menopause<\/strong><\/p>\n<p data-end=\"555\" data-start=\"277\">Diese innovative Lifting-Formel wurde speziell auf die Bed\u00fcrfnisse der Haut nach der Menopause abgestimmt. Angereichert mit <strong data-end=\"429\" data-start=\"401\">bulgarischem Rosenwasser<\/strong>, <strong data-end=\"443\" data-start=\"431\">Kollagen<\/strong> und einem <strong data-end=\"478\" data-start=\"454\">Multivitamin-Komplex<\/strong> sorgt sie f\u00fcr intensive Feuchtigkeit und einen sichtbaren Verj\u00fcngungseffekt.<\/p>\n<ul>\n<li><span style=\"font-size: 12pt;\"><span style=\"color: #000000;\"><span style=\"font-family: 'Times New Roman','serif';\"><span style=\"font-style: normal;\"><span style=\"font-weight: normal;\"><span style=\"tab-stops: list 36.0pt;\"><strong data-end=\"571\" data-start=\"559\">Kollagen<\/strong> unterst\u00fctzt die Regeneration der Haut und verbessert ihre Elastizit\u00e4t.<\/span><\/span><\/span><\/span><\/span><\/span><\/li>\n<li><span style=\"font-size: 12pt;\"><span style=\"color: #000000;\"><span style=\"font-family: 'Times New Roman','serif';\"><span style=\"font-style: normal;\"><span style=\"font-weight: normal;\"><span style=\"tab-stops: list 36.0pt;\"><strong data-end=\"662\" data-start=\"647\">Rosenwasser<\/strong> und <strong data-end=\"679\" data-start=\"667\">Glycerin<\/strong> wirken beruhigend und machen die Haut weich.<\/span><\/span><\/span><\/span><\/span><\/span><\/li>\n<li><span style=\"font-size: 12pt;\"><span style=\"color: #000000;\"><span style=\"font-family: 'Times New Roman','serif';\"><span style=\"font-style: normal;\"><span style=\"font-weight: normal;\"><span style=\"tab-stops: list 36.0pt;\">Der <strong data-end=\"757\" data-start=\"733\">Multivitamin-Komplex<\/strong> st\u00e4rkt die Widerstandskraft der Haut, indem er die nat\u00fcrliche Schutzbarriere unterst\u00fctzt.<\/span><\/span><\/span><\/span><\/span><\/span><\/li>\n<\/ul>\n<p data-end=\"997\" data-start=\"849\">Die Creme gl\u00e4ttet die Haut und verleiht ihr einen strahlenden, ebenm\u00e4\u00dfigen Teint \u2013 f\u00fcr ein frischeres Hautgef\u00fchl, in dem Sie sich rundum wohlf\u00fchlen.<\/p>\n<h4 style=\"margin-top: 21px; margin-bottom: 21px;\" data-end=\"1022\" data-start=\"999\">\u2705 Eigenschaften:<\/h4>\n<ul>\n<li><span style=\"font-size: 12pt;\"><span style=\"color: #000000;\"><span style=\"font-family: 'Times New Roman','serif';\"><span style=\"font-style: normal;\"><span style=\"font-weight: normal;\"><span style=\"tab-stops: list 36.0pt;\">Mildert sichtbar Falten und feine Linien<\/span><\/span><\/span><\/span><\/span><\/span><\/li>\n<li><span style=\"font-size: 12pt;\"><span style=\"color: #000000;\"><span style=\"font-family: 'Times New Roman','serif';\"><span style=\"font-style: normal;\"><span style=\"font-weight: normal;\"><span style=\"tab-stops: list 36.0pt;\">Spendet intensive Feuchtigkeit<\/span><\/span><\/span><\/span><\/span><\/span><\/li>\n<li><span style=\"font-size: 12pt;\"><span style=\"color: #000000;\"><span style=\"font-family: 'Times New Roman','serif';\"><span style=\"font-style: normal;\"><span style=\"font-weight: normal;\"><span style=\"tab-stops: list 36.0pt;\">Regeneriert und n\u00e4hrt die Haut tiefenwirksam<\/span><\/span><\/span><\/span><\/span><\/span><\/li>\n<li><span style=\"font-size: 12pt;\"><span style=\"color: #000000;\"><span style=\"font-family: 'Times New Roman','serif';\"><span style=\"font-style: normal;\"><span style=\"font-weight: normal;\"><span style=\"tab-stops: list 36.0pt;\">St\u00e4rkt die Hautdichte und -struktur<\/span><\/span><\/span><\/span><\/span><\/span><\/li>\n<li><span style=\"font-size: 12pt;\"><span style=\"color: #000000;\"><span style=\"font-family: 'Times New Roman','serif';\"><span style=\"font-style: normal;\"><span style=\"font-weight: normal;\"><span style=\"tab-stops: list 36.0pt;\">Verbessert die nat\u00fcrlichen Schutzmechanismen der Haut<\/span><\/span><\/span><\/span><\/span><\/span><\/li>\n<\/ul>\n<p data-end=\"1313\" data-start=\"1251\">Ideal f\u00fcr die t\u00e4gliche Pflege bei trockener bis normaler Haut.<\/p>\n<h3 style=\"margin-top: 16px; margin-bottom: 16px;\"><strong><span style=\"font-size: large;\">Meereskollagen<\/span><\/strong><\/h3>\n<p data-end=\"182\" data-start=\"135\">Nat\u00fcrliche Straffung &amp; Elastizit\u00e4t aus dem Meer<\/p>\n<p data-end=\"298\" data-start=\"184\"><strong data-end=\"202\" data-start=\"184\">Meereskollagen<\/strong> wird aus Fisch und Muscheln gewonnen und \u00e4hnelt in seiner Struktur dem menschlichen Kollagen.<\/p>\n<p data-end=\"424\" data-start=\"300\">Mit zunehmendem Alter nimmt die k\u00f6rpereigene Kollagenproduktion ab, wodurch die Haut an Festigkeit und Elastizit\u00e4t verliert.<\/p>\n<p data-end=\"617\" data-start=\"426\"><strong data-end=\"471\" data-start=\"426\">Die zus\u00e4tzliche Zufuhr von Meereskollagen<\/strong> unterst\u00fctzt die Haut dabei, ihre Elastizit\u00e4t zu erhalten, beugt ersten F\u00e4ltchen vor und sorgt f\u00fcr ein sichtbar glatteres und strafferes Hautbild.<\/p>\n<p style=\"margin-bottom: 13px;\"><span style=\"line-height: normal;\"><b><span style=\"font-size: 13.5pt;\"><span style=\"font-family: 'Times New Roman','serif';\">Nat\u00fcrliches Rosenwasser<\/span><\/span><\/b><\/span><\/p>\n<p style=\"margin-bottom: 13px;\"><span style=\"line-height: normal;\"><span style=\"font-size: 12pt;\"><span style=\"font-family: 'Times New Roman','serif';\">Rein. Wirksam. Belebend.<\/span><\/span><\/span><\/p>\n<p style=\"margin-bottom: 13px;\"><span style=\"line-height: normal;\"><span style=\"font-size: 12pt;\"><span style=\"font-family: 'Times New Roman','serif';\">Gewonnen durch traditionelle <b>Wasserdampfdestillation<\/b> der bulgarischen Damaszener-Rose (<i>Rosa Damascena Mill.<\/i>), bewahrt dieses hochwertige Rosenwasser die reine Kraft der frischen Bl\u00fcten.<\/span><\/span><\/span><\/p>\n<p style=\"margin-bottom: 13px;\"><span style=\"line-height: normal;\"><span style=\"font-size: 12pt;\"><span style=\"font-family: 'Times New Roman','serif';\">Seine Wirkung ist einzigartig:<br \/>\n\ud83d\udca7 <b>Feuchtigkeitsspendend<\/b>,<br \/>\n\ud83c\udf3f <b>entz\u00fcndungshemmend<\/b>,<br \/>\n\ud83c\udf38 <b>hautberuhigend<\/b> und<br \/>\n\u2728 <b>revitalisierend<\/b>.<\/span><\/span><\/span><\/p>\n<p style=\"margin-bottom: 13px;\"><span style=\"line-height: normal;\"><span style=\"font-size: 12pt;\"><span style=\"font-family: 'Times New Roman','serif';\">Der <b>reiche, nat\u00fcrliche Duft<\/b> der Rose belebt die Sinne und wirkt harmonisierend auf K\u00f6rper und Geist \u2013 ein echter Sch\u00f6nheitsklassiker der Naturkosmetik.<\/span><\/span><\/span><\/p>\n<h3 style=\"margin-top: 16px; margin-bottom: 16px;\"><strong><span style=\"font-size: large;\">Glycerin<\/span><\/strong><\/h3>\n<p data-end=\"132\" data-start=\"98\">Schutz &amp; Feuchtigkeit f\u00fcr die Haut<\/p>\n<p data-end=\"324\" data-start=\"134\">Glycerin st\u00e4rkt die nat\u00fcrliche Schutzbarriere der Haut, indem es einen unsichtbaren Schutzfilm bildet. So sch\u00fctzt es die Haut effektiv vor sch\u00e4dlichen Umwelteinfl\u00fcssen und Verschmutzungen.<\/p>\n<p data-end=\"458\" data-start=\"326\">Gleichzeitig wirkt Glycerin beruhigend und spendet intensive Feuchtigkeit \u2013 ohne ein fettiges oder klebriges Gef\u00fchl zu hinterlassen.<\/p>\n","protected":false},"excerpt":{"rendered":"<p><audio class=\"audio-for-speech\"><\/audio><\/p>\n<div class=\"translate-tooltip-mtz translator-hidden\">\n<div class=\"header\">\n<div class=\"header-controls\">Translator<\/div>\n<div class=\"header-controls\"><\/div>\n<\/div>\n<div class=\"translated-text\">\n<div class=\"words\"><\/div>\n<div class=\"sentences\"><\/div>\n<\/div>\n<\/div>\n<p>&nbsp;<\/p>\n<h4 style=\"margin: 1.33em 0cm;\">\u2705 Eigenschaften:<\/h4>\n<ul style=\"list-style-type: disc; direction: ltr;\">\n<li style=\"font-size: 12pt; font-style: normal; font-weight: normal;\">\n<p style=\"font-size: 12pt; font-style: normal; font-weight: normal;\" data-end=\"1067\" data-start=\"1025\">Mildert sichtbar Falten und feine Linien<\/p>\n<\/li>\n<li style=\"font-size: 12pt; font-style: normal; font-weight: normal;\">\n<p style=\"font-size: 12pt; font-style: normal; font-weight: normal;\" data-end=\"1102\" data-start=\"1070\">Spendet intensive Feuchtigkeit<\/p>\n<\/li>\n<li style=\"font-size: 12pt; font-style: normal; font-weight: normal;\">\n<p style=\"font-size: 12pt; font-style: normal; font-weight: normal;\" data-end=\"1151\" data-start=\"1105\">Regeneriert und n\u00e4hrt die Haut tiefenwirksam<\/p>\n<\/li>\n<li style=\"font-size: 12pt; font-style: normal; font-weight: normal;\">\n<p style=\"font-size: 12pt; font-style: normal; font-weight: normal;\" data-end=\"1191\" data-start=\"1154\">St\u00e4rkt die Hautdichte und -struktur<\/p>\n<\/li>\n<li style=\"font-size: 12pt; font-style: normal; font-weight: normal;\">\n<p style=\"font-size: 12pt; font-style: normal; font-weight: normal;\" data-end=\"1249\" data-start=\"1194\">Verbessert die nat\u00fcrlichen Schutzmechanismen der Haut<\/p>\n<\/li>\n<\/ul>\n<p><span style=\"line-height: 115%; font-size: 11pt;\">Ideal f\u00fcr die t\u00e4gliche Pflege bei trockener bis normaler Haut.<\/span><\/p>\n","protected":false},"featured_media":4718,"comment_status":"open","ping_status":"closed","template":"","meta":{"_monsterinsights_skip_tracking":false,"_monsterinsights_sitenote_active":false,"_monsterinsights_sitenote_note":"","_monsterinsights_sitenote_category":0,"_uf_show_specific_survey":0,"_uf_disable_surveys":false},"pwb-brand":[446],"product_brand":[],"product_cat":[225,224],"product_tag":[],"class_list":{"0":"post-4717","1":"product","2":"type-product","3":"status-publish","4":"has-post-thumbnail","6":"pwb-brand-nature-of-agiva","7":"product_cat-rosencremerosenkosmetikbio-rosenkosmetikrosenoel-kosmetiknaturkosmetiknachtcremeanti-age-creme","8":"product_cat-rosencremerosenkosmetikbio-rosenkosmetikrosenoel-kosmetiknaturkosmetiktagescremeanti-age-creme","9":"product_shipping_class-standard","11":"first","12":"instock","13":"taxable","14":"shipping-taxable","15":"purchasable","16":"product-type-simple"},"aioseo_notices":[],"jetpack_sharing_enabled":true,"brands":[{"id":446,"name":"NATURE of AGIVA","slug":"nature-of-agiva"}],"_links":{"self":[{"href":"https:\/\/larose-beauty.at\/shop\/wp-json\/wp\/v2\/product\/4717","targetHints":{"allow":["GET"]}}],"collection":[{"href":"https:\/\/larose-beauty.at\/shop\/wp-json\/wp\/v2\/product"}],"about":[{"href":"https:\/\/larose-beauty.at\/shop\/wp-json\/wp\/v2\/types\/product"}],"replies":[{"embeddable":true,"href":"https:\/\/larose-beauty.at\/shop\/wp-json\/wp\/v2\/comments?post=4717"}],"wp:featuredmedia":[{"embeddable":true,"href":"https:\/\/larose-beauty.at\/shop\/wp-json\/wp\/v2\/media\/4718"}],"wp:attachment":[{"href":"https:\/\/larose-beauty.at\/shop\/wp-json\/wp\/v2\/media?parent=4717"}],"wp:term":[{"taxonomy":"pwb-brand","embeddable":true,"href":"https:\/\/larose-beauty.at\/shop\/wp-json\/wp\/v2\/pwb-brand?post=4717"},{"taxonomy":"product_brand","embeddable":true,"href":"https:\/\/larose-beauty.at\/shop\/wp-json\/wp\/v2\/product_brand?post=4717"},{"taxonomy":"product_cat","embeddable":true,"href":"https:\/\/larose-beauty.at\/shop\/wp-json\/wp\/v2\/product_cat?post=4717"},{"taxonomy":"product_tag","embeddable":true,"href":"https:\/\/larose-beauty.at\/shop\/wp-json\/wp\/v2\/product_tag?post=4717"}],"curies":[{"name":"wp","href":"https:\/\/api.w.org\/{rel}","templated":true}]}}