{"id":4709,"date":"2025-07-03T20:38:49","date_gmt":"2025-07-03T18:38:49","guid":{"rendered":"https:\/\/larose-beauty.at\/shop\/produkt\/fruit-salad-coconut-sugar-bodyface-scrub-200-ml\/"},"modified":"2025-12-22T19:02:02","modified_gmt":"2025-12-22T18:02:02","slug":"fruit-salad-coconut-sugar-bodyface-scrub-200-ml","status":"publish","type":"product","link":"https:\/\/larose-beauty.at\/shop\/produkt\/fruit-salad-coconut-sugar-bodyface-scrub-200-ml\/","title":{"rendered":"FRUIT SALAD COCONUT SUGAR BODY&amp;FACE SCRUB 200 ml"},"content":{"rendered":"<p>FRUIT SALAD COCONUT SUGAR BODY&amp;FACE SCRUB 200 ml<br \/>\nSanftes Peeling &amp; Pflege mit verf\u00fchrerischem COCOS Duft<br \/>\nDieser zuckerhaltige Peeling-Scrub befreit die Haut sanft von abgestorbenen Hautzellen und verw\u00f6hnt Sinne und Haut mit einem intensiven COCOS-Aroma.<br \/>\nMit echter Zuckerbasis und 100 % nat\u00fcrlichen Peeling-Partikeln sowie pflegenden nat\u00fcrlichen \u00d6len f\u00fcr seidig glatte, weiche und gen\u00e4hrte Haut.<br \/>\nAnwendungsm\u00f6glichkeiten:<br \/>\n1.\u00a0T\u00e4gliche Reinigung: Auf feuchter Haut sanft einmassieren und absp\u00fclen.<br \/>\n2.\u00a0Intensives Peeling: Auf feuchter Haut mit kreisenden Bewegungen kr\u00e4ftiger einmassieren, um abgestorbene Hautzellen zu entfernen, dann absp\u00fclen.<br \/>\nGeeignet f\u00fcr Gesicht und K\u00f6rper.<\/p>\n","protected":false},"excerpt":{"rendered":"<p>Sanftes Peeling &amp; Pflege mit verf\u00fchrerischem COCOS Duft<br \/>\nDieser zuckerhaltige Peeling-Scrub befreit die Haut sanft von abgestorbenen Hautzellen und verw\u00f6hnt Sinne und Haut mit einem intensiven COCOS-Aroma.<br \/>\nMit echter Zuckerbasis und 100 % nat\u00fcrlichen Peeling-Partikeln sowie pflegenden nat\u00fcrlichen \u00d6len f\u00fcr seidig glatte, weiche und gen\u00e4hrte Haut.<\/p>\n","protected":false},"featured_media":4716,"comment_status":"open","ping_status":"closed","template":"","meta":{"_monsterinsights_skip_tracking":false,"_monsterinsights_sitenote_active":false,"_monsterinsights_sitenote_note":"","_monsterinsights_sitenote_category":0,"_uf_show_specific_survey":0,"_uf_disable_surveys":false},"pwb-brand":[446],"product_brand":[],"product_cat":[128,227],"product_tag":[],"class_list":{"0":"post-4709","1":"product","2":"type-product","3":"status-publish","4":"has-post-thumbnail","6":"pwb-brand-nature-of-agiva","7":"product_cat-koerperpellingzuckerpeelingpeelingkoerperpflege-ohne-parabenerefanbiofresh","8":"product_cat-reinigung","9":"product_shipping_class-standard","11":"first","12":"instock","13":"taxable","14":"shipping-taxable","15":"purchasable","16":"product-type-simple"},"aioseo_notices":[],"jetpack_sharing_enabled":true,"brands":[{"id":446,"name":"NATURE of AGIVA","slug":"nature-of-agiva"}],"_links":{"self":[{"href":"https:\/\/larose-beauty.at\/shop\/wp-json\/wp\/v2\/product\/4709","targetHints":{"allow":["GET"]}}],"collection":[{"href":"https:\/\/larose-beauty.at\/shop\/wp-json\/wp\/v2\/product"}],"about":[{"href":"https:\/\/larose-beauty.at\/shop\/wp-json\/wp\/v2\/types\/product"}],"replies":[{"embeddable":true,"href":"https:\/\/larose-beauty.at\/shop\/wp-json\/wp\/v2\/comments?post=4709"}],"wp:featuredmedia":[{"embeddable":true,"href":"https:\/\/larose-beauty.at\/shop\/wp-json\/wp\/v2\/media\/4716"}],"wp:attachment":[{"href":"https:\/\/larose-beauty.at\/shop\/wp-json\/wp\/v2\/media?parent=4709"}],"wp:term":[{"taxonomy":"pwb-brand","embeddable":true,"href":"https:\/\/larose-beauty.at\/shop\/wp-json\/wp\/v2\/pwb-brand?post=4709"},{"taxonomy":"product_brand","embeddable":true,"href":"https:\/\/larose-beauty.at\/shop\/wp-json\/wp\/v2\/product_brand?post=4709"},{"taxonomy":"product_cat","embeddable":true,"href":"https:\/\/larose-beauty.at\/shop\/wp-json\/wp\/v2\/product_cat?post=4709"},{"taxonomy":"product_tag","embeddable":true,"href":"https:\/\/larose-beauty.at\/shop\/wp-json\/wp\/v2\/product_tag?post=4709"}],"curies":[{"name":"wp","href":"https:\/\/api.w.org\/{rel}","templated":true}]}}