{"id":4707,"date":"2025-07-03T20:28:17","date_gmt":"2025-07-03T18:28:17","guid":{"rendered":"https:\/\/larose-beauty.at\/shop\/produkt\/fruit-salad-papaya-sugar-bodyface-scrub-200-ml\/"},"modified":"2025-12-11T00:45:53","modified_gmt":"2025-12-10T23:45:53","slug":"fruit-salad-papaya-sugar-bodyface-scrub-200-ml","status":"publish","type":"product","link":"https:\/\/larose-beauty.at\/shop\/produkt\/fruit-salad-papaya-sugar-bodyface-scrub-200-ml\/","title":{"rendered":"FRUIT SALAD PAPAYA SUGAR BODY&amp;FACE SCRUB 200 ml"},"content":{"rendered":"<p><strong><span style=\"font-size: 13.5pt;\">FRUIT SALAD PAPAYA SUGAR BODY&amp;FACE SCRUB 200 ml <\/span><\/strong><\/p>\n<p>Sanftes Peeling &amp; Pflege mit verf\u00fchrerischem Papaya Duft<\/p>\n<p data-end=\"384\" data-start=\"233\">Dieser zuckerhaltige Peeling-Scrub befreit die Haut sanft von abgestorbenen Hautzellen und verw\u00f6hnt Sinne und Haut mit einem intensiven Papaya-Aroma.<\/p>\n<p data-end=\"527\" data-start=\"386\">Mit echter Zuckerbasis und 100 % nat\u00fcrlichen Peeling-Partikeln sowie pflegenden nat\u00fcrlichen \u00d6len f\u00fcr seidig glatte, weiche und gen\u00e4hrte Haut.<\/p>\n<p data-end=\"559\" data-start=\"529\"><strong data-end=\"557\" data-start=\"529\">Anwendungsm\u00f6glichkeiten:<\/strong><\/p>\n<ol>\n<li style=\"margin-left: 8px;\" data-end=\"639\" data-start=\"563\"><span style=\"tab-stops: list 36.0pt;\"><strong data-end=\"586\" data-start=\"563\">T\u00e4gliche Reinigung:<\/strong> Auf feuchter Haut sanft einmassieren und absp\u00fclen.<\/span><\/li>\n<li style=\"margin-left: 8px;\" data-end=\"792\" data-start=\"643\"><span style=\"tab-stops: list 36.0pt;\"><strong data-end=\"666\" data-start=\"643\">Intensives Peeling:<\/strong> Auf feuchter Haut mit kreisenden Bewegungen kr\u00e4ftiger einmassieren, um abgestorbene Hautzellen zu entfernen, dann absp\u00fclen.<\/span><\/li>\n<\/ol>\n<p data-end=\"826\" data-start=\"794\">Geeignet f\u00fcr Gesicht und K\u00f6rper.<\/p>\n","protected":false},"excerpt":{"rendered":"<p>Sanftes Peeling &amp; Pflege mit verf\u00fchrerischem Papaya Duft<\/p>\n<p data-end=\"384\" data-start=\"233\">Dieser zuckerhaltige Peeling-Scrub befreit die Haut sanft von abgestorbenen Hautzellen und verw\u00f6hnt Sinne und Haut mit einem intensiven Papaya-Aroma. Mit echter Zuckerbasis und 100 % nat\u00fcrlichen Peeling-Partikeln sowie pflegenden nat\u00fcrlichen \u00d6len f\u00fcr seidig glatte, weiche und gen\u00e4hrte Haut.<\/p>\n<p data-end=\"559\" data-start=\"529\">Geeignet f\u00fcr Gesicht und K\u00f6rper.<\/p>\n","protected":false},"featured_media":4714,"comment_status":"open","ping_status":"closed","template":"","meta":{"_monsterinsights_skip_tracking":false,"_monsterinsights_sitenote_active":false,"_monsterinsights_sitenote_note":"","_monsterinsights_sitenote_category":0,"_uf_show_specific_survey":0,"_uf_disable_surveys":false},"pwb-brand":[446],"product_brand":[],"product_cat":[128,227],"product_tag":[],"class_list":{"0":"post-4707","1":"product","2":"type-product","3":"status-publish","4":"has-post-thumbnail","6":"pwb-brand-nature-of-agiva","7":"product_cat-koerperpellingzuckerpeelingpeelingkoerperpflege-ohne-parabenerefanbiofresh","8":"product_cat-reinigung","9":"product_shipping_class-standard","11":"first","12":"instock","13":"taxable","14":"shipping-taxable","15":"purchasable","16":"product-type-simple"},"aioseo_notices":[],"jetpack_sharing_enabled":true,"brands":[{"id":446,"name":"NATURE of AGIVA","slug":"nature-of-agiva"}],"_links":{"self":[{"href":"https:\/\/larose-beauty.at\/shop\/wp-json\/wp\/v2\/product\/4707","targetHints":{"allow":["GET"]}}],"collection":[{"href":"https:\/\/larose-beauty.at\/shop\/wp-json\/wp\/v2\/product"}],"about":[{"href":"https:\/\/larose-beauty.at\/shop\/wp-json\/wp\/v2\/types\/product"}],"replies":[{"embeddable":true,"href":"https:\/\/larose-beauty.at\/shop\/wp-json\/wp\/v2\/comments?post=4707"}],"wp:featuredmedia":[{"embeddable":true,"href":"https:\/\/larose-beauty.at\/shop\/wp-json\/wp\/v2\/media\/4714"}],"wp:attachment":[{"href":"https:\/\/larose-beauty.at\/shop\/wp-json\/wp\/v2\/media?parent=4707"}],"wp:term":[{"taxonomy":"pwb-brand","embeddable":true,"href":"https:\/\/larose-beauty.at\/shop\/wp-json\/wp\/v2\/pwb-brand?post=4707"},{"taxonomy":"product_brand","embeddable":true,"href":"https:\/\/larose-beauty.at\/shop\/wp-json\/wp\/v2\/product_brand?post=4707"},{"taxonomy":"product_cat","embeddable":true,"href":"https:\/\/larose-beauty.at\/shop\/wp-json\/wp\/v2\/product_cat?post=4707"},{"taxonomy":"product_tag","embeddable":true,"href":"https:\/\/larose-beauty.at\/shop\/wp-json\/wp\/v2\/product_tag?post=4707"}],"curies":[{"name":"wp","href":"https:\/\/api.w.org\/{rel}","templated":true}]}}