{"id":4703,"date":"2025-07-03T20:00:24","date_gmt":"2025-07-03T18:00:24","guid":{"rendered":"https:\/\/larose-beauty.at\/shop\/produkt\/roses-retinol-hero-anti-falten-creme-fuer-gesicht-dekollete-mit-spf-30\/"},"modified":"2026-01-28T13:28:58","modified_gmt":"2026-01-28T12:28:58","slug":"roses-retinol-hero-anti-falten-creme-fuer-gesicht-dekollete-mit-spf-30","status":"publish","type":"product","link":"https:\/\/larose-beauty.at\/shop\/produkt\/roses-retinol-hero-anti-falten-creme-fuer-gesicht-dekollete-mit-spf-30\/","title":{"rendered":"ROSES RETINOL HERO \u2013 Anti-Falten-Creme f\u00fcr Gesicht &amp; Dekollet\u00e9 mit SPF 30"},"content":{"rendered":"<p><audio class=\"audio-for-speech\"><\/audio><\/p>\n<div class=\"translate-tooltip-mtz translator-hidden\">\n<div class=\"header\">\n<div class=\"header-controls\">Translator<\/div>\n<div class=\"header-controls\"><\/div>\n<\/div>\n<div class=\"translated-text\">\n<div class=\"words\"><\/div>\n<div class=\"sentences\"><\/div>\n<\/div>\n<\/div>\n<p>&nbsp;<\/p>\n<h3 style=\"margin-top: 16px; margin-bottom: 16px;\"><strong><span style=\"font-size: large;\">ROSES RETINOL HERO \u2013 Anti-Falten-Creme f\u00fcr Gesicht &amp; Dekollet\u00e9 mit SPF 30<\/span><\/strong><\/h3>\n<p data-end=\"303\" data-start=\"246\"><strong data-end=\"303\" data-start=\"246\">Mit Retinol, Hyalurons\u00e4ure &amp; bulgarischem Rosenwasser<\/strong><\/p>\n<p data-end=\"618\" data-start=\"305\">Diese leistungsstarke Tagescreme mit <strong data-end=\"353\" data-start=\"342\">Retinol<\/strong>, <strong data-end=\"372\" data-start=\"355\">Hyalurons\u00e4ure<\/strong> und <strong data-end=\"392\" data-start=\"377\">Rosenwasser<\/strong> wurde speziell entwickelt, um sichtbare Anzeichen der Hautalterung zu bek\u00e4mpfen. Sie wirkt gezielt gegen <strong data-end=\"541\" data-start=\"498\">feine Linien, Falten und Pigmentflecken<\/strong>, w\u00e4hrend sie gleichzeitig f\u00fcr einen ebenm\u00e4\u00dfigen und strahlenden Teint sorgt.<\/p>\n<p data-end=\"791\" data-start=\"620\">Dank <strong data-end=\"635\" data-start=\"625\">SPF 30<\/strong> sch\u00fctzt sie die Haut zus\u00e4tzlich vor UV-bedingter Hautalterung und beugt neuen Pigmentflecken vor \u2013 ideal f\u00fcr die t\u00e4gliche Pflege von Gesicht und Dekollet\u00e9.<\/p>\n<h4 style=\"margin-top: 21px; margin-bottom: 21px;\" data-end=\"822\" data-start=\"793\">\u2705 Vorteile im \u00dcberblick:<\/h4>\n<ul>\n<li><span style=\"font-size: 12pt;\"><span style=\"color: #000000;\"><span style=\"font-family: 'Times New Roman','serif';\"><span style=\"font-style: normal;\"><span style=\"font-weight: normal;\"><span style=\"tab-stops: list 36.0pt;\">Mildert <strong data-end=\"860\" data-start=\"833\">Falten und feine Linien<\/strong><\/span><\/span><\/span><\/span><\/span><\/span><\/li>\n<li><span style=\"font-size: 12pt;\"><span style=\"color: #000000;\"><span style=\"font-family: 'Times New Roman','serif';\"><span style=\"font-style: normal;\"><span style=\"font-weight: normal;\"><span style=\"tab-stops: list 36.0pt;\"><strong data-end=\"874\" data-start=\"863\">Strafft<\/strong> sichtbar die Gesichtskonturen<\/span><\/span><\/span><\/span><\/span><\/span><\/li>\n<li><span style=\"font-size: 12pt;\"><span style=\"color: #000000;\"><span style=\"font-family: 'Times New Roman','serif';\"><span style=\"font-style: normal;\"><span style=\"font-weight: normal;\"><span style=\"tab-stops: list 36.0pt;\"><strong data-end=\"918\" data-start=\"907\">Gl\u00e4ttet<\/strong> die Hautstruktur<\/span><\/span><\/span><\/span><\/span><\/span><\/li>\n<li><span style=\"font-size: 12pt;\"><span style=\"color: #000000;\"><span style=\"font-family: 'Times New Roman','serif';\"><span style=\"font-style: normal;\"><span style=\"font-weight: normal;\"><span style=\"tab-stops: list 36.0pt;\"><strong data-end=\"947\" data-start=\"938\">Ebnet<\/strong> den Teint<\/span><\/span><\/span><\/span><\/span><\/span><\/li>\n<li><span style=\"font-size: 12pt;\"><span style=\"color: #000000;\"><span style=\"font-family: 'Times New Roman','serif';\"><span style=\"font-style: normal;\"><span style=\"font-weight: normal;\"><span style=\"tab-stops: list 36.0pt;\"><strong data-end=\"972\" data-start=\"960\">Beruhigt<\/strong> die Haut &amp; reduziert Irritationen<\/span><\/span><\/span><\/span><\/span><\/span><\/li>\n<li><span style=\"font-size: 12pt;\"><span style=\"color: #000000;\"><span style=\"font-family: 'Times New Roman','serif';\"><span style=\"font-style: normal;\"><span style=\"font-weight: normal;\"><span style=\"tab-stops: list 36.0pt;\">Spendet <strong data-end=\"1043\" data-start=\"1017\">intensive Feuchtigkeit<\/strong><\/span><\/span><\/span><\/span><\/span><\/span><\/li>\n<li><span style=\"font-size: 12pt;\"><span style=\"color: #000000;\"><span style=\"font-family: 'Times New Roman','serif';\"><span style=\"font-style: normal;\"><span style=\"font-weight: normal;\"><span style=\"tab-stops: list 36.0pt;\">Mit <strong data-end=\"1079\" data-start=\"1050\">Sonnenschutzfaktor SPF 30<\/strong><\/span><\/span><\/span><\/span><\/span><\/span><\/li>\n<li><span style=\"font-size: 12pt;\"><span style=\"color: #000000;\"><span style=\"font-family: 'Times New Roman','serif';\"><span style=\"font-style: normal;\"><span style=\"font-weight: normal;\"><span style=\"tab-stops: list 36.0pt;\">Ideal f\u00fcr die t\u00e4gliche Anwendung<\/span><\/span><\/span><\/span><\/span><\/span><\/li>\n<\/ul>\n<p data-end=\"1239\" data-start=\"1116\">\ud83c\udf39 Angereichert mit echtem <strong data-end=\"1171\" data-start=\"1143\">bulgarischem Rosenwasser<\/strong> \u2013 f\u00fcr ein frisches, gepflegtes Hautgef\u00fchl, das man sieht und sp\u00fcrt.<\/p>\n<p style=\"margin-bottom: 13px;\"><span style=\"line-height: normal;\"><b><span style=\"font-size: 13.5pt;\"><span style=\"font-family: 'Times New Roman','serif';\">Nat\u00fcrliches Rosenwasser<\/span><\/span><\/b><\/span><\/p>\n<p style=\"margin-bottom: 13px;\"><span style=\"line-height: normal;\"><span style=\"font-size: 12pt;\"><span style=\"font-family: 'Times New Roman','serif';\">Rein. Wirksam. Belebend.<\/span><\/span><\/span><\/p>\n<p style=\"margin-bottom: 13px;\"><span style=\"line-height: normal;\"><span style=\"font-size: 12pt;\"><span style=\"font-family: 'Times New Roman','serif';\">Gewonnen durch traditionelle <b>Wasserdampfdestillation<\/b> der bulgarischen Damaszener-Rose (<i>Rosa Damascena Mill.<\/i>), bewahrt dieses hochwertige Rosenwasser die reine Kraft der frischen Bl\u00fcten.<\/span><\/span><\/span><\/p>\n<p style=\"margin-bottom: 13px;\"><span style=\"line-height: normal;\"><span style=\"font-size: 12pt;\"><span style=\"font-family: 'Times New Roman','serif';\">Seine Wirkung ist einzigartig:<br \/>\n\ud83d\udca7 <b>Feuchtigkeitsspendend<\/b>,<br \/>\n\ud83c\udf3f <b>entz\u00fcndungshemmend<\/b>,<br \/>\n\ud83c\udf38 <b>hautberuhigend<\/b> und<br \/>\n\u2728 <b>revitalisierend<\/b>.<\/span><\/span><\/span><\/p>\n<p style=\"margin-bottom: 13px;\"><span style=\"line-height: normal;\"><span style=\"font-size: 12pt;\"><span style=\"font-family: 'Times New Roman','serif';\">Der <b>reiche, nat\u00fcrliche Duft<\/b> der Rose belebt die Sinne und wirkt harmonisierend auf K\u00f6rper und Geist \u2013 ein echter Sch\u00f6nheitsklassiker der Naturkosmetik.<\/span><\/span><\/span><\/p>\n<h3 style=\"margin-top: 16px; margin-bottom: 16px;\"><strong><span style=\"font-size: large;\">Vitamin A (Retinol)<\/span><\/strong><\/h3>\n<p data-end=\"209\" data-start=\"167\">Zellregeneration &amp; Schutz vor Hautalterung<\/p>\n<p data-end=\"460\" data-start=\"211\"><strong data-end=\"224\" data-start=\"211\">Vitamin A<\/strong> ist ein kraftvoller Anti-Aging-Wirkstoff, der die <strong data-end=\"306\" data-start=\"275\">Zellerneuerung beschleunigt<\/strong> und die <strong data-end=\"350\" data-start=\"315\">Jugendlichkeit der Haut bewahrt<\/strong>. Es sch\u00fctzt vor <strong data-end=\"383\" data-start=\"367\">Austrocknung<\/strong>, f\u00f6rdert die <strong data-end=\"412\" data-start=\"397\">Elastizit\u00e4t<\/strong> und beugt der <strong data-end=\"444\" data-start=\"427\">Faltenbildung<\/strong> effektiv vor.<\/p>\n<p data-end=\"582\" data-start=\"462\">Zudem unterst\u00fctzt Vitamin A den <strong data-end=\"528\" data-start=\"494\">Stoffwechsel in den Hautzellen<\/strong> \u2013 f\u00fcr ein frisches, glattes und strahlendes Hautbild.<\/p>\n<h3 style=\"margin-top: 16px; margin-bottom: 16px;\"><strong><span style=\"font-size: large;\">Hyalurons\u00e4ure<\/span><\/strong><\/h3>\n<p data-end=\"218\" data-start=\"160\">Tiefenhydration &amp; Faltengl\u00e4ttung mit nat\u00fcrlicher Wirkung<\/p>\n<p data-end=\"466\" data-start=\"220\">Hyalurons\u00e4ure ist ein nat\u00fcrlicher Bestandteil der Haut und bekannt f\u00fcr ihre au\u00dfergew\u00f6hnliche F\u00e4higkeit, das bis zu 30-Fache ihres eigenen Gewichts an Wasser zu speichern. Das Ergebnis: Die Haut wirkt praller, glatter und intensiv durchfeuchtet.<\/p>\n<p data-end=\"614\" data-start=\"468\">Mit zunehmendem Alter nimmt die k\u00f6rpereigene Produktion von Hyalurons\u00e4ure jedoch ab \u2013 die Haut verliert an Volumen, Spannkraft und Feuchtigkeit.<\/p>\n<p data-end=\"780\" data-start=\"616\"><strong data-end=\"652\" data-start=\"616\">Externe Zufuhr von Hyalurons\u00e4ure<\/strong> wirkt wie ein Feuchtigkeits-Booster, polstert die Haut von innen auf und hilft, feine Linien und Falten sichtbar zu reduzieren<\/p>\n","protected":false},"excerpt":{"rendered":"<p><audio class=\"audio-for-speech\"><\/audio><\/p>\n<div class=\"translate-tooltip-mtz translator-hidden\">\n<div class=\"header\">\n<div class=\"header-controls\">Translator<\/div>\n<div class=\"header-controls\"><\/div>\n<\/div>\n<div class=\"translated-text\">\n<div class=\"words\"><\/div>\n<div class=\"sentences\"><\/div>\n<\/div>\n<\/div>\n<p>&nbsp;<\/p>\n<h4 style=\"margin: 1.33em 0cm;\">\u2705 Vorteile im \u00dcberblick:<\/h4>\n<ul style=\"list-style-type: disc; direction: ltr;\">\n<li style=\"font-size: 12pt; font-style: normal; font-weight: normal;\">\n<p style=\"font-size: 12pt; font-style: normal; font-weight: normal;\" data-end=\"860\" data-start=\"825\">Mildert <strong data-end=\"860\" data-start=\"833\">Falten und feine Linien<\/strong><\/p>\n<\/li>\n<li style=\"font-size: 12pt; font-style: normal; font-weight: normal;\">\n<p style=\"font-size: 12pt; font-style: normal; font-weight: normal;\" data-end=\"904\" data-start=\"863\"><strong data-end=\"874\" data-start=\"863\">Strafft<\/strong> sichtbar die Gesichtskonturen<\/p>\n<\/li>\n<li style=\"font-size: 12pt; font-style: normal; font-weight: normal;\">\n<p style=\"font-size: 12pt; font-style: normal; font-weight: normal;\" data-end=\"935\" data-start=\"907\"><strong data-end=\"918\" data-start=\"907\">Gl\u00e4ttet<\/strong> die Hautstruktur<\/p>\n<\/li>\n<li style=\"font-size: 12pt; font-style: normal; font-weight: normal;\">\n<p style=\"font-size: 12pt; font-style: normal; font-weight: normal;\" data-end=\"957\" data-start=\"938\"><strong data-end=\"947\" data-start=\"938\">Ebnet<\/strong> den Teint<\/p>\n<\/li>\n<li style=\"font-size: 12pt; font-style: normal; font-weight: normal;\">\n<p style=\"font-size: 12pt; font-style: normal; font-weight: normal;\" data-end=\"1006\" data-start=\"960\"><strong data-end=\"972\" data-start=\"960\">Beruhigt<\/strong> die Haut &amp; reduziert Irritationen<\/p>\n<\/li>\n<li style=\"font-size: 12pt; font-style: normal; font-weight: normal;\">\n<p style=\"font-size: 12pt; font-style: normal; font-weight: normal;\" data-end=\"1043\" data-start=\"1009\">Spendet <strong data-end=\"1043\" data-start=\"1017\">intensive Feuchtigkeit<\/strong><\/p>\n<\/li>\n<li style=\"font-size: 12pt; font-style: normal; font-weight: normal;\">\n<p style=\"font-size: 12pt; font-style: normal; font-weight: normal;\" data-end=\"1079\" data-start=\"1046\">Mit <strong data-end=\"1079\" data-start=\"1050\">Sonnenschutzfaktor SPF 30<\/strong><\/p>\n<\/li>\n<li style=\"font-size: 12pt; font-style: normal; font-weight: normal;\">\n<p style=\"font-size: 12pt; font-style: normal; font-weight: normal;\" data-end=\"1114\" data-start=\"1082\">Ideal f\u00fcr die t\u00e4gliche Anwendung<\/p>\n<\/li>\n<\/ul>\n","protected":false},"featured_media":4710,"comment_status":"open","ping_status":"closed","template":"","meta":{"_monsterinsights_skip_tracking":false,"_monsterinsights_sitenote_active":false,"_monsterinsights_sitenote_note":"","_monsterinsights_sitenote_category":0,"_uf_show_specific_survey":0,"_uf_disable_surveys":false},"pwb-brand":[446],"product_brand":[],"product_cat":[225,224],"product_tag":[],"class_list":{"0":"post-4703","1":"product","2":"type-product","3":"status-publish","4":"has-post-thumbnail","6":"pwb-brand-nature-of-agiva","7":"product_cat-rosencremerosenkosmetikbio-rosenkosmetikrosenoel-kosmetiknaturkosmetiknachtcremeanti-age-creme","8":"product_cat-rosencremerosenkosmetikbio-rosenkosmetikrosenoel-kosmetiknaturkosmetiktagescremeanti-age-creme","9":"product_shipping_class-standard","11":"first","12":"instock","13":"taxable","14":"shipping-taxable","15":"purchasable","16":"product-type-simple"},"aioseo_notices":[],"jetpack_sharing_enabled":true,"brands":[{"id":446,"name":"NATURE of AGIVA","slug":"nature-of-agiva"}],"_links":{"self":[{"href":"https:\/\/larose-beauty.at\/shop\/wp-json\/wp\/v2\/product\/4703","targetHints":{"allow":["GET"]}}],"collection":[{"href":"https:\/\/larose-beauty.at\/shop\/wp-json\/wp\/v2\/product"}],"about":[{"href":"https:\/\/larose-beauty.at\/shop\/wp-json\/wp\/v2\/types\/product"}],"replies":[{"embeddable":true,"href":"https:\/\/larose-beauty.at\/shop\/wp-json\/wp\/v2\/comments?post=4703"}],"wp:featuredmedia":[{"embeddable":true,"href":"https:\/\/larose-beauty.at\/shop\/wp-json\/wp\/v2\/media\/4710"}],"wp:attachment":[{"href":"https:\/\/larose-beauty.at\/shop\/wp-json\/wp\/v2\/media?parent=4703"}],"wp:term":[{"taxonomy":"pwb-brand","embeddable":true,"href":"https:\/\/larose-beauty.at\/shop\/wp-json\/wp\/v2\/pwb-brand?post=4703"},{"taxonomy":"product_brand","embeddable":true,"href":"https:\/\/larose-beauty.at\/shop\/wp-json\/wp\/v2\/product_brand?post=4703"},{"taxonomy":"product_cat","embeddable":true,"href":"https:\/\/larose-beauty.at\/shop\/wp-json\/wp\/v2\/product_cat?post=4703"},{"taxonomy":"product_tag","embeddable":true,"href":"https:\/\/larose-beauty.at\/shop\/wp-json\/wp\/v2\/product_tag?post=4703"}],"curies":[{"name":"wp","href":"https:\/\/api.w.org\/{rel}","templated":true}]}}