{"id":4582,"date":"2011-06-02T00:00:00","date_gmt":"2011-06-01T22:00:00","guid":{"rendered":"https:\/\/larose-beauty.at\/shop\/produkt\/100-natuerliches-aetherisches-rosenoel-1-g\/"},"modified":"2025-07-25T17:43:58","modified_gmt":"2025-07-25T15:43:58","slug":"100-natuerliches-aetherisches-rosenoel-1-g","status":"publish","type":"product","link":"https:\/\/larose-beauty.at\/shop\/produkt\/100-natuerliches-aetherisches-rosenoel-1-g\/","title":{"rendered":"100% Nat\u00fcrliches \u00e4therisches Rosen\u00f6l 1 g"},"content":{"rendered":"<p><audio class=\"audio-for-speech\"><\/audio><\/p>\n<div class=\"translate-tooltip-mtz translator-hidden\">\n<div class=\"header\">\n<div class=\"header-controls\">Translator<\/div>\n<div class=\"header-controls\"><\/div>\n<\/div>\n<div class=\"translated-text\">\n<div class=\"words\"><\/div>\n<div class=\"sentences\"><\/div>\n<\/div>\n<\/div>\n<p>&nbsp;<\/p>\n<p><span style=\"font-family: Times New Roman,Times,serif;\">100% Nat\u00fcrliches \u00e4therisches <em>Rosen\u00f6l aus Damaszener-Rose<\/em>. Das Rosen\u00f6l\u00a0ist nat\u00fcrliche Produkt gewonnen durch die Destillation der bulgarischen \u00f6lhaltigen <em>Damastener-Rose<\/em>, auch genannt die &#8220;K\u00f6nigin&#8221; der Blumen. Sie enth\u00e4lt mehr als 400 kostbare Wirkstoffe, die wunderbare Wirkung auf den menschlichen K\u00f6rper haben. Sie entwickelt sich in ein unersetzliches Lebenselixier f\u00fcr Hochwertige kosmetische Produkte.<\/span><\/p>\n<p>Rosen\u00f6l besitzt keimt\u00f6tende, entz\u00fcndungshemmende, wundheilende und entkrampfende Eigenschaften, regt die Zellneubildung an und gl\u00e4ttet die Haut. Wegen seiner beruhigenden Eigenschaften stellt Rosen\u00f6l die ideale Grundlage in der Bulgarian Rose Kosmetik dar. Pflegende Rosenextrakte verfeinern und verj\u00fcngen das Hautbild, regen Zellneubildung an, versorgen die Haut mit Feuchtigkeit, mildern F\u00e4ltchen und sch\u00fctzen vor negativen Umwelteinfl\u00fcssen.<\/p>\n<p><strong>Verwendung:<\/strong><br \/>\nAroma Lampe &#8211; <span class=\"hps\" title=\"Zur Anzeige alternativer \u00dcbersetzungen klicken\">10-15<\/span> <span class=\"hps\" title=\"Zur Anzeige alternativer \u00dcbersetzungen klicken\">ml<\/span> <span class=\"hps\" title=\"Zur Anzeige alternativer \u00dcbersetzungen klicken\">Wasser<\/span> <span class=\"hps\" title=\"Zur Anzeige alternativer \u00dcbersetzungen klicken\">in<\/span> <span class=\"hps\" title=\"Zur Anzeige alternativer \u00dcbersetzungen klicken\">die<\/span> <span class=\"hps\" title=\"Zur Anzeige alternativer \u00dcbersetzungen klicken\">Lampe einf\u00fcgen und <\/span><span id=\"result_box\" lang=\"de\"><span title=\"Zur Anzeige alternativer \u00dcbersetzungen klicken\">1 bis 5<\/span> <span class=\"hps\" title=\"Zur Anzeige alternativer \u00dcbersetzungen klicken\">Tropfen<\/span> Rosen\u00f6<span class=\"hps\" title=\"Zur Anzeige alternativer \u00dcbersetzungen klicken\">l<\/span>\u00a0eintropfen.<br \/>\nBadewanne:\u00a0<span id=\"result_box\" lang=\"de\"><span title=\"Zur Anzeige alternativer \u00dcbersetzungen klicken\">5 bis\u00a010<\/span> <span class=\"hps\" title=\"Zur Anzeige alternativer \u00dcbersetzungen klicken\">Tropfen<\/span> Rosen\u00f6<span class=\"hps\" title=\"Zur Anzeige alternativer \u00dcbersetzungen klicken\">l<\/span>\u00a0in der Badewanne eintropfen.<\/span><br \/>\n<span class=\"hps\" title=\"Zur Anzeige alternativer \u00dcbersetzungen klicken\">Massage:\u00a0\u00a0<span id=\"result_box\" lang=\"de\"><span title=\"Zur Anzeige alternativer \u00dcbersetzungen klicken\">1 bis 5<\/span> <span class=\"hps\" title=\"Zur Anzeige alternativer \u00dcbersetzungen klicken\">Tropfen<\/span> Rosen\u00f6<span class=\"hps\" title=\"Zur Anzeige alternativer \u00dcbersetzungen klicken\">l<\/span>\u00a0in 20 ml\u00a0 Pflanzliches \u00d6l eintropfen und dann auf die Haut auftragen.<\/span><\/span><\/span><\/p>\n<p><strong>Tipp:<\/strong> Wer sich den Luxus leisten m\u00f6chten, ein eigenes Duft-Produkt mit echtem Rosen\u00f6l herzustellen, der ben\u00f6tigt nur wenige Tropfen, die in einfaches Sonnenblumen\u00f6l oder Oliven\u00f6l\u00a0gegeben werden. \u00d6lt man damit nach dem Duschen den K\u00f6rper ein, so wird man den ganzen Tag von einem bet\u00f6renden und wunderbare Rosenduft umgeben sein.<\/p>\n<p><strong>Wirkstoffe:<\/strong> <em>Rosa Damascena Flower Oil<\/em>, Citronellol, Geraniol, Isoeugenol, Linalool, Eugenol, Farnesol<\/p>\n<p>1 g<\/p>\n<p><a href=\"http:\/\/www.bulgarianrose.bg\/validation\">Validierung von Originalprodukt von Bulgarian Rose Plc.<\/a><\/p>\n<p>&nbsp;<\/p>\n<p>&nbsp;<\/p>\n<p>&nbsp;<\/p>\n<p>&nbsp;<\/p>\n","protected":false},"excerpt":{"rendered":"<p>100% Nat\u00fcrliches \u00e4terisches Rosen\u00f6l aus Damaszener-Rose.Rosen\u00f6l besitzt keimt\u00f6tende, entz\u00fcndungshemmende, wundheilende und entkrampfende Eigenschaften, regt die Zellneubildung an und gl\u00e4ttet die Haut.<\/p>\n<p style=\"margin-bottom: 13px; margin-left: 47px;\"><span style=\"font-size: 12pt;\"><span style=\"line-height: 115%;\"><span style=\"font-family: Calibri;\">\ud83d\udd39<\/span><\/span><\/span><span style=\"font-size: 12pt;\"><span style=\"line-height: 115%;\"> <strong data-end=\"193\" data-start=\"139\">100 % nat\u00fcrliches bulgarisches Rosen\u00f6l (Rose Otto)<\/strong><\/span><\/span><br data-end=\"196\" data-start=\"193\" \/><span style=\"font-size: 12pt;\"><span style=\"line-height: 115%;\"><span style=\"font-family: Calibri;\">\ud83d\udd39<\/span><\/span><\/span><span style=\"font-size: 12pt;\"><span style=\"line-height: 115%;\"> Kann kosmetischen Produkten oder selbstgemachter Pflege zugesetzt werden<\/span><\/span><br data-end=\"274\" data-start=\"271\" \/><span style=\"font-size: 12pt;\"><span style=\"line-height: 115%;\"><span style=\"font-family: Calibri;\">\ud83d\udd39<\/span><\/span><\/span><span style=\"font-size: 12pt;\"><span style=\"line-height: 115%;\"> Wirkt intensiv <strong data-end=\"306\" data-is-only-node=\"\" data-start=\"292\">verj\u00fcngend<\/strong>, <strong data-end=\"333\" data-start=\"308\">feuchtigkeitsspendend<\/strong> und <strong data-end=\"349\" data-start=\"338\">n\u00e4hrend<\/strong><\/span><\/span><br data-end=\"352\" data-start=\"349\" \/><span style=\"font-size: 12pt;\"><span style=\"line-height: 115%;\"><span style=\"font-family: Calibri;\">\ud83d\udd39<\/span><\/span><\/span><span style=\"font-size: 12pt;\"><span style=\"line-height: 115%;\"> <strong data-end=\"384\" data-start=\"355\">Beruhigt das Nervensystem<\/strong> und verf\u00fchrt die Sinne mit seinem blumigen Duft<\/span><\/span><br data-end=\"435\" data-start=\"432\" \/><span style=\"font-size: 12pt;\"><span style=\"line-height: 115%;\"><span style=\"font-family: Calibri;\">\ud83d\udd39<\/span><\/span><\/span><span style=\"font-size: 12pt;\"><span style=\"line-height: 115%;\"> Hat starke <strong data-end=\"493\" data-start=\"449\">antiseptische und heilende Eigenschaften<\/strong><\/span><\/span><br data-end=\"496\" data-start=\"493\" \/><span style=\"font-size: 12pt;\"><span style=\"line-height: 115%;\"><span style=\"font-family: Calibri;\">\ud83d\udd39<\/span><\/span><\/span><span style=\"font-size: 12pt;\"><span style=\"line-height: 115%;\"> Frei von Zus\u00e4tzen, Konservierungsstoffen oder k\u00fcnstlichen Inhaltsstoffen<\/span><\/span><\/p>\n","protected":false},"featured_media":4754,"comment_status":"open","ping_status":"closed","template":"","meta":{"_monsterinsights_skip_tracking":false,"_monsterinsights_sitenote_active":false,"_monsterinsights_sitenote_note":"","_monsterinsights_sitenote_category":0,"_uf_show_specific_survey":0,"_uf_disable_surveys":false},"pwb-brand":[492],"product_brand":[],"product_cat":[109],"product_tag":[],"class_list":{"0":"post-4582","1":"product","2":"type-product","3":"status-publish","4":"has-post-thumbnail","6":"pwb-brand-bulgarian-rose","7":"product_cat-100-reines-rosenoel","8":"product_shipping_class-standard","10":"first","11":"instock","12":"taxable","13":"shipping-taxable","14":"purchasable","15":"product-type-simple"},"aioseo_notices":[],"jetpack_sharing_enabled":true,"brands":[{"id":492,"name":"Bulgarian Rose","slug":"bulgarian-rose"}],"_links":{"self":[{"href":"https:\/\/larose-beauty.at\/shop\/wp-json\/wp\/v2\/product\/4582","targetHints":{"allow":["GET"]}}],"collection":[{"href":"https:\/\/larose-beauty.at\/shop\/wp-json\/wp\/v2\/product"}],"about":[{"href":"https:\/\/larose-beauty.at\/shop\/wp-json\/wp\/v2\/types\/product"}],"replies":[{"embeddable":true,"href":"https:\/\/larose-beauty.at\/shop\/wp-json\/wp\/v2\/comments?post=4582"}],"wp:featuredmedia":[{"embeddable":true,"href":"https:\/\/larose-beauty.at\/shop\/wp-json\/wp\/v2\/media\/4754"}],"wp:attachment":[{"href":"https:\/\/larose-beauty.at\/shop\/wp-json\/wp\/v2\/media?parent=4582"}],"wp:term":[{"taxonomy":"pwb-brand","embeddable":true,"href":"https:\/\/larose-beauty.at\/shop\/wp-json\/wp\/v2\/pwb-brand?post=4582"},{"taxonomy":"product_brand","embeddable":true,"href":"https:\/\/larose-beauty.at\/shop\/wp-json\/wp\/v2\/product_brand?post=4582"},{"taxonomy":"product_cat","embeddable":true,"href":"https:\/\/larose-beauty.at\/shop\/wp-json\/wp\/v2\/product_cat?post=4582"},{"taxonomy":"product_tag","embeddable":true,"href":"https:\/\/larose-beauty.at\/shop\/wp-json\/wp\/v2\/product_tag?post=4582"}],"curies":[{"name":"wp","href":"https:\/\/api.w.org\/{rel}","templated":true}]}}