{"id":447,"date":"2013-01-14T00:00:00","date_gmt":"2013-01-13T23:00:00","guid":{"rendered":"https:\/\/larose-beauty.at\/shop\/produkt\/be-delicious-freshdknydona-karanrefanduftparfumfollow-me-155\/"},"modified":"2025-12-04T15:26:49","modified_gmt":"2025-12-04T14:26:49","slug":"be-delicious-freshdknydona-karanrefanduftparfumfollow-me-155","status":"publish","type":"product","link":"https:\/\/larose-beauty.at\/shop\/produkt\/be-delicious-freshdknydona-karanrefanduftparfumfollow-me-155\/","title":{"rendered":"Eau de Parfum 155 Inspiriert von Be Delisious Fresh 100 ml"},"content":{"rendered":"<p><audio class=\"audio-for-speech\"><\/audio><\/p>\n<div class=\"translate-tooltip-mtz translator-hidden\">\n<div class=\"header\">\n<div class=\"header-controls\">Translator<\/div>\n<div class=\"header-controls\"><\/div>\n<\/div>\n<div class=\"translated-text\">\n<div class=\"words\"><\/div>\n<div class=\"sentences\"><\/div>\n<\/div>\n<\/div>\n<p>&nbsp;<\/p>\n<p>Duftkollektion &#8220;FOLLOW ME&#8221;-REFAN Duft FOLOW ME Eau de Parf\u00fcm\u00a0 femme 155<br \/>\nEin fr\u00fchlinghaft leichter Damenduft mit der sinnlichen Kraft verschiedener Bl\u00fctenessenzen. Die unbeschwerte Komposition startet mit spritziger Grapefruit, Jochanisbeere und sonnenverw\u00f6hnten Aprikosen. Den anziehend femininen Duft besticht mit einem durch und durch blumigen Duftcharakter verf\u00fchrt mit Lilie, Rosenbl\u00e4ttern, strahlendem Jasmin, erfrischender zarten Apfelnote und einer dezenten Gew\u00fcrznote. Ein sch\u00f6ner Duft f\u00fcr den allt\u00e4glichen Gebrauch.<\/p>\n<p><strong><em>Duftnote:<\/em><\/strong> Blumig, fruchtig, frisch<\/p>\n<p><strong>Kopfnote:<\/strong> Grapefruit, Jochanisbeeren, Aprikose<br \/>\n<strong>Herz-note:<\/strong> Lilie, Rose, Jasmin<br \/>\n<strong>Basisnote:<\/strong> Apfelbl\u00fcte, Holzigen Akkord<\/p>\n<p>Duftkreation und Essenzmischung mit dem gleichen Haupt-Inhaltsstoffen\u00a0 in der Duftrichtung von<\/p>\n<p>Ohne Verpackung:<\/p>\n<p>100ml REFAN Parfum Flakon<\/p>\n<p>&nbsp;<\/p>\n","protected":false},"excerpt":{"rendered":"<p><audio class=\"audio-for-speech\"><\/audio><\/p>\n<div class=\"translate-tooltip-mtz translator-hidden\">\n<div class=\"header\">\n<div class=\"header-controls\">Translator<\/div>\n<div class=\"header-controls\"><\/div>\n<\/div>\n<div class=\"translated-text\">\n<div class=\"words\"><\/div>\n<div class=\"sentences\"><\/div>\n<\/div>\n<\/div>\n<p>&nbsp;<\/p>\n<p>Ein fr\u00fchlinghaft leichter Damenduft mit der sinnlichen Kraft verschiedener Bl\u00fctenessenzen. Die unbeschwerte Komposition startet mit spritziger Grapefruit, Jochanisbeere und sonnenverw\u00f6hnten Aprikosen.\u00a0 Ein sch\u00f6ner Duft f\u00fcr den allt\u00e4glichen Gebrauch.<strong><em>Duftnote:<\/em><\/strong> Blumig, fruchtig, frisch<\/p>\n","protected":false},"featured_media":2622,"comment_status":"closed","ping_status":"closed","template":"","meta":{"_monsterinsights_skip_tracking":false,"_monsterinsights_sitenote_active":false,"_monsterinsights_sitenote_note":"","_monsterinsights_sitenote_category":0,"_uf_show_specific_survey":0,"_uf_disable_surveys":false},"pwb-brand":[235],"product_brand":[],"product_cat":[45,177,441],"product_tag":[],"class_list":{"0":"post-447","1":"product","2":"type-product","3":"status-publish","4":"has-post-thumbnail","6":"pwb-brand-refan","7":"product_cat-angebote-sailausverkaufmuttertaggeschenke","8":"product_cat-damen-duefte-duefte","9":"product_cat-damen-duftzwillinge","10":"product_shipping_class-standard","12":"first","13":"instock","14":"sale","15":"taxable","16":"shipping-taxable","17":"purchasable","18":"product-type-simple"},"aioseo_notices":[],"jetpack_sharing_enabled":true,"brands":[{"id":235,"name":"REFAN","slug":"refan"}],"_links":{"self":[{"href":"https:\/\/larose-beauty.at\/shop\/wp-json\/wp\/v2\/product\/447","targetHints":{"allow":["GET"]}}],"collection":[{"href":"https:\/\/larose-beauty.at\/shop\/wp-json\/wp\/v2\/product"}],"about":[{"href":"https:\/\/larose-beauty.at\/shop\/wp-json\/wp\/v2\/types\/product"}],"replies":[{"embeddable":true,"href":"https:\/\/larose-beauty.at\/shop\/wp-json\/wp\/v2\/comments?post=447"}],"wp:featuredmedia":[{"embeddable":true,"href":"https:\/\/larose-beauty.at\/shop\/wp-json\/wp\/v2\/media\/2622"}],"wp:attachment":[{"href":"https:\/\/larose-beauty.at\/shop\/wp-json\/wp\/v2\/media?parent=447"}],"wp:term":[{"taxonomy":"pwb-brand","embeddable":true,"href":"https:\/\/larose-beauty.at\/shop\/wp-json\/wp\/v2\/pwb-brand?post=447"},{"taxonomy":"product_brand","embeddable":true,"href":"https:\/\/larose-beauty.at\/shop\/wp-json\/wp\/v2\/product_brand?post=447"},{"taxonomy":"product_cat","embeddable":true,"href":"https:\/\/larose-beauty.at\/shop\/wp-json\/wp\/v2\/product_cat?post=447"},{"taxonomy":"product_tag","embeddable":true,"href":"https:\/\/larose-beauty.at\/shop\/wp-json\/wp\/v2\/product_tag?post=447"}],"curies":[{"name":"wp","href":"https:\/\/api.w.org\/{rel}","templated":true}]}}