{"id":4300,"date":"2025-03-09T16:55:23","date_gmt":"2025-03-09T15:55:23","guid":{"rendered":"https:\/\/larose-beauty.at\/shop\/produkt\/eau-de-parfuem-zag-zodiak-410-fi\/"},"modified":"2025-05-14T18:01:19","modified_gmt":"2025-05-14T16:01:19","slug":"eau-de-parfuem-zag-zodiak-410-fi","status":"publish","type":"product","link":"https:\/\/larose-beauty.at\/shop\/produkt\/eau-de-parfuem-zag-zodiak-410-fi\/","title":{"rendered":"Eau de Parf\u00fcm ZAG Zodiak 410 FI"},"content":{"rendered":"<p><span style=\"font-size: 12pt;\"><span style=\"line-height: 115%;\"><span style=\"font-family: 'Times New Roman','serif';\">Das ZAG 410 FI ist ein Duft-M\u00e4nnlich, das mit seiner Intensit\u00e4t greift und es heutzutage f\u00fcr den dynamischen Mann extrem geeignet macht. Seine Kopfnoten von Tanne, Zitrone, Orange, Kardamom, Petitgrain und Meeresnoten verbreiten ihre Frische, sobald Sie davon spr\u00fchen. Der Kern aus Rosmarin, Jasmin, Rose, Salbei und Maigl\u00f6ckchen verleihen dem Aroma M\u00e4nnlichkeit und der Basis von Moschus, Vetiver, Eichenmoos, rosewood und Sandelholz, die die aromatische Mischung &#8220;verdichtet&#8221; und verleiht ihm Eleganz und Belastbarkeit. Wenn Sie ein Fan von \u00a0FIERCE Abercrombie und Fitch sind, wird Ihnen dieses Parf\u00fcm sicherlich passen.<\/span><\/span><\/span><\/p>\n<p><span style=\"font-size: 12pt;\"><span style=\"line-height: 115%;\"><span style=\"font-family: 'Times New Roman','serif';\">Kopfnote: \u00a0<\/span><\/span><\/span><span style=\"font-size: 12pt;\"><span style=\"line-height: 115%;\"><span style=\"font-family: 'Times New Roman','serif';\">Meeresnote, Petitgraine, Kardamom, Orange, Zitrone, Tanne<\/span><\/span><\/span><\/p>\n<p><span style=\"font-size: 12pt;\"><span style=\"line-height: 115%;\"><span style=\"font-family: 'Times New Roman','serif';\">Herznoten: <\/span><\/span><\/span><span style=\"font-size: 12pt;\"><span style=\"line-height: 115%;\"><span style=\"font-family: 'Times New Roman','serif';\">Salbei, Rose, Jasmine, Lilie des Tals, Rosmarin<\/span><\/span><\/span><\/p>\n<p><span style=\"font-size: 12pt;\"><span style=\"line-height: 115%;\"><span style=\"font-family: 'Times New Roman','serif';\">Basis: <\/span><\/span><\/span><span style=\"font-size: 12pt;\"><span style=\"line-height: 115%;\"><span style=\"font-family: 'Times New Roman','serif';\">Sandelholz, rosewood, Eichenmoos, Vetiver, Moschus<\/span><\/span><\/span><\/p>\n<p><span style=\"font-size: 12pt;\"><span style=\"line-height: 115%;\"><span style=\"font-family: 'Times New Roman','serif';\">50 ml<\/span><\/span><\/span><\/p>\n<p><span style=\"font-size: 12pt;\"><span style=\"line-height: 115%;\"><span style=\"font-family: 'Times New Roman','serif';\">\/INCI\/: Alcohol Denat.; Fragrance; Aqua; Citronellol; Coumarin; Limonene; Linalool; Citral; Eugenol; Evernia furfuracea (Treemoss) Extract<\/span><\/span><\/span><\/p>\n","protected":false},"excerpt":{"rendered":"<p><span style=\"font-size: 12pt;\"><span style=\"line-height: 115%;\">Das ZAG 410 FI ist ein Duft-M\u00e4nnlich, das mit seiner Intensit\u00e4t greift und es heutzutage f\u00fcr den dynamischen Mann extrem geeignet macht. Wenn Sie ein Fan von \u00a0FIERCE Abercrombie und Fitch sind, wird Ihnen dieses Parf\u00fcm sicherlich gefallen.<\/span><\/span><\/p>\n<p><span style=\"font-size: 12pt;\"><span style=\"line-height: 115%;\">Kopfnote: \u00a0<\/span><\/span><span style=\"font-size: 12pt;\"><span style=\"line-height: 115%;\">Meeresnote, Petitgraine, Kardamom, Orange, Zitrone, Tanne<\/span><\/span><\/p>\n<p><span style=\"font-size: 12pt;\"><span style=\"line-height: 115%;\">Herznoten: <\/span><\/span><span style=\"font-size: 12pt;\"><span style=\"line-height: 115%;\">Salbei, Rose, Jasmine, Lilie des Tals, Rosmarin<\/span><\/span><\/p>\n<p><span style=\"font-size: 12pt;\"><span style=\"line-height: 115%;\">Basis: <\/span><\/span><span style=\"font-size: 12pt;\"><span style=\"line-height: 115%;\">Sandelholz, rosewood, Eichenmoos, Vetiver, Moschus<\/span><\/span><\/p>\n<p>&nbsp;<\/p>\n","protected":false},"featured_media":4325,"comment_status":"open","ping_status":"closed","template":"","meta":{"_monsterinsights_skip_tracking":false,"_monsterinsights_sitenote_active":false,"_monsterinsights_sitenote_note":"","_monsterinsights_sitenote_category":0,"_uf_show_specific_survey":0,"_uf_disable_surveys":false},"pwb-brand":[438],"product_brand":[],"product_cat":[435],"product_tag":[],"class_list":{"0":"post-4300","1":"product","2":"type-product","3":"status-publish","4":"has-post-thumbnail","6":"pwb-brand-zag-zodiak","7":"product_cat-zag-trendy","8":"product_shipping_class-standard","10":"first","11":"instock","12":"taxable","13":"shipping-taxable","14":"purchasable","15":"product-type-simple"},"aioseo_notices":[],"jetpack_sharing_enabled":true,"brands":[{"id":438,"name":"ZAG ZODIAK","slug":"zag-zodiak"}],"_links":{"self":[{"href":"https:\/\/larose-beauty.at\/shop\/wp-json\/wp\/v2\/product\/4300","targetHints":{"allow":["GET"]}}],"collection":[{"href":"https:\/\/larose-beauty.at\/shop\/wp-json\/wp\/v2\/product"}],"about":[{"href":"https:\/\/larose-beauty.at\/shop\/wp-json\/wp\/v2\/types\/product"}],"replies":[{"embeddable":true,"href":"https:\/\/larose-beauty.at\/shop\/wp-json\/wp\/v2\/comments?post=4300"}],"wp:featuredmedia":[{"embeddable":true,"href":"https:\/\/larose-beauty.at\/shop\/wp-json\/wp\/v2\/media\/4325"}],"wp:attachment":[{"href":"https:\/\/larose-beauty.at\/shop\/wp-json\/wp\/v2\/media?parent=4300"}],"wp:term":[{"taxonomy":"pwb-brand","embeddable":true,"href":"https:\/\/larose-beauty.at\/shop\/wp-json\/wp\/v2\/pwb-brand?post=4300"},{"taxonomy":"product_brand","embeddable":true,"href":"https:\/\/larose-beauty.at\/shop\/wp-json\/wp\/v2\/product_brand?post=4300"},{"taxonomy":"product_cat","embeddable":true,"href":"https:\/\/larose-beauty.at\/shop\/wp-json\/wp\/v2\/product_cat?post=4300"},{"taxonomy":"product_tag","embeddable":true,"href":"https:\/\/larose-beauty.at\/shop\/wp-json\/wp\/v2\/product_tag?post=4300"}],"curies":[{"name":"wp","href":"https:\/\/api.w.org\/{rel}","templated":true}]}}