{"id":3967,"date":"2024-09-26T12:25:33","date_gmt":"2024-09-26T10:25:33","guid":{"rendered":"https:\/\/larose-beauty.at\/shop\/produkt\/bilka-feuchtigkeitsspendende-gesichtscreme-mit-gurke-und-melone\/"},"modified":"2025-10-06T23:48:39","modified_gmt":"2025-10-06T21:48:39","slug":"bilka-feuchtigkeitsspendende-gesichtscreme-mit-gurke-und-melone","status":"publish","type":"product","link":"https:\/\/larose-beauty.at\/shop\/produkt\/bilka-feuchtigkeitsspendende-gesichtscreme-mit-gurke-und-melone\/","title":{"rendered":"Bilka Feuchtigkeitsspendende Gesichtscreme mit Gurke und Melone"},"content":{"rendered":"<p>Entdecken Sie die\u00a0 Bilka Hydratisierende Gesichtscreme mit Gurke und Melone \u2013 die ideale Pflege f\u00fcr jede Haut. Diese feuchtigkeitsspendende Creme versorgt Ihre Haut intensiv mit Feuchtigkeit, bildet eine sch\u00fctzende Barriere und bewahrt die Feuchtigkeit. Sie verbessert die Hautelastizit\u00e4t, beugt Falten vor und sch\u00fctzt vor UV-Strahlen und freien Radikalen. Die schnell einziehende Formel fettet nicht und beruhigt die Haut nach Sonnenexposition.<\/p>\n<p><strong>Wichtige Inhaltsstoffe<\/strong>: Vitamine E, C und B1, Fruchts\u00e4uren, Pektin, Karotin, Mikroelemente und ein UV-Schutzfilter.<\/p>\n<p>G\u00f6nnen Sie Ihrer Haut die optimale Pflege f\u00fcr ein glattes, geschmeidiges und gesch\u00fctztes Hautbild!<\/p>\n","protected":false},"excerpt":{"rendered":"<p>G\u00f6nnen Sie Ihrer Haut die optimale Pflege f\u00fcr ein glattes, geschmeidiges und gesch\u00fctztes Hautbild!<\/p>\n","protected":false},"featured_media":3975,"comment_status":"open","ping_status":"closed","template":"","meta":{"_monsterinsights_skip_tracking":false,"_monsterinsights_sitenote_active":false,"_monsterinsights_sitenote_note":"","_monsterinsights_sitenote_category":0,"_uf_show_specific_survey":0,"_uf_disable_surveys":false},"pwb-brand":[348],"product_brand":[],"product_cat":[224,345],"product_tag":[],"class_list":{"0":"post-3967","1":"product","2":"type-product","3":"status-publish","4":"has-post-thumbnail","6":"pwb-brand-bilka-lifestyle","7":"product_cat-rosencremerosenkosmetikbio-rosenkosmetikrosenoel-kosmetiknaturkosmetiktagescremeanti-age-creme","8":"product_cat-bilka-aqua-natura","9":"product_shipping_class-standard","11":"first","12":"instock","13":"taxable","14":"shipping-taxable","15":"purchasable","16":"product-type-simple"},"aioseo_notices":[],"jetpack_sharing_enabled":true,"brands":[{"id":348,"name":"BILKA LIFESTYLE","slug":"bilka-lifestyle"}],"_links":{"self":[{"href":"https:\/\/larose-beauty.at\/shop\/wp-json\/wp\/v2\/product\/3967","targetHints":{"allow":["GET"]}}],"collection":[{"href":"https:\/\/larose-beauty.at\/shop\/wp-json\/wp\/v2\/product"}],"about":[{"href":"https:\/\/larose-beauty.at\/shop\/wp-json\/wp\/v2\/types\/product"}],"replies":[{"embeddable":true,"href":"https:\/\/larose-beauty.at\/shop\/wp-json\/wp\/v2\/comments?post=3967"}],"wp:featuredmedia":[{"embeddable":true,"href":"https:\/\/larose-beauty.at\/shop\/wp-json\/wp\/v2\/media\/3975"}],"wp:attachment":[{"href":"https:\/\/larose-beauty.at\/shop\/wp-json\/wp\/v2\/media?parent=3967"}],"wp:term":[{"taxonomy":"pwb-brand","embeddable":true,"href":"https:\/\/larose-beauty.at\/shop\/wp-json\/wp\/v2\/pwb-brand?post=3967"},{"taxonomy":"product_brand","embeddable":true,"href":"https:\/\/larose-beauty.at\/shop\/wp-json\/wp\/v2\/product_brand?post=3967"},{"taxonomy":"product_cat","embeddable":true,"href":"https:\/\/larose-beauty.at\/shop\/wp-json\/wp\/v2\/product_cat?post=3967"},{"taxonomy":"product_tag","embeddable":true,"href":"https:\/\/larose-beauty.at\/shop\/wp-json\/wp\/v2\/product_tag?post=3967"}],"curies":[{"name":"wp","href":"https:\/\/api.w.org\/{rel}","templated":true}]}}