{"id":298,"date":"2011-09-05T00:00:00","date_gmt":"2011-09-04T22:00:00","guid":{"rendered":"https:\/\/larose-beauty.at\/shop\/produkt\/rose-of-bulgaria-ladys-eau-de-parfum-50-ml\/"},"modified":"2026-01-13T22:58:50","modified_gmt":"2026-01-13T21:58:50","slug":"rose-of-bulgaria-ladys-eau-de-parfum-50-ml","status":"publish","type":"product","link":"https:\/\/larose-beauty.at\/shop\/produkt\/rose-of-bulgaria-ladys-eau-de-parfum-50-ml\/","title":{"rendered":"Rose of Bulgaria Lady&#8217;s Eau de Parfum 50 ml"},"content":{"rendered":"<p>Eau de Parfum \u201cRose of Bulgaria\u201cLady\u2019s\u00a0\u00a050 ml: ein einzigartiges Aroma, das Ihnen einer Kombination von Eleganz und Feinheit Schenkt. Die ewige und stilvolle Note von &#8220;die K\u00f6nigin der Blumen&#8221;, umh\u00fcllt Sie mit dem zarten Duft von Damaszener Rose in aristokratische Atmosph\u00e4re. Eine \u00fcberw\u00e4ltigende Aroma, Frisch, Elegant und unwiderstehlich.<\/p>\n","protected":false},"excerpt":{"rendered":"<p>Eau de Parfum \u201cRose of Bulgaria\u201cLady\u2019s\u00a0&#8211; ein einzigartiges Aroma, das Ihnen einer Kombination von Eleganz und Feinheit Schenkt. Die ewige und stilvolle Note von &#8220;die K\u00f6nigin der Blumen&#8221;, umh\u00fcllt Sie mit dem zarten Duft von Damaszener Rose in aristokratische Atmosph\u00e4re.<\/p>\n","protected":false},"featured_media":2583,"comment_status":"open","ping_status":"closed","template":"","meta":{"_monsterinsights_skip_tracking":false,"_monsterinsights_sitenote_active":false,"_monsterinsights_sitenote_note":"","_monsterinsights_sitenote_category":0,"_uf_show_specific_survey":0,"_uf_disable_surveys":false},"pwb-brand":[234],"product_brand":[],"product_cat":[428,72,443],"product_tag":[],"class_list":{"0":"post-298","1":"product","2":"type-product","3":"status-publish","4":"has-post-thumbnail","6":"pwb-brand-biofresh","7":"product_cat-rosenkosmetikrosenwasserkosmetik-ohne-parabene-2","8":"product_cat-rosenkosmetikrosenwasserkosmetik-ohne-parabene","9":"product_cat-rosen-duefte","10":"product_shipping_class-standard","12":"first","13":"instock","14":"taxable","15":"shipping-taxable","16":"purchasable","17":"product-type-simple"},"aioseo_notices":[],"jetpack_sharing_enabled":true,"brands":[{"id":234,"name":"Biofresh","slug":"biofresh"}],"_links":{"self":[{"href":"https:\/\/larose-beauty.at\/shop\/wp-json\/wp\/v2\/product\/298","targetHints":{"allow":["GET"]}}],"collection":[{"href":"https:\/\/larose-beauty.at\/shop\/wp-json\/wp\/v2\/product"}],"about":[{"href":"https:\/\/larose-beauty.at\/shop\/wp-json\/wp\/v2\/types\/product"}],"replies":[{"embeddable":true,"href":"https:\/\/larose-beauty.at\/shop\/wp-json\/wp\/v2\/comments?post=298"}],"wp:featuredmedia":[{"embeddable":true,"href":"https:\/\/larose-beauty.at\/shop\/wp-json\/wp\/v2\/media\/2583"}],"wp:attachment":[{"href":"https:\/\/larose-beauty.at\/shop\/wp-json\/wp\/v2\/media?parent=298"}],"wp:term":[{"taxonomy":"pwb-brand","embeddable":true,"href":"https:\/\/larose-beauty.at\/shop\/wp-json\/wp\/v2\/pwb-brand?post=298"},{"taxonomy":"product_brand","embeddable":true,"href":"https:\/\/larose-beauty.at\/shop\/wp-json\/wp\/v2\/product_brand?post=298"},{"taxonomy":"product_cat","embeddable":true,"href":"https:\/\/larose-beauty.at\/shop\/wp-json\/wp\/v2\/product_cat?post=298"},{"taxonomy":"product_tag","embeddable":true,"href":"https:\/\/larose-beauty.at\/shop\/wp-json\/wp\/v2\/product_tag?post=298"}],"curies":[{"name":"wp","href":"https:\/\/api.w.org\/{rel}","templated":true}]}}