{"id":2101,"date":"2020-12-01T15:28:39","date_gmt":"2020-12-01T14:28:39","guid":{"rendered":"https:\/\/larose-beauty.at\/shop\/produkt\/eau-de-parfum-zag-zodiak-519-zv\/"},"modified":"2025-09-25T13:42:32","modified_gmt":"2025-09-25T11:42:32","slug":"eau-de-parfum-zag-zodiak-519-zv","status":"publish","type":"product","link":"https:\/\/larose-beauty.at\/shop\/produkt\/eau-de-parfum-zag-zodiak-519-zv\/","title":{"rendered":"Eau de Parfum ZAG ZODIAK 519 ZV"},"content":{"rendered":"<p><strong>ZAG ZODIAK Eau De Parf\u00fcm 519\u00a0ZV<\/strong><span style=\"letter-spacing: 0.45pt;\">\u00a0<\/span><span style=\"background: white;\"><span style=\"line-height: normal;\"><b><span style=\"font-size: 12pt;\"><span style=\"letter-spacing: 0.45pt;\"><span style=\"font-family: 'Times New Roman','serif';\">INSPIRIERT VON &#8211; Z&amp;V THIS IS HER<\/span><\/span><\/span><\/b><\/span><\/span><\/p>\n<p>519 ZV evoziert das Gef\u00fchl von unendlicher Freiheit und Erregung. Seine Duftkomposition balanciert auf der Grenze zwischen reiner Zartheit und der dunkleren geheimnisvollen Seite. Bernstein-Vanille-Parf\u00fcm (Eau de Parfum) f\u00fcr Frauen mit Kopfnoten aus rosa Pfeffer,<br \/>\nJasmin und Seidenholz, einem s\u00fc\u00dfen Kern aus Schlagsahne, Vanille und Kastanie und einer weichen Basis<br \/>\naus Sandelholz und Kaschmir.<\/p>\n<p>Ideale Wahl f\u00fcr diejenigen, die gerne mit kr\u00e4ftigen D\u00fcften experimentieren!<\/p>\n<ul>\n<li>zarter w\u00fcrziger, holziger Duft mit einem Hauch Gourmet<\/li>\n<li>f\u00fcr Frauen, die sich nicht f\u00fcrchten, aus der Menge hervorzutreten<\/li>\n<\/ul>\n<p>Kopf:Jasmin<br \/>\nHerz:Vanille, Kastanie<br \/>\nBasis:Sandelholz<br \/>\nDuftfamilie:Blumig, Holzig<\/p>\n","protected":false},"excerpt":{"rendered":"<p><strong>ZAG ZODIAK Eau De Parf\u00fcm 519\u00a0ZV<\/strong><span style=\"letter-spacing: 0.45pt;\">\u00a0<\/span><span style=\"background: white;\"><span style=\"line-height: normal;\"><b><span style=\"font-size: 12pt;\"><span style=\"letter-spacing: 0.45pt;\">INSPIRIERT VON &#8211; Z&amp;V THIS IS HER<\/span><\/span><\/b><\/span><\/span><\/p>\n<p>Kopf:Jasmin<br \/>\nHerz:Vanille, Kastanie<br \/>\nBasis:Sandelholz<br \/>\nDuftfamilie:Blumig, Holzig<\/p>\n","protected":false},"featured_media":3181,"comment_status":"open","ping_status":"closed","template":"","meta":{"_monsterinsights_skip_tracking":false,"_monsterinsights_sitenote_active":false,"_monsterinsights_sitenote_note":"","_monsterinsights_sitenote_category":0,"_uf_show_specific_survey":0,"_uf_disable_surveys":false},"pwb-brand":[438],"product_brand":[],"product_cat":[274,96,441],"product_tag":[],"class_list":{"0":"post-2101","1":"product","2":"type-product","3":"status-publish","4":"has-post-thumbnail","6":"pwb-brand-zag-zodiak","7":"product_cat-damen-duefte-zag","8":"product_cat-top-10-damen-duefte-duefte","9":"product_cat-damen-duftzwillinge","10":"product_shipping_class-standard","12":"first","13":"instock","14":"taxable","15":"shipping-taxable","16":"purchasable","17":"product-type-simple"},"aioseo_notices":[],"jetpack_sharing_enabled":true,"brands":[{"id":438,"name":"ZAG ZODIAK","slug":"zag-zodiak"}],"_links":{"self":[{"href":"https:\/\/larose-beauty.at\/shop\/wp-json\/wp\/v2\/product\/2101","targetHints":{"allow":["GET"]}}],"collection":[{"href":"https:\/\/larose-beauty.at\/shop\/wp-json\/wp\/v2\/product"}],"about":[{"href":"https:\/\/larose-beauty.at\/shop\/wp-json\/wp\/v2\/types\/product"}],"replies":[{"embeddable":true,"href":"https:\/\/larose-beauty.at\/shop\/wp-json\/wp\/v2\/comments?post=2101"}],"wp:featuredmedia":[{"embeddable":true,"href":"https:\/\/larose-beauty.at\/shop\/wp-json\/wp\/v2\/media\/3181"}],"wp:attachment":[{"href":"https:\/\/larose-beauty.at\/shop\/wp-json\/wp\/v2\/media?parent=2101"}],"wp:term":[{"taxonomy":"pwb-brand","embeddable":true,"href":"https:\/\/larose-beauty.at\/shop\/wp-json\/wp\/v2\/pwb-brand?post=2101"},{"taxonomy":"product_brand","embeddable":true,"href":"https:\/\/larose-beauty.at\/shop\/wp-json\/wp\/v2\/product_brand?post=2101"},{"taxonomy":"product_cat","embeddable":true,"href":"https:\/\/larose-beauty.at\/shop\/wp-json\/wp\/v2\/product_cat?post=2101"},{"taxonomy":"product_tag","embeddable":true,"href":"https:\/\/larose-beauty.at\/shop\/wp-json\/wp\/v2\/product_tag?post=2101"}],"curies":[{"name":"wp","href":"https:\/\/api.w.org\/{rel}","templated":true}]}}