{"id":81,"date":"2020-05-18T19:18:01","date_gmt":"2020-05-18T17:18:01","guid":{"rendered":"https:\/\/larose-beauty.at\/bezahlmoeglichkeiten\/"},"modified":"2025-01-06T21:23:41","modified_gmt":"2025-01-06T20:23:41","slug":"bezahlmoeglichkeiten","status":"publish","type":"page","link":"https:\/\/larose-beauty.at\/shop\/bezahlmoeglichkeiten\/","title":{"rendered":"Zahlungsarten"},"content":{"rendered":"<div class=\"woocommerce woocommerce-gzd\">\n\t<ul class=\"payment_methods methods\">\n\t\t\t\t\t<li class=\"payment_method_fkwcs_stripe\">\n\t\t\t\t<label>Credit Card (Stripe)<span class=\"fkwcs_stripe_icons\"><img decoding=\"async\" src=\"https:\/\/larose-beauty.at\/wp-content\/plugins\/woocommerce\/assets\/images\/icons\/credit-cards\/visa.svg\" alt=\"Visa\" width=\"32\" title=\"VISA\" style=\"margin-left: 0.3em\" \/><img decoding=\"async\" src=\"https:\/\/larose-beauty.at\/wp-content\/plugins\/woocommerce\/assets\/images\/icons\/credit-cards\/mastercard.svg\" alt=\"Mastercard\" width=\"32\" title=\"Master Card\" style=\"margin-left: 0.3em\" \/><img decoding=\"async\" src=\"https:\/\/larose-beauty.at\/wp-content\/plugins\/woocommerce\/assets\/images\/icons\/credit-cards\/amex.svg\" alt=\"Amex\" width=\"32\" title=\"American Express\" style=\"margin-left: 0.3em\" \/><img decoding=\"async\" src=\"https:\/\/larose-beauty.at\/wp-content\/plugins\/woocommerce\/assets\/images\/icons\/credit-cards\/discover.svg\" alt=\"Discover\" width=\"32\" title=\"Discover\" style=\"margin-left: 0.3em\" \/><img decoding=\"async\" src=\"https:\/\/larose-beauty.at\/wp-content\/plugins\/woocommerce\/assets\/images\/icons\/credit-cards\/jcb.svg\" alt=\"JCB\" width=\"32\" title=\"JCB\" style=\"margin-left: 0.3em\" \/><img decoding=\"async\" src=\"https:\/\/larose-beauty.at\/wp-content\/plugins\/funnelkit-stripe-woo-payment-gateway\/assets\/icons\/unionpay.svg\" alt=\"Diners\" width=\"32\" title=\"Union Pay\" style=\"margin-left: 0.3em\" \/><\/span><\/label>\n\t\t\t\t\t\t\t\t\t<div class=\"payment_box payment_method_fkwcs_stripe\">\n\t\t\t\t\t\t<p>Pay with your credit card via Stripe<\/p>\n\t\t\t\t\t<\/div>\n\t\t\t\t\t\t\t<\/li>\n\t\t\t\t\t<li class=\"payment_method_woocommerce_payments_apple_pay\">\n\t\t\t\t<label>Apple Pay<img decoding=\"async\" src=\"https:\/\/larose-beauty.at\/wp-content\/plugins\/woocommerce-payments\/assets\/images\/cards\/apple-pay.svg\" alt=\"Apple Pay\" \/><\/label>\n\t\t\t\t\t\t\t\t\t<div class=\"payment_box payment_method_woocommerce_payments_apple_pay\">\n\t\t\t\t\t\t<p><\/p>\n\t\t\t\t\t<\/div>\n\t\t\t\t\t\t\t<\/li>\n\t\t\t\t\t<li class=\"payment_method_woocommerce_payments_google_pay\">\n\t\t\t\t<label>Google Pay<img decoding=\"async\" src=\"https:\/\/larose-beauty.at\/wp-content\/plugins\/woocommerce-payments\/assets\/images\/cards\/google-pay.svg\" alt=\"Google Pay\" \/><\/label>\n\t\t\t\t\t\t\t\t\t<div class=\"payment_box payment_method_woocommerce_payments_google_pay\">\n\t\t\t\t\t\t<p><\/p>\n\t\t\t\t\t<\/div>\n\t\t\t\t\t\t\t<\/li>\n\t\t\t\t\t<li class=\"payment_method_bacs\">\n\t\t\t\t<label>Direkte Bank\u00fcberweisung<\/label>\n\t\t\t\t\t\t\t\t\t<div class=\"payment_box payment_method_bacs\">\n\t\t\t\t\t\t<p>\u00dcberweise direkt an unsere Bankverbindung. Bitte nutze die Bestellnummer als Verwendungszweck. Deine Bestellung wird erst nach Geldeingang auf unserem Konto versandt.<\/p>\n\t\t\t\t\t<\/div>\n\t\t\t\t\t\t\t<\/li>\n\t\t\t\t\t<li class=\"payment_method_paypal\">\n\t\t\t\t<label>PayPal<img decoding=\"async\" src=\"https:\/\/larose-beauty.at\/wp-content\/plugins\/woocommerce\/assets\/images\/paypal.png\" alt=\"\u201ePaypal akzeptiert\u201c-Logo\" \/><\/label>\n\t\t\t\t\t\t\t\t\t<div class=\"payment_box payment_method_paypal\">\n\t\t\t\t\t\t<p>Mit Paypal bezahlen. Solltest du keinen Paypal-Account besitzen, kannst du auch mit deiner Kreditkarte bezahlen.<\/p>\n\t\t\t\t\t<\/div>\n\t\t\t\t\t\t\t<\/li>\n\t\t\t\t\t<li class=\"payment_method_stripe\">\n\t\t\t\t<label>Kredit-\/Debitkarte<img decoding=\"async\" src=\"https:\/\/larose-beauty.at\/wp-content\/plugins\/woocommerce-gateway-stripe\/assets\/images\/cards.svg\" class=\"stripe-cards-icon stripe-icon\" alt=\"Kredit-\/Debitkarte\" \/><\/label>\n\t\t\t\t\t\t\t\t\t<div class=\"payment_box payment_method_stripe\">\n\t\t\t\t\t\t<p><\/p>\n\t\t\t\t\t<\/div>\n\t\t\t\t\t\t\t<\/li>\n\t\t\t\t\t<li class=\"payment_method_stripe_eps\">\n\t\t\t\t<label>EPS<img decoding=\"async\" src=\"https:\/\/larose-beauty.at\/wp-content\/plugins\/woocommerce-gateway-stripe\/assets\/images\/eps.svg\" class=\"stripe-eps-icon stripe-icon\" alt=\"EPS\" \/><\/label>\n\t\t\t\t\t\t\t\t\t<div class=\"payment_box payment_method_stripe_eps\">\n\t\t\t\t\t\t<p><\/p>\n\t\t\t\t\t<\/div>\n\t\t\t\t\t\t\t<\/li>\n\t\t\t\t\t<li class=\"payment_method_stripe_sofort\">\n\t\t\t\t<label>Sofort<img decoding=\"async\" src=\"https:\/\/larose-beauty.at\/wp-content\/plugins\/woocommerce-gateway-stripe\/assets\/images\/sofort.svg\" class=\"stripe-sofort-icon stripe-icon\" alt=\"Sofort\" \/><\/label>\n\t\t\t\t\t\t\t\t\t<div class=\"payment_box payment_method_stripe_sofort\">\n\t\t\t\t\t\t<p><\/p>\n\t\t\t\t\t<\/div>\n\t\t\t\t\t\t\t<\/li>\n\t\t\t\t\t<li class=\"payment_method_stripe_link\">\n\t\t\t\t<label>Link<\/label>\n\t\t\t\t\t\t\t\t\t<div class=\"payment_box payment_method_stripe_link\">\n\t\t\t\t\t\t<p><\/p>\n\t\t\t\t\t<\/div>\n\t\t\t\t\t\t\t<\/li>\n\t\t\t\t\t<li class=\"payment_method_ppec_paypal\">\n\t\t\t\t<label>PayPal Checkout<img decoding=\"async\" src=\"https:\/\/www.paypalobjects.com\/webstatic\/en_US\/i\/buttons\/pp-acceptance-small.png\" alt=\"PayPal Checkout\" \/><\/label>\n\t\t\t\t\t\t\t<\/li>\n\t\t\t\t\t<li class=\"payment_method_ppcp-credit-card-gateway\">\n\t\t\t\t<label>Credit Cards<\/label>\n\t\t\t\t\t\t\t\t\t<div class=\"payment_box payment_method_ppcp-credit-card-gateway\">\n\t\t\t\t\t\t<p>Pay with your credit card.<\/p>\n\t\t\t\t\t<\/div>\n\t\t\t\t\t\t\t<\/li>\n\t\t\t\t\t<li class=\"payment_method_ppcp\">\n\t\t\t\t<label>PayPal<img decoding=\"async\" src=\"https:\/\/larose-beauty.at\/wp-content\/plugins\/pymntpl-paypal-woocommerce\/assets\/img\/paypal_logo.svg\" alt=\"PayPal\" \/><\/label>\n\t\t\t\t\t\t\t\t\t<div class=\"payment_box payment_method_ppcp\">\n\t\t\t\t\t\t<p><\/p>\n\t\t\t\t\t<\/div>\n\t\t\t\t\t\t\t<\/li>\n\t\t\t\t\t<li class=\"payment_method_fkwcs_stripe_ideal\">\n\t\t\t\t<label>iDEAL<img decoding=\"async\" src=\"https:\/\/larose-beauty.at\/wp-content\/plugins\/funnelkit-stripe-woo-payment-gateway\/assets\/icons\/ideal.svg\" class=\"stripe-ideal-icon stripe-icon\" alt=\"iDEAL\" \/><\/label>\n\t\t\t\t\t\t\t\t\t<div class=\"payment_box payment_method_fkwcs_stripe_ideal\">\n\t\t\t\t\t\t<p>You will be redirected to iDEAL.<\/p>\n\t\t\t\t\t<\/div>\n\t\t\t\t\t\t\t<\/li>\n\t\t\t\t\t<li class=\"payment_method_fkwcs_stripe_bancontact\">\n\t\t\t\t<label>Stripe Bancontact<img decoding=\"async\" src=\"https:\/\/larose-beauty.at\/wp-content\/plugins\/funnelkit-stripe-woo-payment-gateway\/assets\/icons\/bancontact.svg\" class=\"stripe-bancontact-icon stripe-icon\" alt=\"Bancontact\" \/><\/label>\n\t\t\t\t\t\t\t\t\t<div class=\"payment_box payment_method_fkwcs_stripe_bancontact\">\n\t\t\t\t\t\t<p>Pay with Bancontact<\/p>\n\t\t\t\t\t<\/div>\n\t\t\t\t\t\t\t<\/li>\n\t\t\t\t\t<li class=\"payment_method_fkwcs_stripe_klarna\">\n\t\t\t\t<label>Klarna - Pay Over Time<img decoding=\"async\" src=\"https:\/\/larose-beauty.at\/wp-content\/plugins\/funnelkit-stripe-woo-payment-gateway\/assets\/icons\/klarna.svg\" class=\"stripe-klarna-icon stripe-icon\" alt=\"klarna\" \/><\/label>\n\t\t\t\t\t\t\t\t\t<div class=\"payment_box payment_method_fkwcs_stripe_klarna\">\n\t\t\t\t\t\t<p>After clicking the checkout button, you will be redirected to Klarna to <br> complete your purchase securely<\/p>\n\t\t\t\t\t<\/div>\n\t\t\t\t\t\t\t<\/li>\n\t\t\t\t\t<li class=\"payment_method_fkwcs_stripe_apple_pay\">\n\t\t\t\t<label>Apple Pay<span class=\"fkwcs_stripe_apple_pay_icons\"><img decoding=\"async\" src=\"https:\/\/larose-beauty.at\/wp-content\/plugins\/funnelkit-stripe-woo-payment-gateway\/assets\/icons\/apple_pay.svg\" alt=\"Visa\" title=\"apple pay\" \/><\/span><\/label>\n\t\t\t\t\t\t\t\t\t<div class=\"payment_box payment_method_fkwcs_stripe_apple_pay\">\n\t\t\t\t\t\t<p>Pay with Apple Pay<\/p>\n\t\t\t\t\t<\/div>\n\t\t\t\t\t\t\t<\/li>\n\t\t\t\t\t<li class=\"payment_method_ppcp_googlepay\">\n\t\t\t\t<label>Google Pay<img decoding=\"async\" src=\"https:\/\/larose-beauty.at\/wp-content\/plugins\/pymntpl-paypal-woocommerce\/assets\/img\/googlepay\/googlepay_round_outline.svg\" alt=\"Google Pay\" \/><\/label>\n\t\t\t\t\t\t\t\t\t<div class=\"payment_box payment_method_ppcp_googlepay\">\n\t\t\t\t\t\t<p><\/p>\n\t\t\t\t\t<\/div>\n\t\t\t\t\t\t\t<\/li>\n\t\t\t\t\t<li class=\"payment_method_stripe_applepay\">\n\t\t\t\t<label>Apple Pay<img decoding=\"async\" src=\"https:\/\/larose-beauty.at\/wp-content\/plugins\/woo-stripe-payment\/assets\/img\/applepay.svg\" alt=\"Apple Pay\" \/><\/label>\n\t\t\t\t\t\t\t\t\t<div class=\"payment_box payment_method_stripe_applepay\">\n\t\t\t\t\t\t<p><\/p>\n\t\t\t\t\t<\/div>\n\t\t\t\t\t\t\t<\/li>\n\t\t\t\t\t<li class=\"payment_method_stripe_googlepay\">\n\t\t\t\t<label>Google Pay<img decoding=\"async\" src=\"https:\/\/larose-beauty.at\/wp-content\/plugins\/woo-stripe-payment\/assets\/img\/googlepay_round_outline.svg\" alt=\"Google Pay\" \/><\/label>\n\t\t\t\t\t\t\t\t\t<div class=\"payment_box payment_method_stripe_googlepay\">\n\t\t\t\t\t\t<p><\/p>\n\t\t\t\t\t<\/div>\n\t\t\t\t\t\t\t<\/li>\n\t\t\t\t\t<li class=\"payment_method_stripe_payment_request\">\n\t\t\t\t<label>Browserzahlungen<img decoding=\"async\" src=\"https:\/\/larose-beauty.at\/wp-content\/plugins\/woo-stripe-payment\/assets\/img\/googlepay_round_outline.svg\" alt=\"Browserzahlungen\" \/><\/label>\n\t\t\t\t\t\t\t\t\t<div class=\"payment_box payment_method_stripe_payment_request\">\n\t\t\t\t\t\t<p><\/p>\n\t\t\t\t\t<\/div>\n\t\t\t\t\t\t\t<\/li>\n\t\t\t\t\t<li class=\"payment_method_stripe_revolut\">\n\t\t\t\t<label>Revolut<img decoding=\"async\" src=\"https:\/\/larose-beauty.at\/wp-content\/plugins\/woo-stripe-payment\/assets\/img\/revolut_pay.svg\" alt=\"Revolut\" \/><\/label>\n\t\t\t\t\t\t\t\t\t<div class=\"payment_box payment_method_stripe_revolut\">\n\t\t\t\t\t\t<p><\/p>\n\t\t\t\t\t<\/div>\n\t\t\t\t\t\t\t<\/li>\n\t\t\t\t\t<li class=\"payment_method_stripe_upm\">\n\t\t\t\t<label>Popular payment methods<\/label>\n\t\t\t\t\t\t\t\t\t<div class=\"payment_box payment_method_stripe_upm\">\n\t\t\t\t\t\t<p><\/p>\n\t\t\t\t\t<\/div>\n\t\t\t\t\t\t\t<\/li>\n\t\t\t\t\t<li class=\"payment_method_stripe_link_checkout\">\n\t\t\t\t<label>Link Checkout<\/label>\n\t\t\t\t\t\t\t\t\t<div class=\"payment_box payment_method_stripe_link_checkout\">\n\t\t\t\t\t\t<p><\/p>\n\t\t\t\t\t<\/div>\n\t\t\t\t\t\t\t<\/li>\n\t\t\t<\/ul>\n<\/div>\n<p><strong>Zahlungsweise: Vorkasse\/Bank\u00fcberweisung <\/strong><\/p>\n<p>Direkt nach Ihrer Bestellung erhalten Sie eine Best\u00e4tigungsemail von uns. In dieser E-Mail sind die von Ihnen bestellten Artikel aufgelistet, der Rechnungsbetrag, unsere Kontoverbindung und die Bestellnummer (in der zweiten Zeile). Bitte \u00fcberweisen Sie den Rechnungsbetrag an die angegebene Kontoverbindung und geben als Verwendungszweck die Bestellnummer an.<\/p>\n<p><strong>Zahlungsweise: Sofort\u00fcberweisung<\/strong><\/p>\n<p>Mit sofort\u00fcberweisung stellen Sie noch w\u00e4hrend Ihrer Bestellung bequem eine \u00dcberweisung \u00fcber den jeweiligen Betrag in Ihr Online-Banking-Konto ein. Wir erhalten nach Abschluss der sofort\u00fcberweisung eine Echtzeitbest\u00e4tigung. So k\u00f6nnen wir die Bestellte von Ihnen Produkte sofort versenden &#8211; Sie erhalten dann Ihre Eink\u00e4ufe schneller.<\/p>\n<p><strong>Zahlungsweise: PayPal<\/strong><\/p>\n<p>PayPal ist der weltweite Online-Zahlungsservice, mit dem Sie Ihre Eink\u00e4ufe schnell und sicher bezahlen k\u00f6nnen. Bereits mehr als 150 Millionen PayPal-Kunden in 190 L\u00e4ndern vertrauen auf die schnelle und sichere Bezahlung mit PayPal. Ihr Vorteil beim Online-Kauf mit PayPal: einfach bestellt, bezahlt, fertig \u2013 in nur wenigen Sekunden. Mit PayPal kommt Ihr Geld sofort bei uns an, sodass wir die Ware umgehend verschicken k\u00f6nnen. Wenn Sie ein PayPal-Konto besitzen, k\u00f6nnen Sie Ihre Bestellung schnell und sicher \u00fcber PayPal bezahlen. Es fallen f\u00fcr Sie keine Geb\u00fchren an.<\/p>\n<p><strong>Zahlungsweise: Stripe<\/strong><\/p>\n<p><strong>Lieferbedienungen<\/strong><\/p>\n<p>Nach dem Zahlungseingang auf unser Konto erfolgt die Auslieferung der Ware und Sie erhalten eine Versandbest\u00e4tigung per E-Mail mit der Paketverfolgungsnummer. Die Lieferzeit nach Zahlungseingang betr\u00e4gt in der Regel 2-3 Werktage f\u00fcr \u00d6sterreich und 3-4 Tage nach Deutschland. Am Wochenende sind leider keine Lieferungen m\u00f6glich. Wenn Sie am DO oder FR bestellen, k\u00f6nnen Sie die Lieferung erst am Anfang der kommenden Woche erwarten.<\/p>\n","protected":false},"excerpt":{"rendered":"<p>Zahlungsweise: Vorkasse\/Bank\u00fcberweisung Direkt nach Ihrer Bestellung erhalten Sie eine Best\u00e4tigungsemail von uns. In dieser E-Mail sind die von Ihnen bestellten&hellip;<\/p>\n","protected":false},"author":1,"featured_media":0,"parent":0,"menu_order":12,"comment_status":"closed","ping_status":"closed","template":"","meta":{"_monsterinsights_skip_tracking":false,"_monsterinsights_sitenote_active":false,"_monsterinsights_sitenote_note":"","_monsterinsights_sitenote_category":0,"_uf_show_specific_survey":0,"_uf_disable_surveys":false,"footnotes":""},"class_list":["post-81","page","type-page","status-publish","hentry"],"aioseo_notices":[],"jetpack_sharing_enabled":true,"_links":{"self":[{"href":"https:\/\/larose-beauty.at\/shop\/wp-json\/wp\/v2\/pages\/81","targetHints":{"allow":["GET"]}}],"collection":[{"href":"https:\/\/larose-beauty.at\/shop\/wp-json\/wp\/v2\/pages"}],"about":[{"href":"https:\/\/larose-beauty.at\/shop\/wp-json\/wp\/v2\/types\/page"}],"author":[{"embeddable":true,"href":"https:\/\/larose-beauty.at\/shop\/wp-json\/wp\/v2\/users\/1"}],"replies":[{"embeddable":true,"href":"https:\/\/larose-beauty.at\/shop\/wp-json\/wp\/v2\/comments?post=81"}],"version-history":[{"count":3,"href":"https:\/\/larose-beauty.at\/shop\/wp-json\/wp\/v2\/pages\/81\/revisions"}],"predecessor-version":[{"id":4076,"href":"https:\/\/larose-beauty.at\/shop\/wp-json\/wp\/v2\/pages\/81\/revisions\/4076"}],"wp:attachment":[{"href":"https:\/\/larose-beauty.at\/shop\/wp-json\/wp\/v2\/media?parent=81"}],"curies":[{"name":"wp","href":"https:\/\/api.w.org\/{rel}","templated":true}]}}