{"id":80,"date":"2020-05-18T19:18:01","date_gmt":"2020-05-18T17:18:01","guid":{"rendered":"https:\/\/larose-beauty.at\/versandarten\/"},"modified":"2025-07-14T17:00:02","modified_gmt":"2025-07-14T15:00:02","slug":"versandarten","status":"publish","type":"page","link":"https:\/\/larose-beauty.at\/shop\/versandarten\/","title":{"rendered":"Versandarten"},"content":{"rendered":"\n<p><strong>Versandkosten f\u00fcr Lieferungen innerhalb von \u00d6sterreich<\/strong><br><br>Sparen Sie jetzt die Versandkosten! Ab einem Bestellwert von \u20ac 50,00 (als Bestellsumme gilt die Zwischensumme abz\u00fcglich aller Rabatte), wird Ihre Bestellung innerhalb \u00d6sterreich\u00a0 versandkostenfrei geliefert. Bei einer Bestellung unter \u20ac 50,00 berechnen wir lediglich \u20ac 4,60 f\u00fcr die Lieferung.<br><strong>Zahlungsweise:<\/strong> Erfolgen bei Sofort\u00fcberweisung, Vorkasse\/Bank\u00fcberweisung, Stripe oder PayPal<br><strong>Lieferadresse: <\/strong>Bei jeder Bestellung k\u00f6nnen Sie immer auch eine abweichende Lieferadresse eingeben.<br><br><strong>Bei Bestellungen aus dem DE gelten folgende Konditionen f\u00fcr Privatkunden<\/strong><br>Pauschale Versandkosten 11.10 \u20ac (versichertes Paket)<\/p>\n\n\n\n<p><em>Sparen Sie jetzt die <\/em>Versandkosten! Ab einem Bestellwert von \u20ac 120,00 (als Bestellsumme gilt die Zwischensumme abz\u00fcglich aller Rabatte), wird Ihre Bestellung innerhalb Deutschland\u00a0 versandkostenfrei geliefert. Bei einer Bestellung unter \u20ac 120,00 berechnen wir lediglich \u20ac 11,10 f\u00fcr die Lieferung.<br><strong>Zahlungsweise:<\/strong> Sofort\u00fcberweisung, Vorkasse oder Paypal (Nachnahme ist leider nicht m\u00f6glich)<br><br><strong>Bei Bestellungen aus der Schweiz oder Liechtenstein gelten folgende Konditionen f\u00fcr Privatkunden<\/strong><br>Pauschale Versandkosten 20.00 \u20ac (versichertes Paket)<br>Zahlungsweise: Sofort\u00fcberweisung, Vorkasse oder Paypal (Nachnahme ist leider nicht m\u00f6glich)<\/p>\n\n\n\n<p><strong>Versand mit HERMES:<\/strong><br>Einteilung in drei Gr\u00f6\u00dfenklassen von S bis L, unabh\u00e4ngig vom Gewicht (max. 31,5 kg).Ihr Paket ist bis max. 550,- \u20ac versichert.<br><strong>Versandkosten Tabele Preise f\u00fcr den Versand innerhalb&nbsp; EU-Staaten:<\/strong><\/p>\n\n\n\n<figure class=\"wp-block-table\"><table><tbody><tr><th>Packetklasse<br>l\u00e4ngste + k\u00fcrzeste Seite<\/th><th>S<br>bis 50 cm<\/th><th>M<br>&gt;50 &#8211; 80 cm<\/th><th>L<br>&gt;80 &#8211; 120 cm<\/th><\/tr><tr><td>&nbsp; Internationaler* Versand bis 25 kg<\/td><td>13,30 \u20ac<\/td><td>18,30 \u20ac<\/td><td>23,30 \u20ac<\/td><\/tr><\/tbody><\/table><\/figure>\n\n\n\n<p>*Internationaler Versand in folgende EU L\u00e4nder: Belgien, D\u00e4nemark (au\u00dfer F\u00e4r\u00f6er, Gr\u00f6nland), Estland, Finnland (au\u00dfer Aland),<br>Frankreich (au\u00dfer \u00dcberseegebiete), Gro\u00dfbritannien und Nordirland (au\u00dfer \u00dcberseegebiete), Irland,<br>Italien (au\u00dfer Campione d&#8217;Italia, Livigno, San Marino, Vatikanstadt), Lettland, Litauen, Luxemburg, Monaco, Niederlande (au\u00dfer \u00dcberseegebiete),<br>Polen, Portugal (au\u00dfer Azoren, Madeira), Schweden, Slowakei, Slowenien, Spanien (au\u00dfer Kanarische Inseln, Ceuta, Melilla),<br>Tschechische Republik, Ungarn.<\/p>\n\n\n\n<p><strong>Lieferbedienungen<\/strong><\/p>\n\n\n\n<p>Nach dem Zahlungseingang auf unser Konto erfolgt die Auslieferung der Ware und Sie erhalten eine Versandbest\u00e4tigung per E-Mail mit der Paketverfolgungsnummer. Die Lieferzeit nach Zahlungseingang betr\u00e4gt in der Regel 2-3 Werktage f\u00fcr \u00d6sterreich und 3-4 Tage nach Deutschland. Am Wochenende sind leider keine Lieferungen m\u00f6glich. Wenn Sie am DO oder FR bestellen, k\u00f6nnen Sie die Lieferung erst am Anfang der kommenden Woche erwarten.<\/p>\n","protected":false},"excerpt":{"rendered":"<p>Versandkosten f\u00fcr Lieferungen innerhalb von \u00d6sterreich Sparen Sie jetzt die Versandkosten! Ab einem Bestellwert von \u20ac 50,00 (als Bestellsumme gilt&hellip;<\/p>\n","protected":false},"author":1,"featured_media":0,"parent":0,"menu_order":11,"comment_status":"closed","ping_status":"closed","template":"","meta":{"_monsterinsights_skip_tracking":false,"_monsterinsights_sitenote_active":false,"_monsterinsights_sitenote_note":"","_monsterinsights_sitenote_category":0,"_uf_show_specific_survey":0,"_uf_disable_surveys":false,"footnotes":""},"class_list":["post-80","page","type-page","status-publish","hentry"],"aioseo_notices":[],"jetpack_sharing_enabled":true,"_links":{"self":[{"href":"https:\/\/larose-beauty.at\/shop\/wp-json\/wp\/v2\/pages\/80","targetHints":{"allow":["GET"]}}],"collection":[{"href":"https:\/\/larose-beauty.at\/shop\/wp-json\/wp\/v2\/pages"}],"about":[{"href":"https:\/\/larose-beauty.at\/shop\/wp-json\/wp\/v2\/types\/page"}],"author":[{"embeddable":true,"href":"https:\/\/larose-beauty.at\/shop\/wp-json\/wp\/v2\/users\/1"}],"replies":[{"embeddable":true,"href":"https:\/\/larose-beauty.at\/shop\/wp-json\/wp\/v2\/comments?post=80"}],"version-history":[{"count":6,"href":"https:\/\/larose-beauty.at\/shop\/wp-json\/wp\/v2\/pages\/80\/revisions"}],"predecessor-version":[{"id":4741,"href":"https:\/\/larose-beauty.at\/shop\/wp-json\/wp\/v2\/pages\/80\/revisions\/4741"}],"wp:attachment":[{"href":"https:\/\/larose-beauty.at\/shop\/wp-json\/wp\/v2\/media?parent=80"}],"curies":[{"name":"wp","href":"https:\/\/api.w.org\/{rel}","templated":true}]}}