{"id":8,"date":"2020-05-13T18:38:23","date_gmt":"2020-05-13T16:38:23","guid":{"rendered":"https:\/\/larose-beauty.at\/?page_id=8"},"modified":"2025-01-06T20:50:29","modified_gmt":"2025-01-06T19:50:29","slug":"kontakt","status":"publish","type":"page","link":"https:\/\/larose-beauty.at\/shop\/kontakt\/","title":{"rendered":"Kontakt"},"content":{"rendered":"\n<p>Petya Kuzmic<\/p>\n\n\n\n<p>Weisselgasse 8<\/p>\n\n\n\n<p>1210 Wien, Austria<\/p>\n\n\n\n<p>Telefon: +43(01)890 50 62<\/p>\n\n\n\n<p>Handy: +43 (0) 699 103 11 333<\/p>\n\n\n\n<p>Homepage: <a href=\"http:\/\/www.larose-beauty.at\" target=\"_blank\" rel=\"noreferrer noopener\">http:\/\/www.larose-beauty.at<\/a><\/p>\n\n\n\n<p>E-mail: <a href=\"mailto:kontakt@larose-beauty.at\" target=\"_blank\" rel=\"noreferrer noopener\">kontakt@larose-beauty.at<\/a><\/p>\n\n\n\n<p>Sollten Sie Fragen zu Produkten, Anregungen oder Kritik haben,<br>m\u00f6chten wir Sie bitten, sich gern jederzeit mit uns in Verbindung zu setzen.<br>Wir garantieren Ihnen eine Antwort per eMail innerhalb von 24 Sunden werktags.<br>Finden Sie das gew\u00fcnschte Produkt nicht? Haben Sie Fragen? Rufen Sie uns an unter Tel: 01 890 50 62.<br>Bitte f\u00fcllen Sie das Formular aus.<br>Sie bekommen dann schnellstm\u00f6glich eine Antwort per Email von uns.<\/p>\n\n\n\n<p>Bitte schreiben Sie uns:<\/p>\n\n\n\n<p>[wpforms id=&#8221;92&#8243; title=&#8221;false&#8221; description=&#8221;false&#8221;]<\/p>\n","protected":false},"excerpt":{"rendered":"<p>Petya Kuzmic Weisselgasse 8 1210 Wien, Austria Telefon: +43(01)890 50 62 Handy: +43 (0) 699 103 11 333 Homepage: http:\/\/www.larose-beauty.at&hellip;<\/p>\n","protected":false},"author":1,"featured_media":0,"parent":0,"menu_order":5,"comment_status":"closed","ping_status":"closed","template":"","meta":{"_monsterinsights_skip_tracking":false,"_monsterinsights_sitenote_active":false,"_monsterinsights_sitenote_note":"","_monsterinsights_sitenote_category":0,"_uf_show_specific_survey":0,"_uf_disable_surveys":false,"footnotes":""},"class_list":["post-8","page","type-page","status-publish","hentry"],"aioseo_notices":[],"jetpack_sharing_enabled":true,"_links":{"self":[{"href":"https:\/\/larose-beauty.at\/shop\/wp-json\/wp\/v2\/pages\/8","targetHints":{"allow":["GET"]}}],"collection":[{"href":"https:\/\/larose-beauty.at\/shop\/wp-json\/wp\/v2\/pages"}],"about":[{"href":"https:\/\/larose-beauty.at\/shop\/wp-json\/wp\/v2\/types\/page"}],"author":[{"embeddable":true,"href":"https:\/\/larose-beauty.at\/shop\/wp-json\/wp\/v2\/users\/1"}],"replies":[{"embeddable":true,"href":"https:\/\/larose-beauty.at\/shop\/wp-json\/wp\/v2\/comments?post=8"}],"version-history":[{"count":4,"href":"https:\/\/larose-beauty.at\/shop\/wp-json\/wp\/v2\/pages\/8\/revisions"}],"predecessor-version":[{"id":4066,"href":"https:\/\/larose-beauty.at\/shop\/wp-json\/wp\/v2\/pages\/8\/revisions\/4066"}],"wp:attachment":[{"href":"https:\/\/larose-beauty.at\/shop\/wp-json\/wp\/v2\/media?parent=8"}],"curies":[{"name":"wp","href":"https:\/\/api.w.org\/{rel}","templated":true}]}}