{"id":79,"date":"2020-05-18T19:18:01","date_gmt":"2020-05-18T17:18:01","guid":{"rendered":"https:\/\/larose-beauty.at\/widerrufsbelehrung\/"},"modified":"2025-01-07T01:17:21","modified_gmt":"2025-01-07T00:17:21","slug":"widerrufsbelehrung","status":"publish","type":"page","link":"https:\/\/larose-beauty.at\/shop\/widerrufsbelehrung\/","title":{"rendered":"Widerrufsbelehrung"},"content":{"rendered":"\n<p><strong>VII. Widerrufs recht f\u00fcr Verbraucher<\/strong><br><br><strong>Wiederrufsrecht-\u00d6sterreich<\/strong><br><br>Widerrufs recht Als Verbraucher k\u00f6nnen Sie Ihre Vertragserkl\u00e4rung innerhalb von 14 Tagen (wobei der Samstag nicht als Werktag z\u00e4hlt) ohne Angabe von Gr\u00fcnden schriftlich(z.B. Brief, Fax, E-Mail) oder durch R\u00fccksendung der Sache widerrufen.<br>Die Frist beginnt an dem Tag, an dem Ihnen die Widerrufsbelehrung in Textform zugegangen ist, jedoch nicht vor Eingang der Ware bei Ihnen bzw. dem von Ihnen genannten Lieferempf\u00e4nger (bei der wiederkehrenden Lieferung gleichartiger Waren nicht vor Eingang der ersten Teillieferung) und auch nicht, bevor der Verk\u00e4ufer seine Informationspflichten nach \u00a7 5d Abs. 1 und 2 KSchG nachgekommen sind.<br><br><strong>Wiederrufsrecht-Deutschland<\/strong><br><br>Soweit der Kunde Verbraucher ist (jede nat\u00fcrliche Person, die ein Rechtsgesch\u00e4ft zu einem Zwecke abschlie\u00dft, der weder ihrer gewerblichen noch selbst\u00e4ndigen beruflichen T\u00e4tigkeit zugerechnet werden kann) kann er seine Vertragserkl\u00e4rung innerhalb von 14 Tagen ohne Angabe von Gr\u00fcnden in Textform (z. B. Brief, Fax, E-Mail) oder \u2013 wenn Ihnen die Sache vor Fristablauf \u00fcberlassen wird \u2013 auch durch R\u00fccksendung der Sache widerrufen.<br>Die Frist beginnt nach Erhalt dieser Belehrung in Textform zugegangen ist, jedoch nicht vor Eingang der Ware bei Ihnen bzw. dem von Ihnen genannten Lieferempf\u00e4nger ( bei der wiederkehrenden Lieferung gleichartiger Waren nicht vor Eingang der ersten Teillieferung) und auch nicht vor Erf\u00fcllung unserer Informationspflichten gem\u00e4\u00df Artikel 246 \u00a7 2 in Verbindung mit \u00a7 1 Abs. 1 und 2 EGBGB sowie unserer Pflichten gem\u00e4\u00df \u00a7 312g Abs. 1 Satz 1 BGB in Verbindung mit Artikel 246 \u00a7 3 EGBGB.<br><br>Zur Wahrung der Widerrufs Frist gen\u00fcgt die rechtzeitige Absendung des Widerrufs oder der Sache. Hier finden Sie der <a href=\"http:\/\/larose-beauty.at\/wp-content\/uploads\/Widerrufsformular_LaRose_Beauty.pdf\">Wiederufsformular<\/a>. Der Widerruf ist zu richten an:<br>La Rose<br>Petya Kuzmic ,<br>Weisselgasse8<br>1210 Wien &#8211; Austria,<br>Tel: +43(01) 890 50 62<br>Handy:\u00a0+43 699 103 11 333,<br>E-Mail:\u00a0\u00a0 <a href=\"mailto:kontakt@bg-rose.at\">kontakt@larose-beauty.at<\/a><br><br><strong>7.1<\/strong> Im Falle eines wirksamen R\u00fccktritts sind die beiderseits empfangenen Leistungen zur\u00fcckzugew\u00e4hren und ggf. gezogene Nutzungen (z.B. Zinsen) herauszugeben. K\u00f6nnen Sie uns die empfangene Leistung ganz oder teilweise nicht oder nur in verschlechtertem Zustand zur\u00fcckgew\u00e4hren, m\u00fcssen Sie uns insoweit ggf. Wertersatz (d.h. Entsch\u00e4digung f\u00fcr die Minderung des gemeinen Wertes der Ware) leisten. Im \u00dcbrigen k\u00f6nnen Sie die Pflicht zum Wertersatz f\u00fcr eine durch die bestimmungsgem\u00e4\u00dfe Ingebrauchnahme der Sache entstandene Verschlechterung vermeiden, indem Sie die Sache nicht wie ihr Eigentum in Gebrauch nehmen und alles unterlassen, was deren Wert beeintr\u00e4chtigt.<br><strong>7.2<\/strong> Aus hygienischen Gr\u00fcnden kann kein R\u00fccktrittsrecht auf Kosmetikprodukte angewendet werden.<br><strong>7.3<\/strong> Die unmittelbaren Kosten der R\u00fccksendung der Ware an uns sind von Ihnen zu tragen. Bewahren Sie den Versandbeleg als Nachweis auf, da die R\u00fccksendung ggf. von Ihnen zu beweisen ist.<br><strong>7.4<\/strong> Besteht kein Widerrufs recht, haben Sie die Kosten einer R\u00fccksendung und einer erneuten Zusendung zu tragen.<br><strong>7.5<\/strong> Die Verpflichtung des Kunden zur R\u00fcckgabe der Ware muss innerhalb von 30 Tagen ab R\u00fccktritt erf\u00fcllt werden. Die Frist beginnt f\u00fcr den Kunden mit der Absendung des R\u00fccktritts.<br><br><strong>Wiederrufsfolgen<\/strong><br><br>Widerrufs folgen Im Falle eines wirksamen Widerrufs sind die beiderseits empfangenen Leistungen zur\u00fcckzugew\u00e4hren und ggf. gezogene Nutzungen (z.B. Zinsen) herauszugeben.K\u00f6nnen Sie uns die empfangene Leistung sowie Nutzungen (z.B. Gebrauchsvorteile) nicht oder teilweise nicht oder nur in verschlechtertem Zustand zur\u00fcckgew\u00e4hren beziehungsweise herausgeben, m\u00fcs-sen Sie uns insoweit Wertersatz leisten. <strong>F\u00fcr die Verschlechterung der Sache <u>und f\u00fcr gezogene Nutzungen<\/u><\/strong> m\u00fcssen Sie Wertersatz nur leisten, soweit die Nutzungen oder die Ver-schlechterung auf einen Umgang mit der Sache zur\u00fcckzuf\u00fchren ist, der \u00fcber die Pr\u00fcfung der Eigenschaften und der Funktionsweise hinausgeht. Unter \u201ePr\u00fcfung der Eigenschaften und der Funktionsweise\u201c versteht man das Testen und Ausprobieren der jeweiligen Ware, wie es etwa im Ladengesch\u00e4ft m\u00f6glich und \u00fcblich ist.<br>Paketversandf\u00e4hige Sachen sind auf Gefahr des Verk\u00e4ufers zur\u00fcckzusenden. Sie haben die regelm\u00e4\u00dfigen Kosten der R\u00fccksendung zu tragen, wenn die gelieferte Ware der bestellten entspricht und wenn der Preis der zur\u00fcckzusendenden Sache einen Betrag von 40 Euro nicht \u00fcbersteigt oder wenn Sie bei einem h\u00f6heren Preis der Sache zum Zeitpunkt des Widerrufs noch nicht die Gegenleistung oder eine vertraglich vereinbarte Teilzahlung erbracht haben.<br>Anderenfalls ist die R\u00fccksendung f\u00fcr Sie kostenfrei. Verpflichtungen zur Erstattung von Zahlungen m\u00fcssen innerhalb von 30 Tagen erf\u00fcllt werden. Die Frist beginnt f\u00fcr Sie mit der Absendung Ihrer Widerrufserkl\u00e4rung oder der Sache, f\u00fcr den Verk\u00e4ufer mit deren Empfang.<br>\u00a0<br><strong>Ausschluss des Widerrufs rechtes<\/strong><br><br>Das Widerrufsrecht besteht u.a. nicht bei Vertr\u00e4gen zur Lieferung von Waren, die nach Kundenspezifikation angefertigt werden oder eindeutig auf die pers\u00f6nlichen Bed\u00fcrfnisse zugeschnitten sind oder die auf Grund ihrer Beschaffenheit nicht f\u00fcr eine R\u00fccksendung geeignet sind oder schnell verderben k\u00f6nnen oder deren Verfalldatum \u00fcberschritten w\u00fcrde.<br><br><strong>Ende der Widerrufsbelehrung<\/strong><br><br>Bitte beachten:<br>Senden Sie bitte, soweit m\u00f6glich, die Ware nicht unfrei sondern als frankiertes Paket an uns zur\u00fcck. Gern erstatten wir Ihnen auch vorab die Portokosten, soweit wir die R\u00fccksendekosten zu tragen haben.<br>Vermeiden Sie bitte Besch\u00e4digungen und Verunreinigungen der Ware. Senden Sie die Ware bitte m\u00f6glichst in Originalverpackung mit s\u00e4mtlichem Zubeh\u00f6r und mit allen Verpackungsbestandteilen an uns zur\u00fcck. Soweit Sie die Originalverpackung nicht mehr besitzen, sorgen Sie bitte zur Vermeidung von Transportsch\u00e4den f\u00fcr eine geeignete Verpackung.<br>Die vorstehenden Modalit\u00e4ten sind keine Voraussetzung f\u00fcr die wirksame Aus\u00fcbung des Widerrufsrechtes.<\/p>\n","protected":false},"excerpt":{"rendered":"<p>VII. Widerrufs recht f\u00fcr Verbraucher Wiederrufsrecht-\u00d6sterreich Widerrufs recht Als Verbraucher k\u00f6nnen Sie Ihre Vertragserkl\u00e4rung innerhalb von 14 Tagen (wobei der&hellip;<\/p>\n","protected":false},"author":1,"featured_media":0,"parent":0,"menu_order":14,"comment_status":"closed","ping_status":"closed","template":"","meta":{"_monsterinsights_skip_tracking":false,"_monsterinsights_sitenote_active":false,"_monsterinsights_sitenote_note":"","_monsterinsights_sitenote_category":0,"_uf_show_specific_survey":0,"_uf_disable_surveys":false,"footnotes":""},"class_list":["post-79","page","type-page","status-publish","hentry"],"aioseo_notices":[],"jetpack_sharing_enabled":true,"_links":{"self":[{"href":"https:\/\/larose-beauty.at\/shop\/wp-json\/wp\/v2\/pages\/79","targetHints":{"allow":["GET"]}}],"collection":[{"href":"https:\/\/larose-beauty.at\/shop\/wp-json\/wp\/v2\/pages"}],"about":[{"href":"https:\/\/larose-beauty.at\/shop\/wp-json\/wp\/v2\/types\/page"}],"author":[{"embeddable":true,"href":"https:\/\/larose-beauty.at\/shop\/wp-json\/wp\/v2\/users\/1"}],"replies":[{"embeddable":true,"href":"https:\/\/larose-beauty.at\/shop\/wp-json\/wp\/v2\/comments?post=79"}],"version-history":[{"count":8,"href":"https:\/\/larose-beauty.at\/shop\/wp-json\/wp\/v2\/pages\/79\/revisions"}],"predecessor-version":[{"id":4083,"href":"https:\/\/larose-beauty.at\/shop\/wp-json\/wp\/v2\/pages\/79\/revisions\/4083"}],"wp:attachment":[{"href":"https:\/\/larose-beauty.at\/shop\/wp-json\/wp\/v2\/media?parent=79"}],"curies":[{"name":"wp","href":"https:\/\/api.w.org\/{rel}","templated":true}]}}