{"id":59,"date":"2020-05-18T17:47:48","date_gmt":"2020-05-18T15:47:48","guid":{"rendered":"https:\/\/larose-beauty.at\/?page_id=59"},"modified":"2020-06-07T17:03:22","modified_gmt":"2020-06-07T15:03:22","slug":"ueber-uns","status":"publish","type":"page","link":"https:\/\/larose-beauty.at\/shop\/ueber-uns\/","title":{"rendered":"\u00dcber Uns"},"content":{"rendered":"\n<p>La Rose Beauty ist ein Symbol f\u00fcr Gesundheit und Sch\u00f6nheit. Wir bieten verschiedene hochwertige Rosenkosmetik, Parf\u00fcms, K\u00f6rperpflege, Haarpflege, Argan\u00f6l Kosmetik,Oliven\u00f6l Kosmetik usw. .Denn unsere Naturkosmetik kombiniert wertvolle Rohstoffe mit reinem Rosen\u00f6l, Argan\u00f6l, Oliven\u00f6l und Rosenwasser aus Biologischem Anbau.<br>Das kostbare \u00d6l der ber\u00fchmten Damaszener Rose verleiht jedem Produkt einen Hauch von Luxus \u2013 und bezauberndem Duft.<br>Unsere anspruchsvolle Kundschaft sch\u00e4tzt das reiche Sortiment an Rosenkosmetik zu besonders attraktiven Preisen. Ideal auch als Geschenk, das sicher Freude macht. Auf Tierversuche wird erfreulicherweise verzichtet.<br>G\u00f6nnen auch Sie sich den leistbaren Luxus erstklassiger Rosenkosmetik!<br>Dar\u00fcber hinaus finden Sie in unserem Online Shop larose-beauty.at vielf\u00e4ltige Pflege-und Sch\u00f6nheitsprodukte f\u00fcr Sie und Ihn \u2013 und diverse h\u00fcbsche Geschenksideen.<br>Wir haben larose-beauty.at exklusiv f\u00fcr Hochqualitative Naturkosmetik aus Bulgarien erstellt. Hier finden Sie Qualit\u00e4t- wir haben an einem Ort die besten Kosmetikserien der f\u00fchrenden bulgarischen Kosmetikunternehmen zusammengestellt.<br>Es ist uns eine Freude, Ihren Einkauf auf larose-beauty.at zu einem sch\u00f6nen Erlebnis zu machen. Daher erhalten Sie bei jedem Einkauf auf unserer Website ein Geschenk von uns &#8211; Muster unserer beliebtesten Produkte.<\/p>\n","protected":false},"excerpt":{"rendered":"<p>La Rose Beauty ist ein Symbol f\u00fcr Gesundheit und Sch\u00f6nheit. Wir bieten verschiedene hochwertige Rosenkosmetik, Parf\u00fcms, K\u00f6rperpflege, Haarpflege, Argan\u00f6l Kosmetik,Oliven\u00f6l&hellip;<\/p>\n","protected":false},"author":1,"featured_media":0,"parent":0,"menu_order":2,"comment_status":"closed","ping_status":"closed","template":"","meta":{"_monsterinsights_skip_tracking":false,"_monsterinsights_sitenote_active":false,"_monsterinsights_sitenote_note":"","_monsterinsights_sitenote_category":0,"_uf_show_specific_survey":0,"_uf_disable_surveys":false,"footnotes":""},"class_list":["post-59","page","type-page","status-publish","hentry"],"aioseo_notices":[],"jetpack_sharing_enabled":true,"_links":{"self":[{"href":"https:\/\/larose-beauty.at\/shop\/wp-json\/wp\/v2\/pages\/59","targetHints":{"allow":["GET"]}}],"collection":[{"href":"https:\/\/larose-beauty.at\/shop\/wp-json\/wp\/v2\/pages"}],"about":[{"href":"https:\/\/larose-beauty.at\/shop\/wp-json\/wp\/v2\/types\/page"}],"author":[{"embeddable":true,"href":"https:\/\/larose-beauty.at\/shop\/wp-json\/wp\/v2\/users\/1"}],"replies":[{"embeddable":true,"href":"https:\/\/larose-beauty.at\/shop\/wp-json\/wp\/v2\/comments?post=59"}],"version-history":[{"count":2,"href":"https:\/\/larose-beauty.at\/shop\/wp-json\/wp\/v2\/pages\/59\/revisions"}],"predecessor-version":[{"id":1663,"href":"https:\/\/larose-beauty.at\/shop\/wp-json\/wp\/v2\/pages\/59\/revisions\/1663"}],"wp:attachment":[{"href":"https:\/\/larose-beauty.at\/shop\/wp-json\/wp\/v2\/media?parent=59"}],"curies":[{"name":"wp","href":"https:\/\/api.w.org\/{rel}","templated":true}]}}