{"id":3,"date":"2020-05-13T18:03:24","date_gmt":"2020-05-13T16:03:24","guid":{"rendered":"https:\/\/larose-beauty.at\/?page_id=3"},"modified":"2025-01-21T21:29:12","modified_gmt":"2025-01-21T20:29:12","slug":"datenschutzerklaerung","status":"publish","type":"page","link":"https:\/\/larose-beauty.at\/shop\/agb\/datenschutzerklaerung\/","title":{"rendered":"Datenschutzerkl\u00e4rung"},"content":{"rendered":"\n<h2 class=\"wp-block-heading\">Wer wir sind<\/h2>\n\n\n\n<p>Die Adresse unserer Website ist: https:\/\/larose-beauty.at.<\/p>\n\n\n\n<p><strong>Datenschutzhinweis und Zustimmungserkl\u00e4rung<\/strong><\/p>\n\n\n\n<p><strong>Einleitung<\/strong><\/p>\n\n\n\n<p>Der Schutz der Privatsph\u00e4re und des Pers\u00f6nlichkeitsrechts unserer Kunden beim Besuch unserer Webseite ist von entscheidender Bedeutung f\u00fcr eine vertrauensvolle Nutzung unserer Angebote. Wenn Sie unseren Online Shop besuchen und Bestellungen platzieren, werden personenbezogene Daten erhoben. Wir m\u00f6chten mit diesen Datenschutzinformationen unser Engagement f\u00fcr einen sicheren und vertrauensw\u00fcrdigen Umgang mit Ihren Daten hervorheben und Ihnen erl\u00e4utern, wie wir personenbezogene Daten unserer Kunden nutzen. Wir beachten die strengen Bestimmungen des \u00f6sterreichischen Datenschutzrechts. La Rose Petya Kuzmic \u2013 1210 Wien, Weisselgasse 8 , \u00d6sterreich \u2013 Der Schutz Ihrer pers\u00f6nlichen Daten ist uns ein besonderes Anliegen. Wir verarbeiten Ihre Daten daher ausschlie\u00dflich auf Grundlage der gesetzlichen Datenschutz-Grundverordnung (DSGVO, TKG &#8211; Telekommunikationsgesetzes 2003). In diesen Datenschutzinformationen informieren wir Sie \u00fcber die wichtigsten Aspekte der Datenverarbeitung im Rahmen unserer Website.<\/p>\n\n\n\n<p><strong>Kontakt mit uns<\/strong><\/p>\n\n\n\n<p>Wenn Sie per Formular auf der Website oder per E-Mail Kontakt mit uns aufnehmen, werden Ihre angegebenen Daten zwecks Bearbeitung der Anfrage und f\u00fcr den Fall von Anschlussfragen sechs Monate bei uns gespeichert. Diese Daten geben wir nicht ohne Ihre Einwilligung weiter. Onlineshop Datenspeicherung Die vom Kunden an Webshop-Betreiber La Rose Petya Kuzmic im Rahmen der Gesch\u00e4ftsbeziehung bekannt gegebenen pers\u00f6nlichen Daten wie z. B. Name, Adresse, E-Mail-Adresse, Telefonnummer sowie Lieferanschrift (kurz Daten genannt) werden von www.larose-beauty.at online Shop gespeichert und verarbeitet.<\/p>\n\n\n\n<p>Wir sammeln Informationen \u00fcber Dich w\u00e4hrend des Bestellvorgangs in unserem Shop.<\/p>\n\n\n\n<h2 class=\"wp-block-heading\">Was wir sammeln und speichern<\/h2>\n\n\n\n<p>W\u00e4hrend du unsere Website besuchst, zeichnen wir auf:<\/p>\n\n\n\n<ul class=\"wp-block-list\">\n<li>Angesehene Produkte: Hier zeigen wir dir Produkte, die du vor Kurzem angesehen hast.<\/li>\n\n\n\n<li>Standort, IP-Adresse und Browser-Typ: Wir verwenden dies f\u00fcr Zwecke wie die Sch\u00e4tzung von Steuern und Versandkosten<\/li>\n\n\n\n<li>Versandadresse: Wir werden dich auffordern, diese anzugeben, um beispielsweise die Versandkosten bestimmen zu k\u00f6nnen, bevor du eine Bestellung aufgibst, und dir die Bestellung zusenden zu k\u00f6nnen.<\/li>\n<\/ul>\n\n\n\n<p>Wir nutzen auch Cookies, um den Inhalt deines Warenkorbs zu verfolgen, w\u00e4hrend du unsere Website besuchst.<\/p>\n\n\n\n<p>Hinweis: Du solltest deine Cookie-Richtlinie mit weiteren Details erg\u00e4nzen und hier einen Link zu diesem Bereich setzen.<\/p>\n\n\n\n<p>Wenn du bei uns einkaufst, werden wir dich auffordern, Informationen wie deinen Namen, deine Rechnungs- und Versandadresse, deine E-Mail-Adresse und deine Telefonnummer, Kreditkartendaten\/Zahlungsdetails sowie optionale Kontoinformationen wie Benutzername und Kennwort anzugeben. Wir nutzen diese Informationen f\u00fcr folgende Zwecke:<\/p>\n\n\n\n<ul class=\"wp-block-list\">\n<li>Zusenden von Informationen \u00fcber dein Konto und Bestellung<\/li>\n\n\n\n<li>Antwort auf deine Anfragen, inklusive Erstattungen und Beschwerden<\/li>\n\n\n\n<li>Bearbeitung von Zahlungsvorg\u00e4ngen und Verhinderung von Betrug<\/li>\n\n\n\n<li>Richten Sie Ihr Konto f\u00fcr unseren Shop ein<\/li>\n\n\n\n<li>Einhaltung aller rechtlichen Verpflichtungen, beispielsweise die Steuerberechnung<\/li>\n\n\n\n<li>Verbesserung unsere Shop-Angebote<\/li>\n\n\n\n<li>Senden von Marketing-Nachrichten, wenn du diese erhalten m\u00f6chtest<\/li>\n<\/ul>\n\n\n\n<p>Wenn du ein Konto bei uns erstellst, speichern wir deinen Namen, deine Adresse, deine E-Mail-Adresse und deine Telefonnummer. Diese Angaben werden bei k\u00fcnftigen Bestellungen zum Ausf\u00fcllen der Bezahlinformationen verwendet.<\/p>\n\n\n\n<p>Wir speichern Informationen \u00fcber dich \u00fcblicherweise so lange, wie wir sie f\u00fcr den Zweck der Erfassung und Nutzung ben\u00f6tigen und verpflichtet sind, sie zu speichern. Beispielsweise speichern wir Bestellinformationen f\u00fcr XXX&nbsp;Jahre aus Steuer- und Abrechnungsgr\u00fcnden. Dazu geh\u00f6rt dein Name, deine E-Mail-Adresse sowie deine Rechnungs- und Versandadresse.<\/p>\n\n\n\n<p>Wir speichern auch Kommentare oder Bewertungen, wenn du dich dazu entscheidest diese zu hinterlassen.<\/p>\n\n\n\n<h2 class=\"wp-block-heading\">Wer aus unserem Team hat Zugang<\/h2>\n\n\n\n<p>Mitglieder unseres Teams haben Zugang zu den Informationen, die du uns zur Verf\u00fcgung stellst. Zum Beispiel k\u00f6nnen sowohl Administratoren als auch Shop-Manager auf Folgendes zugreifen:<\/p>\n\n\n\n<ul class=\"wp-block-list\">\n<li>Bestellinformationen wie gekaufte Produkte, der Zeitpunkt des Kaufs sowie die Versandadresse und<\/li>\n\n\n\n<li>Kundeninformationen wie dein Name, E-Mail-Adresse, sowie Rechnungs- und Versandinformationen.<\/li>\n<\/ul>\n\n\n\n<p>Unsere Teammitglieder haben Zugriff auf diese Informationen, um Bestellungen zu bearbeiten, R\u00fcckerstattungen vorzunehmen und Dich zu unterst\u00fctzen.<\/p>\n\n\n\n<p><strong>Registrierung und Bestellung<\/strong><\/p>\n\n\n\n<p>Wenn Sie sich registrieren oder eine Bestellung aufgeben, verwenden wir die von Ihnen zur Verf\u00fcgung gestellten personenbezogenen Daten im Rahmen der anwendbaren Datenschutzgesetze. In Formularfeldern sind die Angaben, die wir f\u00fcr die von Ihnen gew\u00fcnschten Leistungen ben\u00f6tigen, als Pflichtfelder gekennzeichnet; andere Angaben sind freiwillig. F\u00fcr den Abschluss und die Abwicklung von Vertr\u00e4gen ben\u00f6tigen wir je nach Einzelfall Kontaktangaben wie etwa Namen, Liefer- und Rechnungsanschrift und E-Mail-Adresse, sowie Angaben zur Art des von Ihnen gew\u00e4hlten Zahlungsmittels. Dar\u00fcber hinaus nutzen wir Ihre Daten zur Pflege unserer Kundendatenbank, damit dort nur zutreffende Daten gespeichert werden. Um Tippfehler zu vermeiden und sicherzustellen, dass Ihre bestellten Artikel auch bei Ihnen ankommen, \u00fcberpr\u00fcfen wir bei der Eingabe die Vollst\u00e4ndigkeit und Richtigkeit Ihrer Adresse.<\/p>\n\n\n\n<p><strong>Erhebung und Verarbeitung personenbezogener Daten\/ Dienstleistungspartner<\/strong><\/p>\n\n\n\n<p>Personenbezogene Daten erheben wir nur, soweit wir diese f\u00fcr die Bearbeitung von Bestellungen ben\u00f6tigen.Wir geben diese nicht an Dritte weiter. Ausgenommen hiervon sind lediglich unsere Dienstleistungspartner, die wir zur Abwicklung der Bestellung ben\u00f6tigen. Die von Ihnen bereit gestellten Daten sind zur Vertragserf\u00fcllung bzw. zur Durchf\u00fchrung vorvertraglicher Ma\u00dfnahmen erforderlich. Ohne diese Daten k\u00f6nnen wir den Vertrag mit Ihnen nicht abschlie\u00dfen. Eine Daten\u00fcbermittlung an Dritte erfolgt nicht, mit Ausnahme der \u00dcbermittlung an das von uns beauftragte Transportunternehmen\/Versandunternehmen zur Zustellung der Ware sowie an unseren Steuerberater zur Erf\u00fcllung unserer steuerrechtlichen Verpflichtungen.<\/p>\n\n\n\n<p>Der Kunde stimmt ausdr\u00fccklich zu, dass Webshop-Betreiber La Rose Petya Kuzmic die von ihm bekannt gegebenen pers\u00f6nlichen Daten, n\u00e4mlich Name, Geburtsdatum, Geschlecht, Adresse, E-Mail, Telefonnummer sowie Lieferanschrift (im Folgenden \u201eDaten\u201c) zum Zwecke der Bestellabwicklung verarbeitet werden und zum Zwecke der Zahlungsabwicklung mit Paypal (Diese Dienstleister haben Zugang zu personenbezogenen Daten, die zur Erf\u00fcllung ihrer Aufgaben ben\u00f6tigt werden. Sie d\u00fcrfen diese jedoch nicht zu anderen Zwecken verwenden. Dar\u00fcber hinaus sind sie verpflichtet, diese personenbezogenen Daten gem\u00e4\u00df dieser Datenschutzerkl\u00e4rung sowie den deutschen Datenschutzgesetzen zu behandeln. Datenschutzhinweise von Paypal: https:\/\/www.paypal.com\/at\/webapps\/mpp\/ua\/privacy-prev) an die Kundenservice, sowie an den Versandpartner HERMES (Hermes Logistik GmbH &amp; Co KG, Concorde Business Park 1, D1\/7, 2320 Schwechat, \u00d6sterreich, Tel: +43 (0) 50 4376-37) zum Zwecke der Zustellung der Bestellung \u00fcbermittelt werden.<\/p>\n\n\n\n<p>Der Kunde stimmt ferner zu, dass seine Daten auch im Fall eines Bestellabbruchs gespeichert bleiben und er bei einem Bestellabbruch per E-Mail kontaktiert werden kann.<\/p>\n\n\n\n<p>Eine dar\u00fcber hinausgehende Weitergabe personenbezogener Daten an Dritte findet nicht statt.<\/p>\n\n\n\n<p>Die Daten Name, Anschrift, gekaufte Waren und Kaufdatum werden dar\u00fcber hinaus gehend bis zum Ablauf der Produkthaftung (10 Jahre) gespeichert. Die Datenverarbeitung erfolgt auf Basis der gesetzlichen Bestimmungen des \u00a7 96 Abs 3 TKG sowie des Art 6 Abs 1 lit a der DSGVO.<\/p>\n\n\n\n<p>Der Kunde kann diese Zustimmungen jederzeit per E-Mail, Fax oder per Brief an Webshop-Betreiber La Rose Petya Kuzmic widerrufen. Auch bei einem Widerruf bleibt La Rose PetyaKuzmic berechtigt, die personenbezogenen Daten des Kunden zu verwenden (verarbeiten und \u00fcbermitteln), soweit dies zur Erf\u00fcllung einer vertraglichen Verpflichtung zwischen La Rose Petya Kuzmic und dem Kunden erforderlich ist, eine ausdr\u00fcckliche gesetzliche Erm\u00e4chtigung oder Verpflichtung zur Verwendung der Daten besteht oder sonst \u00fcberwiegende berechtigte Interessen von La Rose Petya Kuzmic die Verwendung erfordern.<\/p>\n\n\n\n<p><strong>Einwilligung, Widerrufs-\/ Widerspruchsrechte<\/strong><\/p>\n\n\n\n<p>Der Kunde erteilt weiters seine ausdr\u00fcckliche Einwilligung, dass Webshop-Betreiber La Rose Petya Kuzmic zur Kontaktaufnahme \u2013 auch zu Informations- und Werbezwecken \u2013 per Fax, E-Mail, Telefon und SMS gem\u00e4\u00df \u00a7 107 TKG berechtigt ist. Die erteilte Einwilligung kann jederzeit widerrufen werden. Zus\u00e4tzlich stimmt der Kunde ausdr\u00fccklich der Verwendung der Daten f\u00fcr eigene Marketingzwecke durch Webshop-Betreiber La Rose Petya Kuzmic \u00fcber Produkte (Kosmetik- und Pflegeprodukte Parfums, Accessoires), Promotion und Sonderangebote, insbesondere auch der Zusendung von Werbenachrichten per E-Mail, zu. Bei Anmeldung zum Newsletter wird die E-Mail Adresse f\u00fcr eigene Werbezwecke genutzt, bis der Kunde sich vom Newsletter abmeldet. Diese Abmeldung ist jederzeit m\u00f6glich.<\/p>\n\n\n\n<p>Sofern Sie von uns Werbung per E-Mail erhalten, k\u00f6nnen Sie Ihren Widerruf noch komfortabler aus\u00fcben, indem Sie den in der E-Mail enthaltenen Link anklicken und den weiteren Anweisungen folgen. Bitte haben Sie Verst\u00e4ndnis, wenn wir f\u00fcr die Umsetzung Ihres Widerspruchs\/Widerrufs in unseren Systemen ein wenig Zeit ben\u00f6tigen und Sie w\u00e4hrenddessen noch Nachrichten von uns erhalten.<\/p>\n\n\n\n<p><strong>Ihre Rechte an Ihren Daten<\/strong><\/p>\n\n\n\n<p>Der Kunde hat das Recht auf Auskunft \u00fcber seine gespeicherten Daten sowie ggf. ein Recht auf Berichtigung oder L\u00f6schung dieser Daten. Der Kunde kann ferner gegen die Verwendung seiner Daten gem\u00e4\u00df \u00a7 28 DSG Widerspruch erheben und sich wegen einer Verletzung seiner Rechte gem\u00e4\u00df \u00a7 30 DSG an die Datenschutzbeh\u00f6rde wenden.<\/p>\n\n\n\n<p><strong>Datensicherheit<\/strong><\/p>\n\n\n\n<p>Die Sicherheit Ihrer personenbezogenen Daten hat f\u00fcr uns eine hohe Priorit\u00e4t. Ihre bei uns gespeicherten Daten sch\u00fctzen wir deshalb durch technische und organisatorische Ma\u00dfnahmen, um einem Verlust oder Missbrauch durch Dritte wirkungsvoll vorzubeugen. Insbesondere werden unsere Mitarbeiter, die personenbezogene Daten verarbeiten, auf das Datengeheimnis verpflichtet und m\u00fcssen dieses einhalten. Zum Schutz ihrer personenbezogenen Daten werden diese verschl\u00fcsselt \u00fcbertragen. Zum Schutz der Kommunikation \u00fcber Ihren Internet-Browser verwenden wir z.B. SSL=Secure Socket Layer. Dies erkennen Sie an dem Schloss-Symbol, das Ihr Browser bei einer SSL-Verbindung anzeigt. Um den dauerhaften Schutz Ihrer Daten zu gew\u00e4hrleisten, werden die technischen Sicherheitsma\u00dfnahmen regelm\u00e4\u00dfig \u00fcberpr\u00fcft und falls erforderlich an den Stand der Technik angepasst. Diese Grunds\u00e4tze gelten auch f\u00fcr Unternehmen, die Daten in unserem Auftrag und nach unseren Weisungen verarbeiten.<\/p>\n\n\n\n<p><strong>Inhalt des Onlineangebotes<\/strong><\/p>\n\n\n\n<p>Der Autor beh\u00e4lt es sich ausdr\u00fccklich vor, Teile der Seiten oder das gesamte Angebot ohne gesonderte Ank\u00fcndigung zu ver\u00e4ndern, zu erg\u00e4nzen, zu l\u00f6schen oder die Ver\u00f6ffentlichung zeitweise oder endg\u00fcltig einzustellen.<\/p>\n\n\n\n<p><strong>Cookies<\/strong><\/p>\n\n\n\n<p>Unsere Internetseiten verwenden an mehreren Stellen so genannte Cookies. Cookies sind kleine Textdateien, die auf Ihrem Rechner abgelegt werden und die Ihr Browser speichert. Sie dienen dazu, unser Angebot nutzerfreundlicher, effektiver und sicherer zu machen. Des Weiteren erm\u00f6glichen Cookies unseren Systemen, Ihren Browser zu erkennen und Ihnen Services anzubieten. Cookies enthalten keine personenbezogenen Daten.<\/p>\n\n\n\n<p><strong>Google<\/strong><\/p>\n\n\n\n<p>Diese Website benutzt Google Analytics, einen Webanalysedienst der Google Inc. (&#8220;Google&#8221;). Google Analytics verwendet sog. &#8220;Cookies&#8221;, Textdateien, die auf Ihrem Computer gespeichert werden und die eine Analyse der Benutzung der Website durch Sie erm\u00f6glichen. Die durch den Cookie erzeugten Informationen \u00fcber Ihre Benutzung dieser Website (einschlie\u00dflich Ihrer IP-Adresse) werden an einen Server von Google in den USA \u00fcbertragen und dort gespeichert. Google wird diese Informationen benutzen, um Ihre Nutzung der Website auszuwerten, um Reports \u00fcber die Websiteaktivit\u00e4ten f\u00fcr die Websitebetreiber zusammenzustellen und um weitere mit der Websitenutzung und der Internetnutzung verbundene Dienstleistungen zu erbringen. Auch wird Google diese Informationen gegebenenfalls an Dritte \u00fcbertragen, sofern dies gesetzlich vorgeschrieben oder soweit Dritte diese Daten im Auftrag von Google verarbeiten. Google wird in keinem Fall Ihre IP-Adresse mit anderen Daten von Google in Verbindung bringen. Sie k\u00f6nnen die Installation der Cookies durch eine entsprechende Einstellung Ihrer Browser Software verhindern; wir weisen Sie jedoch darauf hin, dass Sie in diesem Fall gegebenenfalls nicht s\u00e4mtliche Funktionen dieser Website vollumf\u00e4nglich nutzen k\u00f6nnen. Durch die Nutzung dieser Website erkl\u00e4ren Sie sich mit der Bearbeitung der \u00fcber Sie erhobenen Daten durch Google in der zuvor beschriebenen Art und Weise und zu dem zuvor benannten Zweck einverstanden.&#8221; Soweit Google Adsense, ein Webanzeigendienst der Google Inc., USA (&#8220;Google&#8221;), auf dieser Website Werbung (Textanzeigen, Banner etc.) schaltet, speichert Ihr Browser eventuell ein von Google Inc. oder Dritten gesendetes Cookie. Die in dem Cookie gespeicherten Informationen k\u00f6nnen durch Google Inc. oder auch Dritte aufgezeichnet, gesammelt und ausgewertet werden. Dar\u00fcber hinaus verwendet Google Adsense zur Sammlung von Informationen auch sog. &#8220;WebBacons&#8221; (kleine unsichtbare Grafiken), durch deren Verwendung einfache Aktionen wie der Besucherverkehr auf der Webseite aufgezeichnet, gesammelt und ausgewertet werden k\u00f6nnen. Die durch den Cookie und\/oder Web Bacon erzeugten Informationen \u00fcber Ihre Nutzung dieser Website werden an einen Server von Google in den USA \u00fcbertragen und dort gespeichert. Google benutzt die so erhaltenen Informationen, um eine Auswertung Ihres Nutzungsverhaltens im Hinblick auf die AdSense-Anzeigen durchzuf\u00fchren. Google wird diese Informationen gegebenenfalls auch an Dritte \u00fcbertragen, sofern dies gesetzlich vorgeschrieben ist oder soweit Dritte diese Daten im Auftrag von Google verarbeiten. Ihre IP-Adresse wird von Google nicht mit anderen von Google gespeicherten Daten in Verbindung gebracht. Sie k\u00f6nnen das Speichern von Cookies auf Ihrer Festplatte und die Anzeige von Web Bacons verhindern. Dazu m\u00fcssen Sie in Ihren Browser-Einstellungen &#8220;keine Cookies akzeptieren&#8221; w\u00e4hlen.<\/p>\n\n\n\n<p><strong>Facebook<\/strong><\/p>\n\n\n\n<p>Auf unserer Website sind Programme (Plug-ins) des sozialen Netzwerks Facebook enthalten. Diese werden ausschlie\u00dflich von der Facebook Inc. betrieben. Die Plug-Ins sind im Rahmen unseres Internetauftritts durch das Facebook Logo oder den Zusatz &#8220;Gef\u00e4llt mir&#8221; erkennbar. Beim Besuch einer Website unseres Internetauftritts, die ein derartiges Plug-in beinhaltet, stellt ihr Browser eine direkte Verbindung mit den Servern von Facebook her, wodurch der Inhalt des Plug-ins an Ihren Browser \u00fcbermittelt und von diesem in die dargestellte Website eingebunden wird. Dadurch wird die Information, dass Sie unsere Website besucht haben, an Facebook weitergeleitet. Sofern Sie w\u00e4hrend des Besuchs unserer Website \u00fcber Ihr pers\u00f6nliches Benutzerkonto bei Facebook eingeloggt sind, kann Facebook den Websitebesuch diesem Konto zuordnen. Durch Interaktion mit Plug-ins, z.B. durch Anklicken des &#8220;Gef\u00e4llt mir&#8221;-Buttons oder hinterlassen eines Kommentars werden diese entsprechenden Informationen direkt an Facebook \u00fcbermittelt und dort gespeichert. Wenn Sie eine solche Daten\u00fcbermittlung unterbinden m\u00f6chten, m\u00fcssen Sie sich vor dem Besuch unseres Internetauftritts unter Ihrem Facebook-Account ausloggen. Zweck und Umfang der Datenerhebung durch Facebook sowie die dortige weitere Verarbeitung und Nutzung Ihrer Daten wie auch Ihre diesbez\u00fcglichen Rechte und Einstellungen zum Schutz Ihrer Privatsph\u00e4re entnehmen Sie bitte den Datenschutzhinweisen von Facebook.<\/p>\n\n\n\n<p><strong>Urheber- und Kennzeichenrecht<\/strong><\/p>\n\n\n\n<p>Der Autor ist bestrebt, in allen Publikationen die Urheberrechte der verwendeten Grafiken, Tondokumente, Videosequenzen und Texte zu beachten, von ihm selbst erstellte Grafiken, Tondokumente, Videosequenzen und Texte zu nutzen oder auf lizenzfreie Grafiken, Tondokumente, Videosequenzen und Texte zur\u00fcckzugreifen. Alle innerhalb des Internetangebotes genannten und ggf. durch Dritte gesch\u00fctzten Marken- und Warenzeichen unterliegen uneingeschr\u00e4nkt den Bestimmungen des jeweils g\u00fcltigen Kennzeichenrechts und den Besitzrechten der jeweiligen eingetragenen Eigent\u00fcmer. Allein aufgrund der blo\u00dfen Nennung ist nicht der Schlu\u00df zu ziehen, dass Markenzeichen nicht durch Rechte Dritter gesch\u00fctzt sind! Das Copyright f\u00fcr ver\u00f6ffentlichte, vom Autor selbst erstellte Objekte bleibt allein beim Autor der Seiten. Eine Vervielf\u00e4ltigung oder Verwendung solcher Grafiken, Tondokumente, Videosequenzen und Texte in anderen elektronischen oder gedruckten Publikationen ist ohne ausdr\u00fcckliche Zustimmung des Autors nicht gestattet.<\/p>\n\n\n\n<p><strong>Links auf Internet-Seiten anderer Unternehmen<\/strong><\/p>\n\n\n\n<p>Unser Online Shop kann Links auf Internet-Seiten anderer Unternehmen enthalten. Wir sind nicht verantwortlich f\u00fcr die Datenschutzvorkehrungen auf externen Webseiten, die Sie \u00fcber diese Links erreichen k\u00f6nnen. Bitte informieren Sie sich dort \u00fcber den Datenschutz dieser externen Webseiten.<\/p>\n\n\n\n<p><strong>\u00c4nderungen dieser Datenschutzinformationen<\/strong><\/p>\n\n\n\n<p>Wir m\u00f6chten unseren Kunden immer ein attraktives Angebot pr\u00e4sentieren und passen unser Sortiment deshalb fortlaufend den W\u00fcnschen unserer Kunden an. Dadurch k\u00f6nnen Aktualisierungen dieser Datenschutzinformationen erforderlich werden. Wir empfehlen Ihnen deshalb, sich regelm\u00e4\u00dfig \u00fcber \u00c4nderungen auf dieser Seite zu informieren. Soweit es sich dabei um \u00c4nderungen handelt, die sich auf eine von Ihnen erteilte Einwilligung auswirken k\u00f6nnten, werden wir Sie dar\u00fcber gesondert informieren.<\/p>\n\n\n\n<p>31.12.2024<\/p>\n","protected":false},"excerpt":{"rendered":"<p>Wer wir sind Die Adresse unserer Website ist: https:\/\/larose-beauty.at. Datenschutzhinweis und Zustimmungserkl\u00e4rung Einleitung Der Schutz der Privatsph\u00e4re und des Pers\u00f6nlichkeitsrechts&hellip;<\/p>\n","protected":false},"author":1,"featured_media":0,"parent":78,"menu_order":15,"comment_status":"closed","ping_status":"closed","template":"elementor_header_footer","meta":{"_monsterinsights_skip_tracking":false,"_monsterinsights_sitenote_active":false,"_monsterinsights_sitenote_note":"","_monsterinsights_sitenote_category":0,"_uf_show_specific_survey":0,"_uf_disable_surveys":false,"footnotes":""},"class_list":["post-3","page","type-page","status-publish","hentry"],"aioseo_notices":[],"jetpack_sharing_enabled":true,"_links":{"self":[{"href":"https:\/\/larose-beauty.at\/shop\/wp-json\/wp\/v2\/pages\/3","targetHints":{"allow":["GET"]}}],"collection":[{"href":"https:\/\/larose-beauty.at\/shop\/wp-json\/wp\/v2\/pages"}],"about":[{"href":"https:\/\/larose-beauty.at\/shop\/wp-json\/wp\/v2\/types\/page"}],"author":[{"embeddable":true,"href":"https:\/\/larose-beauty.at\/shop\/wp-json\/wp\/v2\/users\/1"}],"replies":[{"embeddable":true,"href":"https:\/\/larose-beauty.at\/shop\/wp-json\/wp\/v2\/comments?post=3"}],"version-history":[{"count":4,"href":"https:\/\/larose-beauty.at\/shop\/wp-json\/wp\/v2\/pages\/3\/revisions"}],"predecessor-version":[{"id":4073,"href":"https:\/\/larose-beauty.at\/shop\/wp-json\/wp\/v2\/pages\/3\/revisions\/4073"}],"up":[{"embeddable":true,"href":"https:\/\/larose-beauty.at\/shop\/wp-json\/wp\/v2\/pages\/78"}],"wp:attachment":[{"href":"https:\/\/larose-beauty.at\/shop\/wp-json\/wp\/v2\/media?parent=3"}],"curies":[{"name":"wp","href":"https:\/\/api.w.org\/{rel}","templated":true}]}}