{"id":2,"date":"2020-05-13T18:03:24","date_gmt":"2020-05-13T16:03:24","guid":{"rendered":"https:\/\/larose-beauty.at\/?page_id=2"},"modified":"2025-01-21T00:46:03","modified_gmt":"2025-01-20T23:46:03","slug":"preisliste","status":"publish","type":"page","link":"https:\/\/larose-beauty.at\/shop\/preisliste\/","title":{"rendered":"Preislisten"},"content":{"rendered":"\t\t<div data-elementor-type=\"wp-page\" data-elementor-id=\"2\" class=\"elementor elementor-2\">\n\t\t\t\t<div class=\"elementor-element elementor-element-4de4813c e-flex e-con-boxed e-con e-parent\" data-id=\"4de4813c\" data-element_type=\"container\" data-e-type=\"container\">\n\t\t\t\t\t<div class=\"e-con-inner\">\n\t\t\t\t<div class=\"elementor-element elementor-element-100b8924 elementor-widget elementor-widget-text-editor\" data-id=\"100b8924\" data-element_type=\"widget\" data-e-type=\"widget\" data-widget_type=\"text-editor.default\">\n\t\t\t\t<div class=\"elementor-widget-container\">\n\t\t\t\t\t\t\t\t\t<p><audio class=\"audio-for-speech\"><\/audio><\/p>\n<div class=\"translate-tooltip-mtz translator-hidden\">\n<div class=\"header\">\n<div class=\"header-controls\"><span style=\"color: var( --e-global-color-text ); font-family: var( --e-global-typography-text-font-family ), Sans-serif; font-weight: var( --e-global-typography-text-font-weight ); text-align: var(--text-align);\">\u00a0<\/span><\/div>\n<\/div>\n<\/div>\n<p><\/p>\n<p><strong><u>Preise inkl. 20% MwSt.<\/u>\u00a0\u00a0<\/strong><\/p>\n<p><strong>PREISLISTE<\/strong>\u00a0 \u00a0\u00a0\u00a0\u00a0\u00a0\u00a0\u00a0\u00a0\u00a0\u00a0\u00a0\u00a0\u00a0\u00a0\u00a0\u00a0\u00a0\u00a0\u00a0\u00a0\u00a0\u00a0\u00a0\u00a0\u00a0\u00a0\u00a0\u00a0\u00a0\u00a0\u00a0\u00a0 <strong>NACHF\u00dcLLUN ALLE 3 &#8211; 4\u00a0 WOCHEN.<\/strong><\/p>\n<p><strong>\u00a0\u00a0\u00a0\u00a0\u00a0\u00a0\u00a0\u00a0\u00a0\u00a0\u00a0\u00a0\u00a0\u00a0\u00a0\u00a0\u00a0\u00a0\u00a0\u00a0\u00a0\u00a0\u00a0\u00a0\u00a0\u00a0\u00a0\u00a0\u00a0\u00a0\u00a0\u00a0\u00a0\u00a0\u00a0\u00a0\u00a0\u00a0\u00a0\u00a0\u00a0\u00a0\u00a0\u00a0\u00a0\u00a0\u00a0\u00a0 NACH 4 W. + 10,-\u00a0\u00a0\u00a0\u00a0\u00a0 AB 6 W- NEUES SET PREIS<\/strong><\/p>\n<p><span style=\"text-decoration: underline;\"><strong>NATUR CLEAR, COVER ODER MILKY GEL<\/strong><\/span><\/p>\n<p>\u00a0\u00a0\u00a0\u00a0\u00a0\u00a0\u00a0\u00a0\u00a0\u00a0\u00a0\u00a0\u00a0\u00a0\u00a0\u00a0\u00a0\u00a0\u00a0\u00a0\u00a0\u00a0\u00a0\u00a0\u00a0\u00a0\u00a0\u00a0\u00a0\u00a0\u00a0 NEUES SET\u00a0\u00a0\u00a0\u00a0\u00a0\u00a0\u00a0\u00a0\u00a0\u00a0\u00a0\u00a0\u00a0 NACHF\u00dcLLUNG\u00a0\u00a0<\/p>\n<p>XS-S\u00a0\u00a0\u00a0\u00a0\u00a0\u00a0\u00a0\u00a0\u00a0\u00a0\u00a0\u00a0\u00a0\u00a0\u00a0\u00a0\u00a0\u00a0\u00a0\u00a0\u00a0\u00a0\u00a0\u00a0\u00a0\u00a0\u00a0 65.-\u00a0\u00a0\u00a0\u00a0\u00a0\u00a0\u00a0\u00a0\u00a0\u00a0\u00a0\u00a0\u00a0\u00a0\u00a0\u00a0\u00a0\u00a0\u00a0\u00a0\u00a0\u00a0\u00a0\u00a0\u00a0\u00a0\u00a0\u00a0\u00a0\u00a0 45.-<\/p>\n<p>S\u00a0 \u00a0 \u00a0 \u00a0 \u00a0 \u00a0 \u00a0 \u00a0 \u00a0 \u00a0 \u00a0 \u00a0 \u00a0 \u00a0 \u00a0 \u00a0 \u00a0 70.-\u00a0\u00a0\u00a0\u00a0\u00a0\u00a0\u00a0\u00a0\u00a0\u00a0\u00a0\u00a0\u00a0\u00a0\u00a0\u00a0\u00a0\u00a0\u00a0\u00a0\u00a0\u00a0\u00a0\u00a0\u00a0\u00a0\u00a0\u00a0\u00a0\u00a0 50.-<\/p>\n<p>M\u00a0 \u00a0 \u00a0 \u00a0 \u00a0 \u00a0 \u00a0 \u00a0 \u00a0 \u00a0 \u00a0 \u00a0 \u00a0 \u00a0 \u00a0 \u00a0 \u00a075.-\u00a0\u00a0\u00a0\u00a0\u00a0\u00a0\u00a0\u00a0\u00a0\u00a0\u00a0\u00a0\u00a0\u00a0\u00a0\u00a0\u00a0\u00a0\u00a0\u00a0\u00a0\u00a0\u00a0\u00a0\u00a0\u00a0\u00a0\u00a0\u00a0\u00a0 55.-\u00a0\u00a0\u00a0\u00a0\u00a0\u00a0\u00a0\u00a0\u00a0\u00a0\u00a0<\/p>\n<p>L\u00a0 \u00a0 \u00a0 \u00a0 \u00a0 \u00a0 \u00a0 \u00a0 \u00a0 \u00a0 \u00a0 \u00a0 \u00a0 \u00a0 \u00a0 \u00a0 \u00a0 80.-\u00a0\u00a0\u00a0\u00a0\u00a0\u00a0\u00a0\u00a0\u00a0\u00a0\u00a0\u00a0\u00a0\u00a0\u00a0\u00a0\u00a0\u00a0\u00a0\u00a0\u00a0\u00a0\u00a0\u00a0\u00a0\u00a0\u00a0\u00a0\u00a0\u00a0 60.-\u00a0\u00a0\u00a0\u00a0\u00a0\u00a0\u00a0\u00a0\u00a0\u00a0\u00a0\u00a0\u00a0\u00a0\u00a0\u00a0<\/p>\n<p><strong><span style=\"text-decoration: underline;\">FRENCH oder BABYBOOMER<\/span> <\/strong><\/p>\n<p>\u00a0\u00a0\u00a0\u00a0\u00a0\u00a0\u00a0\u00a0\u00a0\u00a0\u00a0\u00a0\u00a0\u00a0\u00a0\u00a0\u00a0\u00a0\u00a0\u00a0\u00a0\u00a0\u00a0\u00a0\u00a0\u00a0\u00a0\u00a0 NEUES SET\u00a0\u00a0\u00a0\u00a0\u00a0\u00a0\u00a0\u00a0\u00a0\u00a0\u00a0\u00a0\u00a0 NACHF\u00dcLLUNG\u00a0\u00a0\u00a0\u00a0\u00a0<\/p>\n<p>XS-S\u00a0\u00a0\u00a0\u00a0\u00a0\u00a0\u00a0\u00a0\u00a0\u00a0\u00a0\u00a0\u00a0\u00a0\u00a0\u00a0\u00a0\u00a0\u00a0\u00a0\u00a0\u00a0\u00a0\u00a0\u00a0 72.-\u00a0\u00a0\u00a0\u00a0\u00a0\u00a0\u00a0\u00a0\u00a0\u00a0\u00a0\u00a0\u00a0\u00a0\u00a0\u00a0\u00a0\u00a0\u00a0\u00a0\u00a0\u00a0\u00a0\u00a0\u00a0\u00a0\u00a0\u00a0\u00a0\u00a0 55.-<\/p>\n<p>S\u00a0 \u00a0 \u00a0 \u00a0 \u00a0 \u00a0 \u00a0 \u00a0 \u00a0 \u00a0 \u00a0 \u00a0 \u00a0 \u00a0 \u00a0 \u00a0 78.-\u00a0\u00a0\u00a0\u00a0\u00a0\u00a0\u00a0\u00a0\u00a0\u00a0\u00a0\u00a0\u00a0\u00a0\u00a0\u00a0\u00a0\u00a0\u00a0\u00a0\u00a0\u00a0\u00a0\u00a0\u00a0\u00a0\u00a0\u00a0\u00a0\u00a0 60.-<\/p>\n<p>M\u00a0 \u00a0 \u00a0 \u00a0 \u00a0 \u00a0 \u00a0 \u00a0 \u00a0 \u00a0 \u00a0 \u00a0 \u00a0 \u00a0 \u00a0 \u00a082.-\u00a0\u00a0\u00a0\u00a0\u00a0\u00a0\u00a0\u00a0\u00a0\u00a0\u00a0\u00a0\u00a0\u00a0\u00a0\u00a0\u00a0\u00a0\u00a0\u00a0\u00a0\u00a0\u00a0\u00a0\u00a0\u00a0\u00a0\u00a0\u00a0\u00a0 65.-<\/p>\n<p>L\u00a0 \u00a0 \u00a0 \u00a0 \u00a0 \u00a0 \u00a0 \u00a0 \u00a0 \u00a0 \u00a0 \u00a0 \u00a0 \u00a0 \u00a0 \u00a0 88.-\u00a0\u00a0\u00a0\u00a0\u00a0\u00a0\u00a0\u00a0\u00a0\u00a0\u00a0\u00a0\u00a0\u00a0\u00a0\u00a0\u00a0\u00a0\u00a0\u00a0\u00a0\u00a0\u00a0\u00a0\u00a0\u00a0\u00a0\u00a0\u00a0\u00a0 70.-<\/p>\n<p>\u00a0FEILTECHNIK FRENCH + 20.- \/ COLOR ODER GLITTER BOOMER + 5.-<\/p>\n<p><span style=\"text-decoration: underline;\"><strong>FULLCOVER VOLL LACKIERT MIT GELLACK ODER COLORGEL<\/strong><\/span><\/p>\n<p>\u00a0\u00a0\u00a0\u00a0\u00a0\u00a0\u00a0\u00a0\u00a0\u00a0\u00a0\u00a0\u00a0\u00a0\u00a0\u00a0\u00a0\u00a0\u00a0\u00a0\u00a0\u00a0\u00a0\u00a0\u00a0\u00a0\u00a0\u00a0 NEUES SET\u00a0\u00a0\u00a0\u00a0\u00a0\u00a0\u00a0\u00a0\u00a0\u00a0\u00a0\u00a0\u00a0 NACHF\u00dcLLUNG\u00a0\u00a0\u00a0\u00a0\u00a0<\/p>\n<p>XS-S\u00a0\u00a0\u00a0\u00a0\u00a0\u00a0\u00a0\u00a0\u00a0\u00a0\u00a0\u00a0\u00a0\u00a0\u00a0\u00a0\u00a0\u00a0\u00a0\u00a0\u00a0\u00a0\u00a0\u00a0 72.-\u00a0\u00a0\u00a0\u00a0\u00a0\u00a0\u00a0\u00a0\u00a0\u00a0\u00a0\u00a0\u00a0\u00a0\u00a0\u00a0\u00a0\u00a0\u00a0\u00a0\u00a0\u00a0\u00a0\u00a0\u00a0\u00a0\u00a0\u00a0\u00a0\u00a0\u00a0\u00a0 50.-<\/p>\n<p>S\u00a0 \u00a0 \u00a0 \u00a0 \u00a0 \u00a0 \u00a0 \u00a0 \u00a0 \u00a0 \u00a0 \u00a0 \u00a0 \u00a0 \u00a0 \u00a078.-\u00a0\u00a0\u00a0\u00a0\u00a0\u00a0\u00a0\u00a0\u00a0\u00a0\u00a0\u00a0\u00a0\u00a0\u00a0\u00a0\u00a0\u00a0\u00a0\u00a0\u00a0\u00a0\u00a0\u00a0\u00a0\u00a0\u00a0\u00a0\u00a0\u00a0\u00a0\u00a0 55.-<\/p>\n<p>M\u00a0 \u00a0 \u00a0 \u00a0 \u00a0 \u00a0 \u00a0 \u00a0 \u00a0 \u00a0 \u00a0 \u00a0 \u00a0 \u00a0 \u00a0 82.-\u00a0\u00a0\u00a0\u00a0\u00a0\u00a0\u00a0\u00a0\u00a0\u00a0\u00a0\u00a0\u00a0\u00a0\u00a0\u00a0\u00a0\u00a0\u00a0\u00a0\u00a0\u00a0\u00a0\u00a0\u00a0\u00a0\u00a0\u00a0\u00a0\u00a0\u00a0\u00a0 60.-<\/p>\n<p>L\u00a0 \u00a0 \u00a0 \u00a0 \u00a0 \u00a0 \u00a0 \u00a0 \u00a0 \u00a0 \u00a0 \u00a0 \u00a0 \u00a0 \u00a0 \u00a088.-\u00a0\u00a0\u00a0\u00a0\u00a0\u00a0\u00a0\u00a0\u00a0\u00a0\u00a0\u00a0\u00a0\u00a0\u00a0\u00a0\u00a0\u00a0\u00a0\u00a0\u00a0\u00a0\u00a0\u00a0\u00a0\u00a0\u00a0\u00a0\u00a0\u00a0\u00a0\u00a0\u00a0 65.-<\/p>\n\n\t\t<style type=\"text\/css\">\n\t\t\t#gallery-1 {\n\t\t\t\tmargin: auto;\n\t\t\t}\n\t\t\t#gallery-1 .gallery-item {\n\t\t\t\tfloat: left;\n\t\t\t\tmargin-top: 10px;\n\t\t\t\ttext-align: center;\n\t\t\t\twidth: 33%;\n\t\t\t}\n\t\t\t#gallery-1 img {\n\t\t\t\tborder: 2px solid #cfcfcf;\n\t\t\t}\n\t\t\t#gallery-1 .gallery-caption {\n\t\t\t\tmargin-left: 0;\n\t\t\t}\n\t\t\t\/* see gallery_shortcode() in wp-includes\/media.php *\/\n\t\t<\/style>\n\t\t<div id='gallery-1' class='gallery galleryid-2 gallery-columns-3 gallery-size-thumbnail'><dl class='gallery-item'>\n\t\t\t<dt class='gallery-icon portrait'>\n\t\t\t\t<a href='https:\/\/larose-beauty.at\/shop\/verstaerkte_gellack\/'><img decoding=\"async\" width=\"150\" height=\"150\" src=\"https:\/\/larose-beauty.at\/wp-content\/uploads\/2024\/03\/verstaerkte_gellack-150x150.jpg\" class=\"attachment-thumbnail size-thumbnail\" alt=\"\" aria-describedby=\"gallery-1-3805\" srcset=\"https:\/\/larose-beauty.at\/wp-content\/uploads\/2024\/03\/verstaerkte_gellack-150x150.jpg 150w, https:\/\/larose-beauty.at\/wp-content\/uploads\/2024\/03\/verstaerkte_gellack-300x300.jpg 300w, https:\/\/larose-beauty.at\/wp-content\/uploads\/2024\/03\/verstaerkte_gellack-100x100.jpg 100w\" sizes=\"(max-width: 150px) 100vw, 150px\" \/><\/a>\n\t\t\t<\/dt>\n\t\t\t\t<dd class='wp-caption-text gallery-caption' id='gallery-1-3805'>\n\t\t\t\tverst\u00e4rkte Gel lack\n\t\t\t\t<\/dd><\/dl><dl class='gallery-item'>\n\t\t\t<dt class='gallery-icon landscape'>\n\t\t\t\t<a href='https:\/\/larose-beauty.at\/shop\/babyboomer\/'><img decoding=\"async\" width=\"150\" height=\"150\" src=\"https:\/\/larose-beauty.at\/wp-content\/uploads\/2024\/03\/babyboomer-150x150.jpg\" class=\"attachment-thumbnail size-thumbnail\" alt=\"\" aria-describedby=\"gallery-1-3807\" srcset=\"https:\/\/larose-beauty.at\/wp-content\/uploads\/2024\/03\/babyboomer-150x150.jpg 150w, https:\/\/larose-beauty.at\/wp-content\/uploads\/2024\/03\/babyboomer-300x300.jpg 300w, https:\/\/larose-beauty.at\/wp-content\/uploads\/2024\/03\/babyboomer-768x768.jpg 768w, https:\/\/larose-beauty.at\/wp-content\/uploads\/2024\/03\/babyboomer-100x100.jpg 100w, https:\/\/larose-beauty.at\/wp-content\/uploads\/2024\/03\/babyboomer-60x60.jpg 60w, https:\/\/larose-beauty.at\/wp-content\/uploads\/2024\/03\/babyboomer-90x90.jpg 90w, https:\/\/larose-beauty.at\/wp-content\/uploads\/2024\/03\/babyboomer.jpg 927w\" sizes=\"(max-width: 150px) 100vw, 150px\" \/><\/a>\n\t\t\t<\/dt>\n\t\t\t\t<dd class='wp-caption-text gallery-caption' id='gallery-1-3807'>\n\t\t\t\tBabyboomer\n\t\t\t\t<\/dd><\/dl><dl class='gallery-item'>\n\t\t\t<dt class='gallery-icon landscape'>\n\t\t\t\t<a href='https:\/\/larose-beauty.at\/shop\/vllcover\/'><img decoding=\"async\" width=\"150\" height=\"150\" src=\"https:\/\/larose-beauty.at\/wp-content\/uploads\/2024\/03\/vllcover-150x150.jpg\" class=\"attachment-thumbnail size-thumbnail\" alt=\"\" aria-describedby=\"gallery-1-3806\" srcset=\"https:\/\/larose-beauty.at\/wp-content\/uploads\/2024\/03\/vllcover-150x150.jpg 150w, https:\/\/larose-beauty.at\/wp-content\/uploads\/2024\/03\/vllcover-300x300.jpg 300w, https:\/\/larose-beauty.at\/wp-content\/uploads\/2024\/03\/vllcover-100x100.jpg 100w\" sizes=\"(max-width: 150px) 100vw, 150px\" \/><\/a>\n\t\t\t<\/dt>\n\t\t\t\t<dd class='wp-caption-text gallery-caption' id='gallery-1-3806'>\n\t\t\t\tRot Vollcover\n\t\t\t\t<\/dd><\/dl><br style=\"clear: both\" \/>\n\t\t<\/div>\n\n<p><span style=\"text-decoration: underline;\"><strong>VERST\u00c4RKTE GELLACK<\/strong><\/span><strong><span style=\"text-decoration: underline;\">IERUNG mit Manik\u00fcre\u00a0\u00a0\u00a0\u00a0<\/span>\u00a0\u00a0\u00a0\u00a0\u00a0\u00a0\u00a0\u00a0\u00a0\u00a0\u00a0\u00a0\u00a0\u00a0\u00a0\u00a0\u00a0\u00a0\u00a0\u00a0\u00a0\u00a0\u00a0\u00a0\u00a0\u00a0\u00a0\u00a0\u00a0\u00a0\u00a0\u00a0\u00a0\u00a0\u00a0\u00a0\u00a0\u00a0\u00a0\u00a0\u00a0\u00a0\u00a0\u00a0\u00a0\u00a0\u00a0\u00a0\u00a0\u00a0\u00a0 <\/strong><\/p>\n<p>XS-S\u00a0\u00a0 Natur: 50.-\u00a0\u00a0 Babyboomer: 53.-\u00a0\u00a0 Vollcover:\u00a0 55.-\u00a0\u00a0 French:\u00a0 55.-<\/p>\n<p>\/ NACH 4 WOCHEN + 10.-\/<\/p>\n<p><span style=\"text-decoration: underline;\"><strong>GEL LACK <\/strong><strong>mit Manik\u00fcre<\/strong><\/span><\/p>\n<p>XS\u00a0 -S\u00a0\u00a0 Natur oder Clear: 43.-\u00a0\u00a0 Vollcover:\u00a0 47.-\u00a0\u00a0 French:\u00a0 50.-<\/p>\n<p><span style=\"text-decoration: underline;\"><strong>FUSSN\u00c4GEL mit GEL LACK mit Manik\u00fcre<\/strong><\/span><\/p>\n<p>Vollcover:\u00a0 45.-\u00a0\u00a0 French:\u00a0 50.-<\/p>\n<p><span style=\"text-decoration: underline;\"><strong>MANIK\u00dcRE<\/strong><\/span><\/p>\n<p>Klassische Manik\u00fcre\u00a0\u00a0 25.-<\/p>\n<p>\u00a0\/N\u00e4gel schneiden, k\u00fcrzen, feilen, Nagelhaut entfernen und eincremen\/\u00a0<\/p>\n<p>M\u00e4nner Manik\u00fcre\u00a0\u00a0\u00a0\u00a0\u00a0 30.-<\/p>\n<p>\/N\u00e4gel schneiden, k\u00fcrzen, feilen, Polieren, Nagelhaut entfernen und eincremen\/\u00a0<\/p>\n<p>Nagellack entfernen\u00a0 1.-<\/p>\n<p>\u00a0<\/p>\n<p>FORM ODER L\u00c4NGE\u00c4NDERUNG , VERL\u00c4NGERUNG OHNE SHABLONE: +5:-<\/p>\n<p>NACHF\u00dcLLUNG NACH FREMDSTUDIO : +10.-<\/p>\n<p>KUNSTN\u00c4GEL ENTFERNEN : 15 &#8211; 25.-\u00a0\u00a0 MIT NEUES SET<\/p>\n<p>NAGELREPARATUR\u00a0\u00a0\u00a0 +10.-\u00a0\u00a0 \/\u00a0\u00a0 PFLASTER\u00a0\u00a0 +1.-<\/p>\n<p>N\u00c4GEL KORIGIEREN, N\u00c4GEL \u00a0AUSFR\u00c4SEN: +5.-<\/p>\n<p>FEILTECHNIK FRENCH + 20.-<\/p>\n<p>COLOR ODER GLITTER BOOMER + 5.-<\/p>\n<p>STEINCHEN AB 0.30.-\/STK\u00a0\u00a0\u00a0\u00a0 3 STK + PERLEN\u00a0 2.-\u00a0\u00a0\u00a0\u00a0\u00a0 5 STK + PERLEN\u00a0\u00a0 3.-<\/p>\n<p>CHROME, AURORA\u00a0\u00a0 PRO NAGEL\u00a0\u00a0 1.5- \/GLITTER PRO NAGEL\u00a0 0.50.- \/STEMPEL\u00a0 1.- \/ STICKER\u00a0 1.-<\/p>\n<p>HANDBEMALTE MOTIVE AB\u00a0 1.- BIS 5.-<\/p>\n<p>HANDMALEREI ONE STROKE,BLUMENMALEREI PRO NAGEL +5.-<\/p>\n<p>ACRYL ODER ACRYL GEL : +5.-<\/p>\n<p>KLEIN SERVICE-Verfeilen, k\u00fcrzen, Glanz Gel\u00a0 32.-<\/p>\n<p>\u00a0<\/p>\n<p><strong>\u00a0<\/strong><\/p>\n<p><\/p>\n<p><!--nextpage--><\/p>\n<p><\/p>\n<p><mark class=\"has-inline-color has-pale-pink-color\" style=\"background-color: rgba(0, 0, 0, 0);\">BEAUTY TO GO PREISLISTE<\/mark><\/p>\n<p><\/p>\n<div class=\"wp-block-group\"><div class=\"wp-block-group__inner-container is-layout-flow wp-block-group-is-layout-flow\">\n<p><\/p>\n<div class=\"wp-block-group\"><div class=\"wp-block-group__inner-container is-layout-flow wp-block-group-is-layout-flow\">\n<p><\/p>\n<p>Gesicht Harzen Komplett\u00a0 <mark class=\"has-inline-color has-pale-pink-color\" style=\"background-color: rgba(0, 0, 0, 0);\">24,00 \u20ac<\/mark><\/p>\n<p><\/p>\n<p>Oberlippe\/Kinn harzen\u00a0\u00a0 <mark class=\"has-inline-color has-pale-pink-color\" style=\"background-color: rgba(0, 0, 0, 0);\">8,50\u00a0 \u00a0\u20ac<\/mark><\/p>\n<p><\/p>\n<p>Augenbrauen zupfen\/harzen\u00a0 <mark class=\"has-inline-color has-pale-pink-color\" style=\"background-color: rgba(0, 0, 0, 0);\">9,00\u00a0\u00a0 \u20ac<\/mark><\/p>\n<p><\/p>\n<p>Augenbraun f\u00e4rben <mark class=\"has-inline-color has-pale-pink-color\" style=\"background-color: rgba(0, 0, 0, 0);\">8,00\u00a0 \u20ac<\/mark><\/p>\n<p><\/p>\n<p>Wimpern f\u00e4rben\u00a0 <mark class=\"has-inline-color has-pale-pink-color\" style=\"background-color: rgba(0, 0, 0, 0);\">9,50\u00a0\u00a0 \u20ac<\/mark><\/p>\n<p><\/p>\n<p>Augen Rundumservice <mark class=\"has-inline-color has-pale-pink-color\" style=\"background-color: rgba(0, 0, 0, 0);\">20,50 \u20ac<\/mark><\/p>\n<p><\/p>\n<ul class=\"wp-block-list\">\n<li style=\"list-style-type: none;\">\n<ul><\/ul>\n<\/li>\n<\/ul>\n<ul>\n<li style=\"list-style-type: none;\">\n<ul>\n<li>Augenbrauen harzen oder zupfen, Augenbrauen f\u00e4rben, Wimpern f\u00e4rben\u00a0\u00a0\u00a0\u00a0\u00a0\u00a0\u00a0\u00a0\u00a0\u00a0\u00a0\u00a0\u00a0\u00a0\u00a0\u00a0\u00a0\u00a0\u00a0\u00a0\u00a0\u00a0\u00a0\u00a0\u00a0\u00a0\u00a0\u00a0\u00a0\u00a0\u00a0\u00a0\u00a0\u00a0\u00a0\u00a0\u00a0\u00a0\u00a0\u00a0\u00a0\u00a0\u00a0\u00a0\u00a0\u00a0\u00a0\u00a0\u00a0\u00a0\u00a0\u00a0\u00a0\u00a0\u00a0\u00a0\u00a0\u00a0\u00a0\u00a0\u00a0\u00a0\u00a0\u00a0\u00a0\u00a0\u00a0\u00a0\u00a0\u00a0\u00a0\u00a0\u00a0\u00a0\u00a0\u00a0\u00a0\u00a0\u00a0\u00a0\u00a0\u00a0\u00a0\u00a0\u00a0<\/li>\n<\/ul>\n<\/li>\n<\/ul>\n<p><\/p>\n<p><\/p>\n<p><\/p>\n<\/div><\/div>\n<p><\/p>\n<\/div><\/div>\n<p><\/p>\n<p><\/p>\t\t\t\t\t\t\t\t<\/div>\n\t\t\t\t<\/div>\n\t\t\t\t<div class=\"elementor-element elementor-element-0796f82 elementor-widget elementor-widget-image\" data-id=\"0796f82\" data-element_type=\"widget\" data-e-type=\"widget\" data-widget_type=\"image.default\">\n\t\t\t\t<div class=\"elementor-widget-container\">\n\t\t\t\t\t\t\t\t\t\t\t\t\t\t\t<img loading=\"lazy\" decoding=\"async\" width=\"406\" height=\"296\" src=\"https:\/\/larose-beauty.at\/wp-content\/uploads\/2024\/03\/Fotolia_60192100_XS.jpg\" class=\"attachment-large size-large wp-image-3813\" alt=\"\" srcset=\"https:\/\/larose-beauty.at\/wp-content\/uploads\/2024\/03\/Fotolia_60192100_XS.jpg 406w, https:\/\/larose-beauty.at\/wp-content\/uploads\/2024\/03\/Fotolia_60192100_XS-300x219.jpg 300w, https:\/\/larose-beauty.at\/wp-content\/uploads\/2024\/03\/Fotolia_60192100_XS-82x60.jpg 82w, https:\/\/larose-beauty.at\/wp-content\/uploads\/2024\/03\/Fotolia_60192100_XS-123x90.jpg 123w\" sizes=\"(max-width: 406px) 100vw, 406px\" \/>\t\t\t\t\t\t\t\t\t\t\t\t\t\t\t<\/div>\n\t\t\t\t<\/div>\n\t\t\t\t\t<\/div>\n\t\t\t\t<\/div>\n\t\t\t\t<\/div>\n\t\t","protected":false},"excerpt":{"rendered":"<p>\u00a0 Preise inkl. 20% MwSt.\u00a0\u00a0 PREISLISTE\u00a0 \u00a0\u00a0\u00a0\u00a0\u00a0\u00a0\u00a0\u00a0\u00a0\u00a0\u00a0\u00a0\u00a0\u00a0\u00a0\u00a0\u00a0\u00a0\u00a0\u00a0\u00a0\u00a0\u00a0\u00a0\u00a0\u00a0\u00a0\u00a0\u00a0\u00a0\u00a0\u00a0 NACHF\u00dcLLUN ALLE 3 &#8211; 4\u00a0 WOCHEN. \u00a0\u00a0\u00a0\u00a0\u00a0\u00a0\u00a0\u00a0\u00a0\u00a0\u00a0\u00a0\u00a0\u00a0\u00a0\u00a0\u00a0\u00a0\u00a0\u00a0\u00a0\u00a0\u00a0\u00a0\u00a0\u00a0\u00a0\u00a0\u00a0\u00a0\u00a0\u00a0\u00a0\u00a0\u00a0\u00a0\u00a0\u00a0\u00a0\u00a0\u00a0\u00a0\u00a0\u00a0\u00a0\u00a0\u00a0\u00a0 NACH 4 W. + 10,-\u00a0\u00a0\u00a0\u00a0\u00a0 AB&hellip;<\/p>\n","protected":false},"author":1,"featured_media":0,"parent":0,"menu_order":4,"comment_status":"closed","ping_status":"open","template":"","meta":{"_monsterinsights_skip_tracking":false,"_monsterinsights_sitenote_active":false,"_monsterinsights_sitenote_note":"","_monsterinsights_sitenote_category":0,"_uf_show_specific_survey":0,"_uf_disable_surveys":false,"footnotes":""},"class_list":["post-2","page","type-page","status-publish","hentry"],"aioseo_notices":[],"jetpack_sharing_enabled":true,"_links":{"self":[{"href":"https:\/\/larose-beauty.at\/shop\/wp-json\/wp\/v2\/pages\/2","targetHints":{"allow":["GET"]}}],"collection":[{"href":"https:\/\/larose-beauty.at\/shop\/wp-json\/wp\/v2\/pages"}],"about":[{"href":"https:\/\/larose-beauty.at\/shop\/wp-json\/wp\/v2\/types\/page"}],"author":[{"embeddable":true,"href":"https:\/\/larose-beauty.at\/shop\/wp-json\/wp\/v2\/users\/1"}],"replies":[{"embeddable":true,"href":"https:\/\/larose-beauty.at\/shop\/wp-json\/wp\/v2\/comments?post=2"}],"version-history":[{"count":27,"href":"https:\/\/larose-beauty.at\/shop\/wp-json\/wp\/v2\/pages\/2\/revisions"}],"predecessor-version":[{"id":4183,"href":"https:\/\/larose-beauty.at\/shop\/wp-json\/wp\/v2\/pages\/2\/revisions\/4183"}],"wp:attachment":[{"href":"https:\/\/larose-beauty.at\/shop\/wp-json\/wp\/v2\/media?parent=2"}],"curies":[{"name":"wp","href":"https:\/\/api.w.org\/{rel}","templated":true}]}}